{"id":9256,"date":"2022-10-19T11:13:56","date_gmt":"2022-10-19T08:13:56","guid":{"rendered":"https:\/\/www.maxilla.ee\/?page_id=9256"},"modified":"2025-03-28T21:16:18","modified_gmt":"2025-03-28T19:16:18","slug":"hammaskorut","status":"publish","type":"page","link":"https:\/\/www.maxilla.ee\/fi\/palvelut\/esteettiset-palvelut\/hammaskorut\/","title":{"rendered":"Hammaskorut"},"content":{"rendered":"<p><div class=\"fusion-fullwidth fullwidth-box fusion-builder-row-1 fusion-flex-container has-pattern-background has-mask-background nonhundred-percent-fullwidth non-hundred-percent-height-scrolling\" style=\"--awb-border-radius-top-left:0px;--awb-border-radius-top-right:0px;--awb-border-radius-bottom-right:0px;--awb-border-radius-bottom-left:0px;--awb-flex-wrap:wrap;\" ><div class=\"fusion-builder-row fusion-row fusion-flex-align-items-flex-start fusion-flex-content-wrap\" style=\"max-width:1248px;margin-left: calc(-4% \/ 2 );margin-right: calc(-4% \/ 2 );\"><div class=\"fusion-layout-column fusion_builder_column fusion-builder-column-0 fusion_builder_column_1_1 1_1 fusion-flex-column\" style=\"--awb-bg-size:cover;--awb-width-large:100%;--awb-margin-top-large:0px;--awb-spacing-right-large:1.92%;--awb-margin-bottom-large:20px;--awb-spacing-left-large:1.92%;--awb-width-medium:100%;--awb-order-medium:0;--awb-spacing-right-medium:1.92%;--awb-spacing-left-medium:1.92%;--awb-width-small:100%;--awb-order-small:0;--awb-spacing-right-small:1.92%;--awb-spacing-left-small:1.92%;\"><div class=\"fusion-column-wrapper fusion-column-has-shadow fusion-flex-justify-content-flex-start fusion-content-layout-column\"><div class=\"fusion-title title fusion-title-1 fusion-sep-none fusion-title-text fusion-title-size-two\" style=\"--awb-text-color:var(--awb-custom10);--awb-margin-top-small:10px;--awb-margin-right-small:0px;--awb-margin-bottom-small:10px;--awb-margin-left-small:0px;\"><h2 class=\"fusion-title-heading title-heading-left fusion-responsive-typography-calculated\" style=\"margin:0;--fontSize:28;line-height:1.5;\">HAMMASKORUT<\/h2><\/div><\/div><\/div><\/div><\/div><div class=\"fusion-fullwidth fullwidth-box fusion-builder-row-2 fusion-flex-container has-pattern-background has-mask-background nonhundred-percent-fullwidth non-hundred-percent-height-scrolling\" style=\"--awb-border-radius-top-left:0px;--awb-border-radius-top-right:0px;--awb-border-radius-bottom-right:0px;--awb-border-radius-bottom-left:0px;--awb-flex-wrap:wrap;\" ><div class=\"fusion-builder-row fusion-row fusion-flex-align-items-flex-start fusion-flex-content-wrap\" style=\"max-width:1248px;margin-left: calc(-4% \/ 2 );margin-right: calc(-4% \/ 2 );\"><div class=\"fusion-layout-column fusion_builder_column fusion-builder-column-1 fusion_builder_column_3_5 3_5 fusion-flex-column\" style=\"--awb-bg-size:cover;--awb-width-large:60%;--awb-margin-top-large:0px;--awb-spacing-right-large:3.2%;--awb-margin-bottom-large:20px;--awb-spacing-left-large:3.2%;--awb-width-medium:100%;--awb-order-medium:0;--awb-spacing-right-medium:1.92%;--awb-spacing-left-medium:1.92%;--awb-width-small:100%;--awb-order-small:0;--awb-spacing-right-small:1.92%;--awb-spacing-left-small:1.92%;\"><div class=\"fusion-column-wrapper fusion-column-has-shadow fusion-flex-justify-content-flex-start fusion-content-layout-column\"><div class=\"fusion-text fusion-text-1\"><h2>Mit\u00e4 on hampaiden koristelu?<\/h2>\n<p>Hammaskorut ovat pieni\u00e4 kuvioita, jotka liimataan hampaaseen vahingoittamatta hammaskiillett\u00e4. Koru on noin 0,5 mm paksu, leveys ja pituus vaihtelevat (~2\u20133 mm). Koska hammaskoru on suhteellisen ohut, siihen tottuu melko nopeasti. Kuviovalikoimaan kuuluu muun muassa kultaisia syd\u00e4mi\u00e4, t\u00e4hti\u00e4, delfiinej\u00e4 jne. Hammaskoruja on saatavana jalometallina, pelkk\u00e4n\u00e4 kiven\u00e4 ja kiven\u00e4 sek\u00e4 jalometallina.<\/p>\n<h2>Miten hammaskoriste asennetaan?<\/h2>\n<p>Ennen kiinnityst\u00e4 hampaan pinta k\u00e4sitell\u00e4\u00e4n hapolla, mink\u00e4 j\u00e4lkeen hammaskoru kiinnitet\u00e4\u00e4n hampaaseen erityisell\u00e4 juoksevalla t\u00e4ytemateriaalilla. T\u00e4yteaine kovetetaan lampun avulla. Koko toimenpide kest\u00e4\u00e4 noin 15 minuuttia ja on t\u00e4ysin kivuton.<\/p>\n<\/div><\/div><\/div><div class=\"fusion-layout-column fusion_builder_column fusion-builder-column-2 fusion_builder_column_2_5 2_5 fusion-flex-column\" style=\"--awb-bg-size:cover;--awb-width-large:40%;--awb-margin-top-large:0px;--awb-spacing-right-large:4.8%;--awb-margin-bottom-large:20px;--awb-spacing-left-large:4.8%;--awb-width-medium:100%;--awb-order-medium:0;--awb-spacing-right-medium:1.92%;--awb-spacing-left-medium:1.92%;--awb-width-small:100%;--awb-order-small:0;--awb-spacing-right-small:1.92%;--awb-spacing-left-small:1.92%;\"><div class=\"fusion-column-wrapper fusion-column-has-shadow fusion-flex-justify-content-flex-start fusion-content-layout-column\"><div class=\"fusion-image-element \" style=\"--awb-caption-title-font-family:var(--h2_typography-font-family);--awb-caption-title-font-weight:var(--h2_typography-font-weight);--awb-caption-title-font-style:var(--h2_typography-font-style);--awb-caption-title-size:var(--h2_typography-font-size);--awb-caption-title-transform:var(--h2_typography-text-transform);--awb-caption-title-line-height:var(--h2_typography-line-height);--awb-caption-title-letter-spacing:var(--h2_typography-letter-spacing);\"><span class=\" fusion-imageframe imageframe-none imageframe-1 hover-type-none\"><img decoding=\"async\" width=\"612\" height=\"612\" alt=\"Hambakaunistus\" title=\"Close-up tooth piercing crystal isolated on a white background\" src=\"https:\/\/www.maxilla.ee\/wp-content\/uploads\/2022\/10\/Hambakaunistused.jpg\" class=\"img-responsive wp-image-9253\" srcset=\"https:\/\/www.maxilla.ee\/wp-content\/uploads\/2022\/10\/Hambakaunistused-200x200.jpg 200w, https:\/\/www.maxilla.ee\/wp-content\/uploads\/2022\/10\/Hambakaunistused-400x400.jpg 400w, https:\/\/www.maxilla.ee\/wp-content\/uploads\/2022\/10\/Hambakaunistused-600x600.jpg 600w, https:\/\/www.maxilla.ee\/wp-content\/uploads\/2022\/10\/Hambakaunistused.jpg 612w\" sizes=\"(max-width: 1024px) 100vw, (max-width: 640px) 100vw, 600px\" \/><\/span><\/div><\/div><\/div><\/div><\/div><div class=\"fusion-fullwidth fullwidth-box fusion-builder-row-3 fusion-flex-container has-pattern-background has-mask-background nonhundred-percent-fullwidth non-hundred-percent-height-scrolling\" style=\"--awb-border-radius-top-left:0px;--awb-border-radius-top-right:0px;--awb-border-radius-bottom-right:0px;--awb-border-radius-bottom-left:0px;--awb-flex-wrap:wrap;\" ><div class=\"fusion-builder-row fusion-row fusion-flex-align-items-flex-start fusion-flex-content-wrap\" style=\"max-width:1248px;margin-left: calc(-4% \/ 2 );margin-right: calc(-4% \/ 2 );\"><div class=\"fusion-layout-column fusion_builder_column fusion-builder-column-3 fusion_builder_column_1_1 1_1 fusion-flex-column\" style=\"--awb-bg-size:cover;--awb-width-large:100%;--awb-margin-top-large:0px;--awb-spacing-right-large:1.92%;--awb-margin-bottom-large:20px;--awb-spacing-left-large:1.92%;--awb-width-medium:100%;--awb-order-medium:0;--awb-spacing-right-medium:1.92%;--awb-spacing-left-medium:1.92%;--awb-width-small:100%;--awb-order-small:0;--awb-spacing-right-small:1.92%;--awb-spacing-left-small:1.92%;\"><div class=\"fusion-column-wrapper fusion-column-has-shadow fusion-flex-justify-content-flex-start fusion-content-layout-column\"><div class=\"fusion-text fusion-text-2\"><h2 data-fontsize=\"28\" style=\"--fontSize: 28; line-height: 1.5;\" data-lineheight=\"42px\" class=\"fusion-responsive-typography-calculated\">Miten hampaiden koristelu poistetaan?<\/h2>\n<p>Jos haluat poistaa korun my\u00f6hemmin, siihen kuluu hammasl\u00e4\u00e4k\u00e4riss\u00e4 vain 15 minuuttia. Hammaskoru poistetaan hampaan pinnalta erityisten hiomaporien ja kiillotuslevyjen avulla. Hampaan pinta pysyy sile\u00e4n\u00e4 ja ehj\u00e4n\u00e4 my\u00f6s korun poistamisen j\u00e4lkeen.<\/p>\n<h2 data-fontsize=\"28\" style=\"--fontSize: 28; line-height: 1.5;\" data-lineheight=\"42px\" class=\"fusion-responsive-typography-calculated\">Kuinka kauan hampaiden koristelu kest\u00e4\u00e4?<\/h2>\n<p>Teoriassa oikein asennetun ja huolletun hammaskorun pit\u00e4isi kest\u00e4\u00e4 vuosia, mutta huolimattomuus (esim. kovan ruoan pureskelu, vammat jne.) voi irrottaa sen liian aikaisin. Jos hammaskorun takapinta on ehj\u00e4 ja vanha koru on hyv\u00e4ss\u00e4 kunnossa, se voidaan yleens\u00e4 haluttaessa liimata takaisin paikoilleen.<\/p>\n<h2 data-fontsize=\"28\" style=\"--fontSize: 28; line-height: 1.5;\" data-lineheight=\"42px\" class=\"fusion-responsive-typography-calculated\">Hampaiden koristelun hinta<\/h2>\n<p>Hammaskoristeen asennuksen hinta koostuu asennusmaksusta sek\u00e4 koristelun hinnasta. Hinta riippuu siit\u00e4, kuinka paljon kuviossa on jalometallia ja kuinka arvokas kivi on. Katso tarkemmat tiedot <a href=\"https:\/\/www.maxilla.ee\/fi\/hinnasto\/\">hinnastosta<\/a> (estetiikka\/hygienia).<\/p>\n<p><a href=\"https:\/\/patsient.maxilla.ee\/fi\/booking\/portal\/index\">Varaa aika<\/a> k\u00e4tev\u00e4sti online-varausj\u00e4rjestelm\u00e4st\u00e4mme!<\/p>\n<\/div><\/div><\/div><\/div><\/div><\/p>\n","protected":false},"excerpt":{"rendered":"","protected":false},"author":9,"featured_media":0,"parent":10197,"menu_order":0,"comment_status":"closed","ping_status":"closed","template":"","meta":{"footnotes":""},"class_list":["post-9256","page","type-page","status-publish","hentry"],"_links":{"self":[{"href":"https:\/\/www.maxilla.ee\/fi\/wp-json\/wp\/v2\/pages\/9256","targetHints":{"allow":["GET"]}}],"collection":[{"href":"https:\/\/www.maxilla.ee\/fi\/wp-json\/wp\/v2\/pages"}],"about":[{"href":"https:\/\/www.maxilla.ee\/fi\/wp-json\/wp\/v2\/types\/page"}],"author":[{"embeddable":true,"href":"https:\/\/www.maxilla.ee\/fi\/wp-json\/wp\/v2\/users\/9"}],"replies":[{"embeddable":true,"href":"https:\/\/www.maxilla.ee\/fi\/wp-json\/wp\/v2\/comments?post=9256"}],"version-history":[{"count":13,"href":"https:\/\/www.maxilla.ee\/fi\/wp-json\/wp\/v2\/pages\/9256\/revisions"}],"predecessor-version":[{"id":15808,"href":"https:\/\/www.maxilla.ee\/fi\/wp-json\/wp\/v2\/pages\/9256\/revisions\/15808"}],"up":[{"embeddable":true,"href":"https:\/\/www.maxilla.ee\/fi\/wp-json\/wp\/v2\/pages\/10197"}],"wp:attachment":[{"href":"https:\/\/www.maxilla.ee\/fi\/wp-json\/wp\/v2\/media?parent=9256"}],"curies":[{"name":"wp","href":"https:\/\/api.w.org\/{rel}","templated":true}]}}