{"id":9245,"date":"2022-10-19T10:48:59","date_gmt":"2022-10-19T07:48:59","guid":{"rendered":"https:\/\/www.maxilla.ee\/?page_id=9245"},"modified":"2025-03-28T21:12:37","modified_gmt":"2025-03-28T19:12:37","slug":"blancone-led-valkaisu","status":"publish","type":"page","link":"https:\/\/www.maxilla.ee\/fi\/palvelut\/esteettiset-palvelut\/blancone-led-valkaisu\/","title":{"rendered":"BlancOne LED-valkaisu"},"content":{"rendered":"<p><div class=\"fusion-fullwidth fullwidth-box fusion-builder-row-1 fusion-flex-container has-pattern-background has-mask-background nonhundred-percent-fullwidth non-hundred-percent-height-scrolling\" style=\"--awb-border-radius-top-left:0px;--awb-border-radius-top-right:0px;--awb-border-radius-bottom-right:0px;--awb-border-radius-bottom-left:0px;--awb-flex-wrap:wrap;\" ><div class=\"fusion-builder-row fusion-row fusion-flex-align-items-flex-start fusion-flex-content-wrap\" style=\"max-width:1248px;margin-left: calc(-4% \/ 2 );margin-right: calc(-4% \/ 2 );\"><div class=\"fusion-layout-column fusion_builder_column fusion-builder-column-0 fusion_builder_column_1_1 1_1 fusion-flex-column\" style=\"--awb-bg-size:cover;--awb-width-large:100%;--awb-margin-top-large:0px;--awb-spacing-right-large:1.92%;--awb-margin-bottom-large:20px;--awb-spacing-left-large:1.92%;--awb-width-medium:100%;--awb-order-medium:0;--awb-spacing-right-medium:1.92%;--awb-spacing-left-medium:1.92%;--awb-width-small:100%;--awb-order-small:0;--awb-spacing-right-small:1.92%;--awb-spacing-left-small:1.92%;\"><div class=\"fusion-column-wrapper fusion-column-has-shadow fusion-flex-justify-content-flex-start fusion-content-layout-column\"><div class=\"fusion-title title fusion-title-1 fusion-sep-none fusion-title-text fusion-title-size-two fusion-animated\" style=\"--awb-text-color:var(--awb-custom10);--awb-margin-top-small:10px;--awb-margin-right-small:0px;--awb-margin-bottom-small:10px;--awb-margin-left-small:0px;\" data-animationType=\"fadeInLeft\" data-animationDuration=\"1.3\" data-animationOffset=\"top-into-view\"><h2 class=\"fusion-title-heading title-heading-left fusion-responsive-typography-calculated\" style=\"margin:0;--fontSize:28;line-height:1.5;\"><h1>BlancOne LED-valkaisu<\/h1><\/h2><\/div><\/div><\/div><\/div><\/div><div class=\"fusion-fullwidth fullwidth-box fusion-builder-row-2 fusion-flex-container has-pattern-background has-mask-background nonhundred-percent-fullwidth non-hundred-percent-height-scrolling\" style=\"--awb-border-radius-top-left:0px;--awb-border-radius-top-right:0px;--awb-border-radius-bottom-right:0px;--awb-border-radius-bottom-left:0px;--awb-flex-wrap:wrap;\" ><div class=\"fusion-builder-row fusion-row fusion-flex-align-items-flex-start fusion-flex-content-wrap\" style=\"max-width:1248px;margin-left: calc(-4% \/ 2 );margin-right: calc(-4% \/ 2 );\"><div class=\"fusion-layout-column fusion_builder_column fusion-builder-column-1 fusion_builder_column_1_2 1_2 fusion-flex-column fusion-animated\" style=\"--awb-bg-size:cover;--awb-width-large:50%;--awb-margin-top-large:0px;--awb-spacing-right-large:3.84%;--awb-margin-bottom-large:20px;--awb-spacing-left-large:3.84%;--awb-width-medium:100%;--awb-order-medium:0;--awb-spacing-right-medium:1.92%;--awb-spacing-left-medium:1.92%;--awb-width-small:100%;--awb-order-small:0;--awb-spacing-right-small:1.92%;--awb-spacing-left-small:1.92%;\" data-animationType=\"fadeInLeft\" data-animationDuration=\"1.3\" data-animationOffset=\"top-into-view\"><div class=\"fusion-column-wrapper fusion-column-has-shadow fusion-flex-justify-content-flex-start fusion-content-layout-column\"><div class=\"fusion-text fusion-text-1 fusion-animated\" data-animationType=\"fadeInLeft\" data-animationDuration=\"1.3\" data-animationOffset=\"top-into-view\"><p><strong class=\"important\" style=\"background-color: rgba(255, 255, 255, 0); font-family: Lato; font-size: 24px; letter-spacing: var(--body_typography-letter-spacing); font-weight: 400; line-height: 36px; color: var(--awb-custom10);\" data-fusion-font=\"true\" data-fusion-google-font=\"Lato\" data-fusion-google-variant=\"400\">Mik\u00e4 on BlancOne-valkaisuj\u00e4rjestelm\u00e4?<\/strong><\/p>\n<p>BlancOne on italialaisen valmistajan ammattimainen hampaidenvalkaisuj\u00e4rjestelm\u00e4, joka perustuu <b>uuteen patentoituun valokemialliseen teknologiaan. <\/b><\/p>\n<p>Kyseinen j\u00e4rjestelm\u00e4 on kehitetty yhteisty\u00f6ss\u00e4 tutkijoiden kanssa l\u00e4hes 15 vuotta kest\u00e4neen tutkimusty\u00f6n ja testiprosessin tuloksena. Valokemiallinen reaktio on reaktio, joka tapahtuu valon absorption seurauksena. Valokvantti antaa molekyylille riitt\u00e4v\u00e4sti energiaa muuttaakseen sen reagointikykyiseksi, ja sen j\u00e4lkeen aine hajoaa valoenergian vaikutuksesta.<\/p>\n<\/p>\n<p><b>BlancOnen edut:<\/b><\/p>\n<\/div><ul style=\"--awb-line-height:27.2px;--awb-icon-width:27.2px;--awb-icon-height:27.2px;--awb-icon-margin:11.2px;--awb-content-margin:38.4px;--awb-circlecolor:#1a80b6;--awb-circle-yes-font-size:14.08px;\" class=\"fusion-checklist fusion-checklist-1 fusion-checklist-default fusion-checklist-divider type-icons\"><li class=\"fusion-li-item\" style=\"\"><span class=\"icon-wrapper circle-yes\"><i class=\"fusion-li-icon fa-tooth fas\" aria-hidden=\"true\"><\/i><\/span><div class=\"fusion-li-item-content\">\n<p><strong>NOPEA<\/strong> \u2013 enint\u00e4\u00e4n 45 minuuttia<\/p>\n<\/div><\/li><li class=\"fusion-li-item\" style=\"\"><span class=\"icon-wrapper circle-yes\"><i class=\"fusion-li-icon fa-tooth fas\" aria-hidden=\"true\"><\/i><\/span><div class=\"fusion-li-item-content\">\n<p><strong>TURVALLINEN<\/strong> \u2013 kivuton potilaalle<\/p>\n<\/div><\/li><li class=\"fusion-li-item\" style=\"\"><span class=\"icon-wrapper circle-yes\"><i class=\"fusion-li-icon fa-tooth fas\" aria-hidden=\"true\"><\/i><\/span><div class=\"fusion-li-item-content\">\n<p><strong>TEHOKAS<\/strong> \u2013 patentoitu teknologia<\/p>\n<\/div><\/li><li class=\"fusion-li-item\" style=\"\"><span class=\"icon-wrapper circle-yes\"><i class=\"fusion-li-icon fa-tooth fas\" aria-hidden=\"true\"><\/i><\/span><div class=\"fusion-li-item-content\">\n<p><strong>2 IN 1<\/strong> \u2013 puhdistus ja hampaiden valkaisu<\/p>\n<\/div><\/li><li class=\"fusion-li-item\" style=\"\"><span class=\"icon-wrapper circle-yes\"><i class=\"fusion-li-icon fa-tooth fas\" aria-hidden=\"true\"><\/i><\/span><div class=\"fusion-li-item-content\">\n<p><strong>Ei vaadi iengeelin eik\u00e4 kofferdamin k\u00e4ytt\u00f6\u00e4.<\/strong><\/p>\n<\/div><\/li><\/ul><\/div><\/div><div class=\"fusion-layout-column fusion_builder_column fusion-builder-column-2 fusion_builder_column_1_2 1_2 fusion-flex-column\" style=\"--awb-bg-size:cover;--awb-width-large:50%;--awb-margin-top-large:0px;--awb-spacing-right-large:3.84%;--awb-margin-bottom-large:20px;--awb-spacing-left-large:3.84%;--awb-width-medium:100%;--awb-order-medium:0;--awb-spacing-right-medium:1.92%;--awb-spacing-left-medium:1.92%;--awb-width-small:100%;--awb-order-small:0;--awb-spacing-right-small:1.92%;--awb-spacing-left-small:1.92%;\"><div class=\"fusion-column-wrapper fusion-column-has-shadow fusion-flex-justify-content-flex-start fusion-content-layout-column\"><div class=\"fusion-image-element \" style=\"--awb-caption-title-font-family:var(--h2_typography-font-family);--awb-caption-title-font-weight:var(--h2_typography-font-weight);--awb-caption-title-font-style:var(--h2_typography-font-style);--awb-caption-title-size:var(--h2_typography-font-size);--awb-caption-title-transform:var(--h2_typography-text-transform);--awb-caption-title-line-height:var(--h2_typography-line-height);--awb-caption-title-letter-spacing:var(--h2_typography-letter-spacing);\"><span class=\" fusion-imageframe imageframe-none imageframe-1 hover-type-none fusion-animated\" data-animationType=\"fadeInRight\" data-animationDuration=\"1.3\" data-animationOffset=\"top-into-view\"><img decoding=\"async\" width=\"769\" height=\"720\" alt=\"Hammaste valgendamine Maxilla\" title=\"Hammaste valgendamine Maxilla\" src=\"https:\/\/www.maxilla.ee\/wp-content\/uploads\/2022\/10\/Hammaste-valgendamine-Maxilla.jpg\" class=\"img-responsive wp-image-9237\" srcset=\"https:\/\/www.maxilla.ee\/wp-content\/uploads\/2022\/10\/Hammaste-valgendamine-Maxilla-200x187.jpg 200w, https:\/\/www.maxilla.ee\/wp-content\/uploads\/2022\/10\/Hammaste-valgendamine-Maxilla-400x375.jpg 400w, https:\/\/www.maxilla.ee\/wp-content\/uploads\/2022\/10\/Hammaste-valgendamine-Maxilla-600x562.jpg 600w, https:\/\/www.maxilla.ee\/wp-content\/uploads\/2022\/10\/Hammaste-valgendamine-Maxilla.jpg 769w\" sizes=\"(max-width: 1024px) 100vw, (max-width: 640px) 100vw, 600px\" \/><\/span><\/div><\/div><\/div><\/div><\/div><div class=\"fusion-fullwidth fullwidth-box fusion-builder-row-3 fusion-flex-container has-pattern-background has-mask-background nonhundred-percent-fullwidth non-hundred-percent-height-scrolling\" style=\"--awb-border-radius-top-left:0px;--awb-border-radius-top-right:0px;--awb-border-radius-bottom-right:0px;--awb-border-radius-bottom-left:0px;--awb-flex-wrap:wrap;\" ><div class=\"fusion-builder-row fusion-row fusion-flex-align-items-flex-start fusion-flex-content-wrap\" style=\"max-width:1248px;margin-left: calc(-4% \/ 2 );margin-right: calc(-4% \/ 2 );\"><div class=\"fusion-layout-column fusion_builder_column fusion-builder-column-3 fusion_builder_column_1_1 1_1 fusion-flex-column\" style=\"--awb-bg-size:cover;--awb-width-large:100%;--awb-margin-top-large:0px;--awb-spacing-right-large:1.92%;--awb-margin-bottom-large:20px;--awb-spacing-left-large:1.92%;--awb-width-medium:100%;--awb-order-medium:0;--awb-spacing-right-medium:1.92%;--awb-spacing-left-medium:1.92%;--awb-width-small:100%;--awb-order-small:0;--awb-spacing-right-small:1.92%;--awb-spacing-left-small:1.92%;\"><div class=\"fusion-column-wrapper fusion-column-has-shadow fusion-flex-justify-content-flex-start fusion-content-layout-column\"><div class=\"fusion-text fusion-text-2\"><h2 class=\"\" style=\"--fontsize: 28; line-height: 1.5;\" data-fontsize=\"28\" data-lineheight=\"42px\"> <\/h2>\n<h2 class=\"\" style=\"--fontsize: 28; line-height: 1.5;\" data-fontsize=\"28\" data-lineheight=\"42px\"><span style=\"color: var(--awb-custom10);\">Onko BlancOne-valkaisuj\u00e4rjestelm\u00e4 turvallinen?<\/span><\/h2>\n<p><b>BlancOne Click- ja Touch -valkaisugeelit sis\u00e4lt\u00e4v\u00e4t vain 5,6 % vetyperoksidia<\/b>, jonka my\u00f6s <b>Viron terveysvirasto on hyv\u00e4ksynyt k\u00e4ytett\u00e4v\u00e4ksi hampaiden valkaisuun<\/b>. Vetyperoksidin lis\u00e4ksi valkaisugeeli sis\u00e4lt\u00e4\u00e4 kahta muuta ainesosaa, jotka tekev\u00e4t BlancOne-geeleist\u00e4 huomattavasti tehokkaampia ja turvallisempia kuin muut t\u00e4h\u00e4n menness\u00e4 saatavilla olleet valkaisugeelit. Hampaiden valkaisu on potilaille nyt nopeampaa ja turvallisempaa kuin koskaan aiemmin. BlancOne-valkaisun aikana ja sen j\u00e4lkeen potilaat kokevat vain v\u00e4h\u00e4n ep\u00e4mukavuutta.<\/p>\n<h2 style=\"color: var(--awb-custom10); --fontsize: 28; line-height: 1.5;\" data-fontsize=\"28\" data-lineheight=\"42px\">Mik\u00e4 tekee BlancOne-valkaisugeelist\u00e4 niin tehokkaan ja turvallisen?<\/h2>\n<p style=\"color: var(--awb-color5); --fontsize: 28; line-height: 1.5;\"><span style=\"background-color: rgba(255, 255, 255, 0); color: var(--body_typography-color); font-family: var(--body_typography-font-family); font-size: var(--body_typography-font-size); font-style: var(--body_typography-font-style,normal); font-weight: var(--body_typography-font-weight); letter-spacing: var(--body_typography-letter-spacing);\">BlancOne-geeli sis\u00e4lt\u00e4\u00e4 valoherkki\u00e4 v\u00e4riaineita, jotka aktivoituvat vain, kun k\u00e4ytet\u00e4\u00e4n erityist\u00e4 BlancOne-valkaisulamppua. Valkaisulampussa on erityiset aallonpituudet, jotka nopeuttavat geelin aktivoitumista.<\/span><\/p>\n<h2 style=\"color: var(--awb-color5); --fontsize: 28; line-height: 1.5; --fontSize: 28;\" data-fontsize=\"28\" data-lineheight=\"42px\" class=\"fusion-responsive-typography-calculated\"><span style=\"background-color: rgba(255, 255, 255, 0); color: var(--awb-color5); font-family: var(--body_typography-font-family); font-size: var(--body_typography-font-size); font-style: var(--body_typography-font-style,normal); font-weight: var(--body_typography-font-weight); letter-spacing: var(--body_typography-letter-spacing);\"><span style=\"color: var(--awb-custom10); font-family: Lato; font-weight: 400; font-size: 28px;\" data-fusion-font=\"true\" data-fusion-google-font=\"Lato\" data-fusion-google-variant=\"400\">Miten <\/span><span style=\"font-family: Lato; font-weight: 400; font-size: 28px; color: var(--awb-custom10);\" data-fusion-font=\"true\" data-fusion-google-font=\"Lato\" data-fusion-google-variant=\"400\">BlancOne-valkaisuj\u00e4rjestelm\u00e4 toimii?<\/span><\/span><\/h2>\n<p>BlancOne-hampaidenvalkaisulamppu <b>k\u00e4ytt\u00e4\u00e4 LED-valonl\u00e4hdett\u00e4<\/b>, joka s\u00e4teilee kirkasta sinist\u00e4 valoa, ja jossa on erityiset aallonpituudet (430\u2013490 nm). Kyseisen reaktion seurauksena vapautuu valoenergiahiukkasia eli fotoneja, jotka nopeuttavat l\u00e4mp\u00f6tilan nousua geeliss\u00e4, jolloin peroksidin hajoamisprosessi on huomattavasti nopeampi. Geeli sis\u00e4lt\u00e4\u00e4 my\u00f6s katalysaattoreita, jotka puolestaan syntetisoivat energiaa, jonka j\u00e4lkeen k\u00e4ynnistyy hypernopea peroksidin hajottamisen ketjureaktio. Kaikki t\u00e4m\u00e4 nopeuttaa hampaiden valkaisuprosessia.<\/p>\n<p>Valkaisun j\u00e4lkeen <b>BlancOne <\/b>tarjoaa <b>ammattimaisia itsehoitotuotteita<\/b>, jotta potilaan tulos olisi viel\u00e4kin pitk\u00e4kestoisempi.<\/p>\n<\/p>\n<p><b>Ennen ja j\u00e4lkeen BlancOne-valkaisun:<\/b><\/p>\n<\/div><\/div><\/div><\/div><\/div><div class=\"fusion-fullwidth fullwidth-box fusion-builder-row-4 fusion-flex-container has-pattern-background has-mask-background nonhundred-percent-fullwidth non-hundred-percent-height-scrolling\" style=\"--awb-border-radius-top-left:0px;--awb-border-radius-top-right:0px;--awb-border-radius-bottom-right:0px;--awb-border-radius-bottom-left:0px;--awb-flex-wrap:wrap;\" ><div class=\"fusion-builder-row fusion-row fusion-flex-align-items-flex-start fusion-flex-content-wrap\" style=\"max-width:1248px;margin-left: calc(-4% \/ 2 );margin-right: calc(-4% \/ 2 );\"><div class=\"fusion-layout-column fusion_builder_column fusion-builder-column-4 fusion_builder_column_1_1 1_1 fusion-flex-column\" style=\"--awb-bg-size:cover;--awb-width-large:100%;--awb-margin-top-large:0px;--awb-spacing-right-large:1.92%;--awb-margin-bottom-large:20px;--awb-spacing-left-large:1.92%;--awb-width-medium:100%;--awb-order-medium:0;--awb-spacing-right-medium:1.92%;--awb-spacing-left-medium:1.92%;--awb-width-small:100%;--awb-order-small:0;--awb-spacing-right-small:1.92%;--awb-spacing-left-small:1.92%;\"><div class=\"fusion-column-wrapper fusion-column-has-shadow fusion-flex-justify-content-flex-start fusion-content-layout-column\"><div class=\"fusion-image-element \" style=\"--awb-caption-title-font-family:var(--h2_typography-font-family);--awb-caption-title-font-weight:var(--h2_typography-font-weight);--awb-caption-title-font-style:var(--h2_typography-font-style);--awb-caption-title-size:var(--h2_typography-font-size);--awb-caption-title-transform:var(--h2_typography-text-transform);--awb-caption-title-line-height:var(--h2_typography-line-height);--awb-caption-title-letter-spacing:var(--h2_typography-letter-spacing);\"><span class=\" fusion-imageframe imageframe-none imageframe-2 hover-type-none\"><img decoding=\"async\" width=\"1200\" height=\"289\" alt=\"Hammaste valgendamine enne-p\u00e4rast\" title=\"Hammaste valgendamine enne-p\u00e4rast\" src=\"https:\/\/www.maxilla.ee\/wp-content\/uploads\/2022\/10\/Hammaste-valgendamine-enne-parast.jpg\" class=\"img-responsive wp-image-9242\" srcset=\"https:\/\/www.maxilla.ee\/wp-content\/uploads\/2022\/10\/Hammaste-valgendamine-enne-parast-200x48.jpg 200w, https:\/\/www.maxilla.ee\/wp-content\/uploads\/2022\/10\/Hammaste-valgendamine-enne-parast-400x96.jpg 400w, https:\/\/www.maxilla.ee\/wp-content\/uploads\/2022\/10\/Hammaste-valgendamine-enne-parast-600x145.jpg 600w, https:\/\/www.maxilla.ee\/wp-content\/uploads\/2022\/10\/Hammaste-valgendamine-enne-parast-800x193.jpg 800w, https:\/\/www.maxilla.ee\/wp-content\/uploads\/2022\/10\/Hammaste-valgendamine-enne-parast.jpg 1200w\" sizes=\"(max-width: 1024px) 100vw, (max-width: 640px) 100vw, 1200px\" \/><\/span><\/div><\/div><\/div><\/div><\/div><div class=\"fusion-fullwidth fullwidth-box fusion-builder-row-5 fusion-flex-container has-pattern-background has-mask-background nonhundred-percent-fullwidth non-hundred-percent-height-scrolling\" style=\"--awb-border-radius-top-left:0px;--awb-border-radius-top-right:0px;--awb-border-radius-bottom-right:0px;--awb-border-radius-bottom-left:0px;--awb-flex-wrap:wrap;\" ><div class=\"fusion-builder-row fusion-row fusion-flex-align-items-flex-start fusion-flex-content-wrap\" style=\"max-width:1248px;margin-left: calc(-4% \/ 2 );margin-right: calc(-4% \/ 2 );\"><div class=\"fusion-layout-column fusion_builder_column fusion-builder-column-5 fusion_builder_column_1_1 1_1 fusion-flex-column\" style=\"--awb-bg-size:cover;--awb-width-large:100%;--awb-margin-top-large:0px;--awb-spacing-right-large:1.92%;--awb-margin-bottom-large:20px;--awb-spacing-left-large:1.92%;--awb-width-medium:100%;--awb-order-medium:0;--awb-spacing-right-medium:1.92%;--awb-spacing-left-medium:1.92%;--awb-width-small:100%;--awb-order-small:0;--awb-spacing-right-small:1.92%;--awb-spacing-left-small:1.92%;\"><div class=\"fusion-column-wrapper fusion-column-has-shadow fusion-flex-justify-content-flex-start fusion-content-layout-column\"><div class=\"fusion-text fusion-text-3\"><p>&nbsp;<\/p>\n<p>&nbsp;<\/p>\n<p><strong>BlancOne LED-valkaisua tehd\u00e4\u00e4n Tallinnan Rotermannin ja Tarton klinikoilla. <\/strong><\/p>\n<p><strong>Varaa aika soittamalla numeroon +372 6 232 302 (Tallinna) tai +372 7 371 100 (Tartto) tai varaamalla <\/strong><a href=\"https:\/\/patsient.maxilla.ee\/fi\/booking\/portal\/index\"><strong>online-varausj\u00e4rjestelm\u00e4ss\u00e4.<\/strong><\/a><\/p>\n<\/div><\/div><\/div><\/div><\/div><\/p>\n","protected":false},"excerpt":{"rendered":"","protected":false},"author":9,"featured_media":0,"parent":10197,"menu_order":0,"comment_status":"closed","ping_status":"closed","template":"","meta":{"footnotes":""},"class_list":["post-9245","page","type-page","status-publish","hentry"],"_links":{"self":[{"href":"https:\/\/www.maxilla.ee\/fi\/wp-json\/wp\/v2\/pages\/9245","targetHints":{"allow":["GET"]}}],"collection":[{"href":"https:\/\/www.maxilla.ee\/fi\/wp-json\/wp\/v2\/pages"}],"about":[{"href":"https:\/\/www.maxilla.ee\/fi\/wp-json\/wp\/v2\/types\/page"}],"author":[{"embeddable":true,"href":"https:\/\/www.maxilla.ee\/fi\/wp-json\/wp\/v2\/users\/9"}],"replies":[{"embeddable":true,"href":"https:\/\/www.maxilla.ee\/fi\/wp-json\/wp\/v2\/comments?post=9245"}],"version-history":[{"count":8,"href":"https:\/\/www.maxilla.ee\/fi\/wp-json\/wp\/v2\/pages\/9245\/revisions"}],"predecessor-version":[{"id":15803,"href":"https:\/\/www.maxilla.ee\/fi\/wp-json\/wp\/v2\/pages\/9245\/revisions\/15803"}],"up":[{"embeddable":true,"href":"https:\/\/www.maxilla.ee\/fi\/wp-json\/wp\/v2\/pages\/10197"}],"wp:attachment":[{"href":"https:\/\/www.maxilla.ee\/fi\/wp-json\/wp\/v2\/media?parent=9245"}],"curies":[{"name":"wp","href":"https:\/\/api.w.org\/{rel}","templated":true}]}}