{"id":9215,"date":"2022-10-19T09:35:26","date_gmt":"2022-10-19T06:35:26","guid":{"rendered":"https:\/\/www.maxilla.ee\/?page_id=9215"},"modified":"2022-10-19T09:43:53","modified_gmt":"2022-10-19T06:43:53","slug":"invisalign-nakymaton-vaihtoehto-hammasraudoille","status":"publish","type":"page","link":"https:\/\/www.maxilla.ee\/fi\/invisalign-nakymaton-vaihtoehto-hammasraudoille\/","title":{"rendered":"Invisalign \u2013 n\u00e4kym\u00e4t\u00f6n vaihtoehto hammasraudoille"},"content":{"rendered":"<p><div class=\"fusion-fullwidth fullwidth-box fusion-builder-row-1 fusion-flex-container has-pattern-background has-mask-background nonhundred-percent-fullwidth non-hundred-percent-height-scrolling\" style=\"--awb-border-radius-top-left:0px;--awb-border-radius-top-right:0px;--awb-border-radius-bottom-right:0px;--awb-border-radius-bottom-left:0px;--awb-flex-wrap:wrap;\" ><div class=\"fusion-builder-row fusion-row fusion-flex-align-items-flex-start fusion-flex-content-wrap\" style=\"max-width:1248px;margin-left: calc(-4% \/ 2 );margin-right: calc(-4% \/ 2 );\"><div class=\"fusion-layout-column fusion_builder_column fusion-builder-column-0 fusion_builder_column_1_1 1_1 fusion-flex-column\" style=\"--awb-bg-size:cover;--awb-width-large:100%;--awb-margin-top-large:0px;--awb-spacing-right-large:1.92%;--awb-margin-bottom-large:20px;--awb-spacing-left-large:1.92%;--awb-width-medium:100%;--awb-order-medium:0;--awb-spacing-right-medium:1.92%;--awb-spacing-left-medium:1.92%;--awb-width-small:100%;--awb-order-small:0;--awb-spacing-right-small:1.92%;--awb-spacing-left-small:1.92%;\"><div class=\"fusion-column-wrapper fusion-column-has-shadow fusion-flex-justify-content-flex-start fusion-content-layout-column\"><div class=\"fusion-title title fusion-title-1 fusion-sep-none fusion-title-text fusion-title-size-one\" style=\"--awb-text-color:var(--awb-color5);--awb-margin-top-small:10px;--awb-margin-right-small:0px;--awb-margin-bottom-small:10px;--awb-margin-left-small:0px;\"><h1 class=\"fusion-title-heading title-heading-left fusion-responsive-typography-calculated\" style=\"margin:0;--fontSize:32;line-height:1.5;\">Invisalign \u2013 n\u00e4kym\u00e4t\u00f6n vaihtoehto hammasraudoille<\/h1><\/div><div class=\"fusion-separator\" style=\"align-self: flex-start;margin-right:auto;width:100%;max-width:250px;\"><div class=\"fusion-separator-border sep-double\" style=\"--awb-height:20px;--awb-amount:20px;border-color:#e0dede;border-top-width:1px;border-bottom-width:1px;\"><\/div><\/div><\/div><\/div><\/div><\/div><div class=\"fusion-fullwidth fullwidth-box fusion-builder-row-2 fusion-flex-container has-pattern-background has-mask-background nonhundred-percent-fullwidth non-hundred-percent-height-scrolling\" style=\"--awb-border-radius-top-left:0px;--awb-border-radius-top-right:0px;--awb-border-radius-bottom-right:0px;--awb-border-radius-bottom-left:0px;--awb-background-color:var(--awb-color2);--awb-flex-wrap:wrap;\" ><div class=\"fusion-builder-row fusion-row fusion-flex-align-items-flex-start fusion-flex-content-wrap\" style=\"max-width:1248px;margin-left: calc(-4% \/ 2 );margin-right: calc(-4% \/ 2 );\"><div class=\"fusion-layout-column fusion_builder_column fusion-builder-column-1 fusion_builder_column_1_2 1_2 fusion-flex-column\" style=\"--awb-bg-size:cover;--awb-width-large:50%;--awb-margin-top-large:0px;--awb-spacing-right-large:3.84%;--awb-margin-bottom-large:20px;--awb-spacing-left-large:3.84%;--awb-width-medium:100%;--awb-order-medium:0;--awb-spacing-right-medium:1.92%;--awb-spacing-left-medium:1.92%;--awb-width-small:100%;--awb-order-small:0;--awb-spacing-right-small:1.92%;--awb-spacing-left-small:1.92%;\"><div class=\"fusion-column-wrapper fusion-column-has-shadow fusion-flex-justify-content-flex-start fusion-content-layout-column\"><div class=\"fusion-text fusion-text-1\"><h2 style=\"color: var(--awb-color5); --fontSize:28; line-height: 1.5;\" data-fontsize=\"28\" data-lineheight=\"42px\" class=\"fusion-responsive-typography-calculated\">\n<p>Mik\u00e4 Invisalign on?<\/p>\n<\/h2>\n<p>Invisalign on l\u00e4hes n\u00e4kym\u00e4t\u00f6n vaihtoehto hammasraudoille. Invisalign-hoidossa hampaiden linjaamiseen rautojen sijaan k\u00e4ytet\u00e4\u00e4n kirkkaita muovikiskoja, jotka valmistetaan yksil\u00f6llisesti kullekin potilaalle. Potilaiden on pidett\u00e4v\u00e4 kiskoja suussaan suurimman osan p\u00e4iv\u00e4st\u00e4 (mieluiten 21\u201322 tuntia), ja ne poistetaan vain ruokailun ja pesun ajaksi. Kiskot on vaihdettava keskim\u00e4\u00e4rin 1\u20132 viikon v\u00e4lein.<\/p>\n<h2 style=\"color: var(--awb-color5);\">Kenelle Invisalign sopii?<\/h2>\n<p>Invisalign-hoidon soveltuvuus voidaan varmistaa vain k\u00e4ym\u00e4ll\u00e4 Invisalign-toimenpiteit\u00e4 suorittavan asiantuntijan luona. Yleens\u00e4 Invisalign sopii 11\u201312 vuoden i\u00e4st\u00e4 alkaen (suurimman osan hampaista pit\u00e4isi olla vaihtunut). Ensimm\u00e4isell\u00e4 k\u00e4ynnill\u00e4 potilaalle tehd\u00e4\u00e4n diagnostiikka ja varmistetaan hoidon soveltuvuus. <\/p>\n<\/div><\/div><\/div><div class=\"fusion-layout-column fusion_builder_column fusion-builder-column-2 fusion_builder_column_1_2 1_2 fusion-flex-column\" style=\"--awb-bg-size:cover;--awb-width-large:50%;--awb-margin-top-large:0px;--awb-spacing-right-large:3.84%;--awb-margin-bottom-large:20px;--awb-spacing-left-large:3.84%;--awb-width-medium:100%;--awb-order-medium:0;--awb-spacing-right-medium:1.92%;--awb-spacing-left-medium:1.92%;--awb-width-small:100%;--awb-order-small:0;--awb-spacing-right-small:1.92%;--awb-spacing-left-small:1.92%;\"><div class=\"fusion-column-wrapper fusion-column-has-shadow fusion-flex-justify-content-flex-start fusion-content-layout-column\"><div class=\"fusion-image-element \" style=\"--awb-caption-title-font-family:var(--h2_typography-font-family);--awb-caption-title-font-weight:var(--h2_typography-font-weight);--awb-caption-title-font-style:var(--h2_typography-font-style);--awb-caption-title-size:var(--h2_typography-font-size);--awb-caption-title-transform:var(--h2_typography-text-transform);--awb-caption-title-line-height:var(--h2_typography-line-height);--awb-caption-title-letter-spacing:var(--h2_typography-letter-spacing);\"><span class=\" fusion-imageframe imageframe-none imageframe-1 hover-type-none\"><img decoding=\"async\" width=\"744\" height=\"517\" alt=\"Invisalign\" title=\"Invisalign\" src=\"https:\/\/www.maxilla.ee\/wp-content\/uploads\/2022\/10\/Invisalign.png\" class=\"img-responsive wp-image-9204\" srcset=\"https:\/\/www.maxilla.ee\/wp-content\/uploads\/2022\/10\/Invisalign-200x139.png 200w, https:\/\/www.maxilla.ee\/wp-content\/uploads\/2022\/10\/Invisalign-400x278.png 400w, https:\/\/www.maxilla.ee\/wp-content\/uploads\/2022\/10\/Invisalign-600x417.png 600w, https:\/\/www.maxilla.ee\/wp-content\/uploads\/2022\/10\/Invisalign.png 744w\" sizes=\"(max-width: 1024px) 100vw, (max-width: 640px) 100vw, 600px\" \/><\/span><\/div><\/div><\/div><\/div><\/div><div class=\"fusion-fullwidth fullwidth-box fusion-builder-row-3 fusion-flex-container has-pattern-background has-mask-background nonhundred-percent-fullwidth non-hundred-percent-height-scrolling\" style=\"--awb-border-radius-top-left:0px;--awb-border-radius-top-right:0px;--awb-border-radius-bottom-right:0px;--awb-border-radius-bottom-left:0px;--awb-flex-wrap:wrap;\" ><div class=\"fusion-builder-row fusion-row fusion-flex-align-items-flex-start fusion-flex-content-wrap\" style=\"max-width:1248px;margin-left: calc(-4% \/ 2 );margin-right: calc(-4% \/ 2 );\"><div class=\"fusion-layout-column fusion_builder_column fusion-builder-column-3 fusion_builder_column_1_1 1_1 fusion-flex-column\" style=\"--awb-bg-size:cover;--awb-width-large:100%;--awb-margin-top-large:0px;--awb-spacing-right-large:1.92%;--awb-margin-bottom-large:20px;--awb-spacing-left-large:1.92%;--awb-width-medium:100%;--awb-order-medium:0;--awb-spacing-right-medium:1.92%;--awb-spacing-left-medium:1.92%;--awb-width-small:100%;--awb-order-small:0;--awb-spacing-right-small:1.92%;--awb-spacing-left-small:1.92%;\"><div class=\"fusion-column-wrapper fusion-column-has-shadow fusion-flex-justify-content-flex-start fusion-content-layout-column\"><div class=\"fusion-text fusion-text-2\"><h2 style=\"color: var(--awb-color5); --fontSize:28; line-height: 1.5;\" data-fontsize=\"28\" data-lineheight=\"42px\" class=\"fusion-responsive-typography-calculated\">\n<p>Kuinka usein Invisalign-tarkastuksissa on k\u00e4yt\u00e4v\u00e4?<\/p>\n<p data-fusion-font=\"true\" style=\"font-size: 16px; line-height: 24px; font-family: 'Noto Sans'; font-weight: 400; color: var(--awb-color8);\" data-fusion-google-font=\"Noto Sans\" data-fusion-google-variant=\"400\">Potilaan purennan mukaan potilaalle valmistetaan tietty m\u00e4\u00e4r\u00e4 yksil\u00f6llisi\u00e4 kiskoja. Seurantak\u00e4ynneill\u00e4 potilas saa lis\u00e4\u00e4 kiskoja osissa, jotta l\u00e4\u00e4k\u00e4ri voi seurata hoidon edistymist\u00e4. K\u00e4yntej\u00e4 tehd\u00e4\u00e4n 1,5\u20132 kuukauden v\u00e4lein hoidon luonteesta riippuen.<\/p>\n<\/h2>\n<h2 style=\"color: var(--awb-color5); --fontSize:28; line-height: 1.5;\" data-fontsize=\"28\" data-lineheight=\"42px\" class=\"fusion-responsive-typography-calculated\">Kuinka kauan hoito kest\u00e4\u00e4 ja millainen on lopputulos?<\/h2>\n<p>Digitaalisen j\u00e4ljenn\u00f6ksen ottamisen j\u00e4lkeen erityisell\u00e4 tietokoneohjelmalla, Align Technologylla, laaditun hoitosuunnitelman avulla n\u00e4et, miten hampaasi alkavat liikkua v\u00e4hitellen. Sen avulla on mahdollista n\u00e4hd\u00e4 ensimm\u00e4inen ennuste siit\u00e4, millaisilta hampaat tulevat n\u00e4ytt\u00e4m\u00e4\u00e4n hoidon j\u00e4lkeen. <\/p>\n<p>Yleens\u00e4 kiskohoito kest\u00e4\u00e4 tavallisen hammasrautahoidon tavoin noin 18\u201320 kuukautta (hoidon kesto riippuu sen monimutkaisuudesta ja konkreettisesta tapauksesta). <\/p>\n<p>Lopputuloksena on kaunis hymy.<\/p>\n<h2 style=\"color: var(--awb-color5);\">Kuinka paljon se maksaa?<\/h2>\n<p>Kuten muissakin ortodonttisissa hoitomenetelmiss\u00e4, hoidon lopulliset kustannukset riippuvat ongelman monimutkaisuudesta ja konkreettisesta tapauksesta. Yleens\u00e4 Invisalign-menetelm\u00e4n hinta on verrattavissa tavalliseen hammasrautahoitoon, ja vaihtelee 3500 ja 5500 euron v\u00e4lill\u00e4. Tarkan hinnan m\u00e4\u00e4ritt\u00e4\u00e4 asiantuntija vastaanotolla.<\/p>\n<h2 style=\"color: var(--awb-color5);\">Miten voin tulla konsultaatioon ja kuinka paljon konsultaatioon  maksaa?<\/h2>\n<p>Voit varata ajan konsultaatioon soittamalla klinikallemme. Konsultaation aikana potilasta neuvotaan ja diagnosoidaan. Jatkosuunnitelmasta sovitaan jokaisen potilaan kanssa erikseen. Vastaanoton hinta on 50\u2013500 \u20ac riippuen toimenpiteest\u00e4, joka sovitaan potilaan kanssa ensimm\u00e4isell\u00e4 k\u00e4ynnill\u00e4.<\/p>\n<\/p>\n<p>Maxilla-hammasklinikka tarjoaa Invisalign-hoitoa Tallinnan Novira Plaza -klinikalla ja Tarton klinikalla. Ota meihin yhteytt\u00e4, jos haluat varata ajan tai kysy\u00e4 lis\u00e4tietoa:<\/p>\n<ul>\n<li>Maxilla Tallinnan Novira Plaza  6 601 006 | <span style=\"background-color: rgba(255, 255, 255, 0); color: var(--body_typography-color); font-family: var(--body_typography-font-family); font-size: var(--body_typography-font-size); font-style: var(--body_typography-font-style,normal); font-weight: var(--body_typography-font-weight); letter-spacing: var(--body_typography-letter-spacing);\">tallinn@maxilla.ee<\/span><\/li>\n<li>Maxilla Tartu  7 371 100<\/li>\n<\/ul>\n<\/div><\/div><\/div><\/div><\/div><\/p>\n","protected":false},"excerpt":{"rendered":"","protected":false},"author":9,"featured_media":5747,"parent":0,"menu_order":0,"comment_status":"closed","ping_status":"closed","template":"","meta":{"footnotes":""},"class_list":["post-9215","page","type-page","status-publish","has-post-thumbnail","hentry"],"_links":{"self":[{"href":"https:\/\/www.maxilla.ee\/fi\/wp-json\/wp\/v2\/pages\/9215","targetHints":{"allow":["GET"]}}],"collection":[{"href":"https:\/\/www.maxilla.ee\/fi\/wp-json\/wp\/v2\/pages"}],"about":[{"href":"https:\/\/www.maxilla.ee\/fi\/wp-json\/wp\/v2\/types\/page"}],"author":[{"embeddable":true,"href":"https:\/\/www.maxilla.ee\/fi\/wp-json\/wp\/v2\/users\/9"}],"replies":[{"embeddable":true,"href":"https:\/\/www.maxilla.ee\/fi\/wp-json\/wp\/v2\/comments?post=9215"}],"version-history":[{"count":3,"href":"https:\/\/www.maxilla.ee\/fi\/wp-json\/wp\/v2\/pages\/9215\/revisions"}],"predecessor-version":[{"id":9218,"href":"https:\/\/www.maxilla.ee\/fi\/wp-json\/wp\/v2\/pages\/9215\/revisions\/9218"}],"wp:featuredmedia":[{"embeddable":true,"href":"https:\/\/www.maxilla.ee\/fi\/wp-json\/wp\/v2\/media\/5747"}],"wp:attachment":[{"href":"https:\/\/www.maxilla.ee\/fi\/wp-json\/wp\/v2\/media?parent=9215"}],"curies":[{"name":"wp","href":"https:\/\/api.w.org\/{rel}","templated":true}]}}