{"id":9093,"date":"2022-10-17T14:52:32","date_gmt":"2022-10-17T11:52:32","guid":{"rendered":"https:\/\/www.maxilla.ee\/?page_id=9093"},"modified":"2025-10-17T12:46:46","modified_gmt":"2025-10-17T09:46:46","slug":"nonprep-laminaatit","status":"publish","type":"page","link":"https:\/\/www.maxilla.ee\/fi\/nonprep-laminaatit\/","title":{"rendered":"NonPrep-laminaatit"},"content":{"rendered":"<p><div class=\"fusion-fullwidth fullwidth-box fusion-builder-row-1 fusion-flex-container has-pattern-background has-mask-background nonhundred-percent-fullwidth non-hundred-percent-height-scrolling\" style=\"--awb-border-radius-top-left:0px;--awb-border-radius-top-right:0px;--awb-border-radius-bottom-right:0px;--awb-border-radius-bottom-left:0px;--awb-flex-wrap:wrap;\" ><div class=\"fusion-builder-row fusion-row fusion-flex-align-items-flex-start fusion-flex-content-wrap\" style=\"max-width:1248px;margin-left: calc(-4% \/ 2 );margin-right: calc(-4% \/ 2 );\"><div class=\"fusion-layout-column fusion_builder_column fusion-builder-column-0 fusion_builder_column_1_1 1_1 fusion-flex-column\" style=\"--awb-bg-size:cover;--awb-width-large:100%;--awb-margin-top-large:0px;--awb-spacing-right-large:1.92%;--awb-margin-bottom-large:20px;--awb-spacing-left-large:1.92%;--awb-width-medium:100%;--awb-order-medium:0;--awb-spacing-right-medium:1.92%;--awb-spacing-left-medium:1.92%;--awb-width-small:100%;--awb-order-small:0;--awb-spacing-right-small:1.92%;--awb-spacing-left-small:1.92%;\"><div class=\"fusion-column-wrapper fusion-column-has-shadow fusion-flex-justify-content-flex-start fusion-content-layout-column\"><div class=\"fusion-title title fusion-title-1 fusion-sep-none fusion-title-text fusion-title-size-one\" style=\"--awb-text-color:var(--awb-custom10);--awb-margin-top-small:10px;--awb-margin-right-small:0px;--awb-margin-bottom-small:10px;--awb-margin-left-small:0px;\"><h1 class=\"fusion-title-heading title-heading-left fusion-responsive-typography-calculated\" style=\"margin:0;--fontSize:32;line-height:1.5;\">NONPREP LAMINAATIT<\/h1><\/div><\/div><\/div><\/div><\/div><div class=\"fusion-fullwidth fullwidth-box fusion-builder-row-2 fusion-flex-container nonhundred-percent-fullwidth non-hundred-percent-height-scrolling\" style=\"--awb-border-radius-top-left:0px;--awb-border-radius-top-right:0px;--awb-border-radius-bottom-right:0px;--awb-border-radius-bottom-left:0px;--awb-flex-wrap:wrap;\" ><div class=\"fusion-builder-row fusion-row fusion-flex-align-items-flex-start fusion-flex-content-wrap\" style=\"max-width:1248px;margin-left: calc(-4% \/ 2 );margin-right: calc(-4% \/ 2 );\"><div class=\"fusion-layout-column fusion_builder_column fusion-builder-column-1 fusion_builder_column_1_1 1_1 fusion-flex-column\" style=\"--awb-bg-blend:overlay;--awb-bg-size:cover;--awb-width-large:100%;--awb-margin-top-large:0px;--awb-spacing-right-large:1.92%;--awb-margin-bottom-large:0px;--awb-spacing-left-large:1.92%;--awb-width-medium:100%;--awb-spacing-right-medium:1.92%;--awb-spacing-left-medium:1.92%;--awb-width-small:100%;--awb-spacing-right-small:1.92%;--awb-spacing-left-small:1.92%;\"><div class=\"fusion-column-wrapper fusion-flex-justify-content-flex-start fusion-content-layout-column\"><div class=\"fusion-text fusion-text-1\"><p>NonPrep-laminaatit kuuluvat esteettisen protetiikan osa-alueeseen, jossa hammasl\u00e4\u00e4k\u00e4ri j\u00e4tt\u00e4\u00e4 hampaat hiomatta eli valmistelematta.<\/p>\n<p>Niiden k\u00e4ytt\u00f6aiheita ovat tummunut hampaan v\u00e4ri, korjausta vaativa hampaan anatomia, pienet muutokset hampaan asennossa ja hampaiden asennon poikkeavuudet, jotka eiv\u00e4t sovellu ortodonttiseen hoitoon.<\/p>\n<p>NonPrep-laminaatit ovat hyvin ohuita posliinip\u00e4\u00e4llysteit\u00e4, jotka peitt\u00e4v\u00e4t hampaan joko osittain tai kokonaan. Ne valmistetaan laboratoriossa monimutkaista ja aikaa viev\u00e4\u00e4 Feldspathic- eli maas\u00e4lp\u00e4tekniikkaa k\u00e4ytt\u00e4m\u00e4ll\u00e4. Ohut posliinikerros levitet\u00e4\u00e4n tulenkest\u00e4v\u00e4\u00e4n hammasj\u00e4ljenn\u00f6kseen ja poltetaan posliininpolttouunissa eritt\u00e4in kuumassa l\u00e4mp\u00f6tilassa.<\/p>\n<p>Tuloksena ovat luonnolliset ja kauniit hampaat omia hampaita vahingoittamatta.<\/p>\n<p>Katso my\u00f6s ennen\/j\u00e4lkeen -kuvia NonPrep-laminaateilla tehdyist\u00e4 t\u00f6ist\u00e4:<\/p>\n<p><a style=\"font-family: var(--awb-text-font-family); font-size: var(--awb-font-size); font-style: var(--awb-text-font-style); font-weight: var(--awb-text-font-weight); letter-spacing: var(--awb-letter-spacing); text-align: var(--awb-content-alignment); text-transform: var(--awb-text-transform); background-color: var(--awb-bg-color);\" href=\"https:\/\/www.maxilla.ee\/wp-content\/uploads\/2021\/09\/nonprep_banda_case2.jpg\"><img decoding=\"async\" class=\"alignnone wp-image-7234\" src=\"https:\/\/www.maxilla.ee\/wp-content\/uploads\/2021\/09\/nonprep_banda_case2.jpg\" alt=\"\" width=\"465\" height=\"465\" srcset=\"https:\/\/www.maxilla.ee\/wp-content\/uploads\/2021\/09\/nonprep_banda_case2-66x66.jpg 66w, https:\/\/www.maxilla.ee\/wp-content\/uploads\/2021\/09\/nonprep_banda_case2-150x150.jpg 150w, https:\/\/www.maxilla.ee\/wp-content\/uploads\/2021\/09\/nonprep_banda_case2-200x200.jpg 200w, https:\/\/www.maxilla.ee\/wp-content\/uploads\/2021\/09\/nonprep_banda_case2-300x300.jpg 300w, https:\/\/www.maxilla.ee\/wp-content\/uploads\/2021\/09\/nonprep_banda_case2-400x400.jpg 400w, https:\/\/www.maxilla.ee\/wp-content\/uploads\/2021\/09\/nonprep_banda_case2-600x600.jpg 600w, https:\/\/www.maxilla.ee\/wp-content\/uploads\/2021\/09\/nonprep_banda_case2-768x768.jpg 768w, https:\/\/www.maxilla.ee\/wp-content\/uploads\/2021\/09\/nonprep_banda_case2-800x800.jpg 800w, https:\/\/www.maxilla.ee\/wp-content\/uploads\/2021\/09\/nonprep_banda_case2-1024x1024.jpg 1024w, https:\/\/www.maxilla.ee\/wp-content\/uploads\/2021\/09\/nonprep_banda_case2-1200x1200.jpg 1200w, https:\/\/www.maxilla.ee\/wp-content\/uploads\/2021\/09\/nonprep_banda_case2-1536x1536.jpg 1536w, https:\/\/www.maxilla.ee\/wp-content\/uploads\/2021\/09\/nonprep_banda_case2.jpg 2377w\" sizes=\"(max-width: 465px) 100vw, 465px\" \/><\/a><\/p>\n<p style=\"text-align: left;\">NonPrep-laminaattit\u00f6it\u00e4 tekee Tallinnan <a href=\"https:\/\/www.maxilla.ee\/fi\/maxilla-novira-plaza-hammasklinikka\/\">Maxillan Noviran klinikalla<\/a> kokenut hammasl\u00e4\u00e4k\u00e4ri Toomas Urbla.<\/p>\n<p style=\"text-align: left;\"><a href=\"https:\/\/patsient.maxilla.ee\/fi\/booking\/portal\/index\">Varaa aika online <\/a>t<span style=\"color: var(--body_typography-color); font-family: var(--body_typography-font-family); font-size: var(--body_typography-font-size); font-style: var(--body_typography-font-style,normal); font-weight: var(--body_typography-font-weight); letter-spacing: var(--body_typography-letter-spacing); background-color: rgba(255, 255, 255, 0);\">ai soita klinikoillemme<\/span><span style=\"background-color: rgba(255, 255, 255, 0); color: var(--body_typography-color); font-family: var(--body_typography-font-family); font-size: var(--body_typography-font-size); font-style: var(--body_typography-font-style,normal); letter-spacing: var(--body_typography-letter-spacing);\"> numbril <a href=\"tel:6601006\">6 601 006<\/a>.<\/span><\/p>\n<\/div><\/div><\/div><\/div><\/div><\/p>\n","protected":false},"excerpt":{"rendered":"","protected":false},"author":9,"featured_media":7236,"parent":0,"menu_order":0,"comment_status":"closed","ping_status":"closed","template":"","meta":{"footnotes":""},"class_list":["post-9093","page","type-page","status-publish","has-post-thumbnail","hentry"],"_links":{"self":[{"href":"https:\/\/www.maxilla.ee\/fi\/wp-json\/wp\/v2\/pages\/9093","targetHints":{"allow":["GET"]}}],"collection":[{"href":"https:\/\/www.maxilla.ee\/fi\/wp-json\/wp\/v2\/pages"}],"about":[{"href":"https:\/\/www.maxilla.ee\/fi\/wp-json\/wp\/v2\/types\/page"}],"author":[{"embeddable":true,"href":"https:\/\/www.maxilla.ee\/fi\/wp-json\/wp\/v2\/users\/9"}],"replies":[{"embeddable":true,"href":"https:\/\/www.maxilla.ee\/fi\/wp-json\/wp\/v2\/comments?post=9093"}],"version-history":[{"count":5,"href":"https:\/\/www.maxilla.ee\/fi\/wp-json\/wp\/v2\/pages\/9093\/revisions"}],"predecessor-version":[{"id":17378,"href":"https:\/\/www.maxilla.ee\/fi\/wp-json\/wp\/v2\/pages\/9093\/revisions\/17378"}],"wp:featuredmedia":[{"embeddable":true,"href":"https:\/\/www.maxilla.ee\/fi\/wp-json\/wp\/v2\/media\/7236"}],"wp:attachment":[{"href":"https:\/\/www.maxilla.ee\/fi\/wp-json\/wp\/v2\/media?parent=9093"}],"curies":[{"name":"wp","href":"https:\/\/api.w.org\/{rel}","templated":true}]}}