{"id":9086,"date":"2022-10-17T14:32:20","date_gmt":"2022-10-17T11:32:20","guid":{"rendered":"https:\/\/www.maxilla.ee\/?page_id=9086"},"modified":"2025-10-17T12:55:46","modified_gmt":"2025-10-17T09:55:46","slug":"hammaslaminaattien","status":"publish","type":"page","link":"https:\/\/www.maxilla.ee\/fi\/palvelut\/protetiikka\/hammaslaminaattien\/","title":{"rendered":"Hammaslaminaattien"},"content":{"rendered":"<p><div class=\"fusion-fullwidth fullwidth-box fusion-builder-row-1 fusion-flex-container has-pattern-background has-mask-background nonhundred-percent-fullwidth non-hundred-percent-height-scrolling\" style=\"--awb-border-radius-top-left:0px;--awb-border-radius-top-right:0px;--awb-border-radius-bottom-right:0px;--awb-border-radius-bottom-left:0px;--awb-flex-wrap:wrap;\" ><div class=\"fusion-builder-row fusion-row fusion-flex-align-items-flex-start fusion-flex-content-wrap\" style=\"max-width:1248px;margin-left: calc(-4% \/ 2 );margin-right: calc(-4% \/ 2 );\"><div class=\"fusion-layout-column fusion_builder_column fusion-builder-column-0 fusion_builder_column_1_1 1_1 fusion-flex-column\" style=\"--awb-bg-size:cover;--awb-width-large:100%;--awb-margin-top-large:0px;--awb-spacing-right-large:1.92%;--awb-margin-bottom-large:20px;--awb-spacing-left-large:1.92%;--awb-width-medium:100%;--awb-order-medium:0;--awb-spacing-right-medium:1.92%;--awb-spacing-left-medium:1.92%;--awb-width-small:100%;--awb-order-small:0;--awb-spacing-right-small:1.92%;--awb-spacing-left-small:1.92%;\"><div class=\"fusion-column-wrapper fusion-column-has-shadow fusion-flex-justify-content-flex-start fusion-content-layout-column\"><div class=\"fusion-title title fusion-title-1 fusion-sep-none fusion-title-text fusion-title-size-one\" style=\"--awb-text-color:var(--awb-color5);--awb-margin-top-small:10px;--awb-margin-right-small:0px;--awb-margin-bottom-small:10px;--awb-margin-left-small:0px;\"><h1 class=\"fusion-title-heading title-heading-left fusion-responsive-typography-calculated\" style=\"margin:0;--fontSize:32;line-height:1.5;\">LAMINAATIT<\/h1><\/div><\/div><\/div><\/div><\/div><div class=\"fusion-fullwidth fullwidth-box fusion-builder-row-2 fusion-flex-container nonhundred-percent-fullwidth non-hundred-percent-height-scrolling\" style=\"--awb-border-radius-top-left:0px;--awb-border-radius-top-right:0px;--awb-border-radius-bottom-right:0px;--awb-border-radius-bottom-left:0px;--awb-flex-wrap:wrap;\" ><div class=\"fusion-builder-row fusion-row fusion-flex-align-items-flex-start fusion-flex-content-wrap\" style=\"max-width:1248px;margin-left: calc(-4% \/ 2 );margin-right: calc(-4% \/ 2 );\"><div class=\"fusion-layout-column fusion_builder_column fusion-builder-column-1 fusion_builder_column_1_1 1_1 fusion-flex-column\" style=\"--awb-bg-blend:overlay;--awb-bg-size:cover;--awb-width-large:100%;--awb-margin-top-large:0px;--awb-spacing-right-large:1.92%;--awb-margin-bottom-large:0px;--awb-spacing-left-large:1.92%;--awb-width-medium:100%;--awb-spacing-right-medium:1.92%;--awb-spacing-left-medium:1.92%;--awb-width-small:100%;--awb-spacing-right-small:1.92%;--awb-spacing-left-small:1.92%;\"><div class=\"fusion-column-wrapper fusion-flex-justify-content-flex-start fusion-content-layout-column\"><div class=\"fusion-text fusion-text-1\"><p style=\"--fontsize: 32; line-height: 1.5;\">E<span style=\"background-color: rgba(255, 255, 255, 0); color: var(--body_typography-color); font-family: var(--body_typography-font-family); font-size: var(--body_typography-font-size); font-style: var(--body_typography-font-style,normal); font-weight: var(--body_typography-font-weight); letter-spacing: var(--body_typography-letter-spacing);\">rilaisten hammaslaminaattien ja niiden monipuolisen valikoiman avulla voidaan muuttaa hammasten v\u00e4ri\u00e4, muotoa sek\u00e4 asentoa ja korjata jopa kiillerakenteen vikoja. Laminaatteja valmistetaan keraamisesta materiaalista, ja niiden ulkon\u00e4k\u00f6 sek\u00e4 ominaisuudet ovat t\u00e4ysin identtisi\u00e4 luonnollisten hammasten kanssa. Siksi laminaattien k\u00e4ytt\u00f6 mahdollistaa hyvin luonnollisen ja esteettisen lopputuloksen.<\/span><\/p>\n<p>Laminaattien avulla voidaan muuttaa perusteellisesti hampaiden ulkon\u00e4k\u00f6\u00e4 \u2013 palauttaa muoto, muuttaa v\u00e4ri\u00e4 ja korjata virheit\u00e4 (lovet, halkeamat, hammastenv\u00e4liset raot jne.). Asennusmenetelm\u00e4st\u00e4 ja laminaatin ominaisuuksista riippuen laminaatit jaetaan NonPrep-laminaatteihin, Lumineerseihin ja perinteisiin laminaatteihin.<\/p>\n<p style=\"--fontsize: 20; line-height: 1.5; --minfontsize: 20;\">\n<p><b>Syit\u00e4 valita laminaatit:<\/b><\/p>\n<ul>\n<li>ne auttavat tekem\u00e4\u00e4n hymyst\u00e4 kauniimman ja mahdollistavat niin sanotun Hollywood-hymyn saavuttamisen.<\/li>\n<li>Laminaatit s\u00e4ilytt\u00e4v\u00e4t v\u00e4rins\u00e4 ja rakenteensa koko k\u00e4ytt\u00f6ik\u00e4ns\u00e4 ajan.<\/li>\n<li>Voidaan asentaa keskim\u00e4\u00e4rin 2\u20134 viikossa hoitosuunnitelmasta ja valitusta menetelm\u00e4st\u00e4 riippuen.<\/li>\n<li>Laaja valikoima s\u00e4vyj\u00e4: luonnollisesta helmenvalkoiseen.<\/li>\n<li><span style=\"background-color: rgba(255, 255, 255, 0); color: var(--body_typography-color); font-family: var(--body_typography-font-family); font-size: var(--body_typography-font-size); font-style: var(--body_typography-font-style,normal); font-weight: var(--body_typography-font-weight); letter-spacing: var(--body_typography-letter-spacing);\">Eritt\u00e4in kest\u00e4v\u00e4t ja pitk\u00e4ik\u00e4iset.<\/span><\/li>\n<\/ul>\n<p>&nbsp;<\/p>\n<h2 style=\"color: var(--awb-color5);\">NonPrep-laminaatit<\/h2>\n<p><span style=\"background-color: rgba(255, 255, 255, 0); color: var(--body_typography-color); font-family: var(--body_typography-font-family); font-size: var(--body_typography-font-size); font-style: var(--body_typography-font-style,normal); font-weight: var(--body_typography-font-weight); letter-spacing: var(--body_typography-letter-spacing);\">NonPrep-hammaslaminaatit ovat hyvin ohuita posliinipeitteit\u00e4, jotka peitt\u00e4v\u00e4t hampaan joko osittain tai kokonaan, ja joiden asennuksessa hammasl\u00e4\u00e4k\u00e4ri j\u00e4tt\u00e4\u00e4 luonnolliset hampaat hiomatta eli valmistelematta. Eritt\u00e4in ohuet posliinilevyt kiinnitet\u00e4\u00e4n luonnolliseen hampaaseen liimasementeill\u00e4.<\/span><\/p>\n<p><b>NonPrep-laminaattien k\u00e4ytt\u00f6aiheet:<\/b><\/p>\n<ul>\n<li>tummunut hampaan v\u00e4ri<\/li>\n<li>korjausta vaativa hampaiden anatomia<\/li>\n<li>pienet hampaan asennon muutokset<\/li>\n<li>hampaiden asentopoikkeavuudet, jotka eiv\u00e4t sovellu oikomishoitoon.<\/li>\n<\/ul>\n<p>NonPrep-laminaatit valmistetaan k\u00e4sity\u00f6n\u00e4 laboratoriossa monimutkaisella ja aikaa viev\u00e4ll\u00e4 prosessilla maas\u00e4lp\u00e4- eli feldspathic-keramiikasta. Ohut posliinikerros levitet\u00e4\u00e4n tulenkest\u00e4v\u00e4\u00e4n hammasj\u00e4ljenn\u00f6kseen ja poltetaan posliininpolttouunissa eritt\u00e4in korkeassa l\u00e4mp\u00f6tilassa. Valmiit p\u00e4\u00e4llysteet kiinnitet\u00e4\u00e4n suoraan luonnolliseen hammaskiilteeseen. NonPrep-laminaattien k\u00e4yt\u00f6n tuloksena ovat luonnolliset ja kauniit hampaat omia hampaita vahingoittamatta.<\/p>\n<p><b>NonPrep-laminaattit\u00f6it\u00e4 tekee Tallinnan Maxillan Noviran klinikalla kokenut hammasl\u00e4\u00e4k\u00e4ri Toomas Urbla.<\/b><\/p>\n<p>&nbsp;<\/p>\n<p>Ennen\/j\u00e4lkeen<\/p>\n<p><a href=\"https:\/\/www.maxilla.ee\/wp-content\/uploads\/2021\/09\/nonprep_banda_case2.jpg\"><img decoding=\"async\" class=\"alignnone wp-image-7234\" src=\"https:\/\/www.maxilla.ee\/wp-content\/uploads\/2021\/09\/nonprep_banda_case2.jpg\" alt=\"\" width=\"519\" height=\"519\" srcset=\"https:\/\/www.maxilla.ee\/wp-content\/uploads\/2021\/09\/nonprep_banda_case2-66x66.jpg 66w, https:\/\/www.maxilla.ee\/wp-content\/uploads\/2021\/09\/nonprep_banda_case2-150x150.jpg 150w, https:\/\/www.maxilla.ee\/wp-content\/uploads\/2021\/09\/nonprep_banda_case2-200x200.jpg 200w, https:\/\/www.maxilla.ee\/wp-content\/uploads\/2021\/09\/nonprep_banda_case2-300x300.jpg 300w, https:\/\/www.maxilla.ee\/wp-content\/uploads\/2021\/09\/nonprep_banda_case2-400x400.jpg 400w, https:\/\/www.maxilla.ee\/wp-content\/uploads\/2021\/09\/nonprep_banda_case2-600x600.jpg 600w, https:\/\/www.maxilla.ee\/wp-content\/uploads\/2021\/09\/nonprep_banda_case2-768x768.jpg 768w, https:\/\/www.maxilla.ee\/wp-content\/uploads\/2021\/09\/nonprep_banda_case2-800x800.jpg 800w, https:\/\/www.maxilla.ee\/wp-content\/uploads\/2021\/09\/nonprep_banda_case2-1024x1024.jpg 1024w, https:\/\/www.maxilla.ee\/wp-content\/uploads\/2021\/09\/nonprep_banda_case2-1200x1200.jpg 1200w, https:\/\/www.maxilla.ee\/wp-content\/uploads\/2021\/09\/nonprep_banda_case2-1536x1536.jpg 1536w, https:\/\/www.maxilla.ee\/wp-content\/uploads\/2021\/09\/nonprep_banda_case2.jpg 2377w\" sizes=\"(max-width: 519px) 100vw, 519px\" \/><\/a> <a href=\"https:\/\/www.maxilla.ee\/wp-content\/uploads\/2021\/09\/Nonprep_banda_case1.jpg\"><img decoding=\"async\" class=\"alignnone wp-image-7230\" src=\"https:\/\/www.maxilla.ee\/wp-content\/uploads\/2021\/09\/Nonprep_banda_case1.jpg\" alt=\"\" width=\"519\" height=\"519\" \/><\/a><\/p>\n<h2 class=\"fusion-responsive-typography-calculated\" style=\"--fontsize: 28; line-height: 1.5;\" data-fontsize=\"28\" data-lineheight=\"42px\"><\/h2>\n<h2 class=\"fusion-responsive-typography-calculated\" style=\"--fontsize: 28; line-height: 1.5;\" data-fontsize=\"28\" data-lineheight=\"42px\"><span style=\"color: var(--awb-color5);\">Lumineersit<\/span><\/h2>\n<p>Kuten NonPrep-laminaatit, my\u00f6s Lumineersit ovat hammasp\u00e4\u00e4llysteit\u00e4, joiden kanssa omia hampaita ei hiota eli valmistella. My\u00f6s Lumineersien k\u00e4ytt\u00f6aiheita ovat hampaiden s\u00e4vyn tasoittaminen ja pienet hampaan asennon ja hammasrivin muutokset, jotka eiv\u00e4t sovellu oikomishoitoon.<\/p>\n<p><b>Lumineersien k\u00e4ytt\u00f6aiheet:<\/b><\/p>\n<ul>\n<li>pienet ja takana sijaitsevat hampaat<\/li>\n<li>ep\u00e4esteettinen muoto ja pienet viat<\/li>\n<li>hieman kuluneet hampaat<\/li>\n<li>halkeamat ja raot hammaskiilteess\u00e4<\/li>\n<li><span style=\"background-color: rgba(255, 255, 255, 0); color: var(--body_typography-color); font-family: var(--body_typography-font-family); font-size: var(--body_typography-font-size); font-style: var(--body_typography-font-style,normal); font-weight: var(--body_typography-font-weight); letter-spacing: var(--body_typography-letter-spacing);\">v\u00e4rimuutokset ja\/tai l\u00e4isk\u00e4t<\/span><\/li>\n<\/ul>\n<p><span style=\"background-color: rgba(255, 255, 255, 0); color: var(--body_typography-color); font-family: var(--body_typography-font-family); font-size: var(--body_typography-font-size); font-style: var(--body_typography-font-style,normal); font-weight: var(--body_typography-font-weight); letter-spacing: var(--body_typography-letter-spacing);\">Lumineersien ja NonPrep-laminaattien ero on valmistustekniikassa. Lumineersit valmistetaan puristuskeramiikkamenetelm\u00e4ll\u00e4, eli laminaatti puristetaan kokonaan ulos materiaalista. Eriv\u00e4risten sementtien ansiosta Lumineersien erityispiirteen\u00e4 on juuri niiden laajat s\u00e4vytt\u00e4mismahdollisuudet.<\/span><\/p>\n<p><b>Tallinnan Maxillan Novira Plazan klinikalla Lumineers-t\u00f6it\u00e4 tekee proteesil\u00e4\u00e4k\u00e4ri Toomas Urbla.<\/b><\/p>\n<p>&nbsp;<\/p>\n<p><span style=\"background-color: rgba(255, 255, 255, 0); color: var(--body_typography-color); font-family: var(--body_typography-font-family); font-size: var(--body_typography-font-size); font-style: var(--body_typography-font-style,normal); font-weight: var(--body_typography-font-weight); letter-spacing: var(--body_typography-letter-spacing);\">Ennen\/j\u00e4lkeen<\/span><\/p>\n<p><a style=\"background-color: rgba(255, 255, 255, 0); font-family: var(--body_typography-font-family); font-size: var(--body_typography-font-size); font-style: var(--body_typography-font-style,normal); font-weight: var(--body_typography-font-weight); letter-spacing: var(--body_typography-letter-spacing);\" href=\"https:\/\/www.maxilla.ee\/wp-content\/uploads\/2021\/10\/lumineerid-enneparast.jpg\"><img decoding=\"async\" class=\"alignnone wp-image-7303\" src=\"https:\/\/www.maxilla.ee\/wp-content\/uploads\/2021\/10\/lumineerid-enneparast.jpg\" alt=\"\" width=\"493\" height=\"493\" srcset=\"https:\/\/www.maxilla.ee\/wp-content\/uploads\/2021\/10\/lumineerid-enneparast-66x66.jpg 66w, https:\/\/www.maxilla.ee\/wp-content\/uploads\/2021\/10\/lumineerid-enneparast-150x150.jpg 150w, https:\/\/www.maxilla.ee\/wp-content\/uploads\/2021\/10\/lumineerid-enneparast-200x200.jpg 200w, https:\/\/www.maxilla.ee\/wp-content\/uploads\/2021\/10\/lumineerid-enneparast-300x300.jpg 300w, https:\/\/www.maxilla.ee\/wp-content\/uploads\/2021\/10\/lumineerid-enneparast-400x400.jpg 400w, https:\/\/www.maxilla.ee\/wp-content\/uploads\/2021\/10\/lumineerid-enneparast-600x600.jpg 600w, https:\/\/www.maxilla.ee\/wp-content\/uploads\/2021\/10\/lumineerid-enneparast-768x768.jpg 768w, https:\/\/www.maxilla.ee\/wp-content\/uploads\/2021\/10\/lumineerid-enneparast-800x800.jpg 800w, https:\/\/www.maxilla.ee\/wp-content\/uploads\/2021\/10\/lumineerid-enneparast-1024x1024.jpg 1024w, https:\/\/www.maxilla.ee\/wp-content\/uploads\/2021\/10\/lumineerid-enneparast-1200x1200.jpg 1200w, https:\/\/www.maxilla.ee\/wp-content\/uploads\/2021\/10\/lumineerid-enneparast-1536x1536.jpg 1536w, https:\/\/www.maxilla.ee\/wp-content\/uploads\/2021\/10\/lumineerid-enneparast.jpg 2377w\" sizes=\"(max-width: 493px) 100vw, 493px\" \/><\/a><\/p>\n<h2 style=\"--fontsize: 28; line-height: 1.5;\" data-fontsize=\"28\" data-lineheight=\"42px\"><\/h2>\n<h2><span style=\"color: var(--awb-color5);\">Perinteiset laminaatit<\/span><\/h2>\n<p style=\"--fontsize: 28; line-height: 1.5;\">My\u00f6s perinteisi\u00e4 hammaslaminaatteja k\u00e4ytet\u00e4\u00e4n edell\u00e4 mainittujen k\u00e4ytt\u00f6aiheiden hoitoon, mutta perinteisten laminaattien asentamista varten omia hampaita on hieman hiottava eli valmisteltava. Sen ansiosta voidaan korjata suurehkoja hampaiden asentovirheit\u00e4 ja varmistaa laminaattien lujuus suurien poikkeavuuksien korjaamiseksi.<\/p>\n<p><b>Perinteisten laminaattien k\u00e4ytt\u00f6aiheet:<\/b><\/p>\n<ul>\n<li>enemm\u00e4n paikattuja hampaita<\/li>\n<li>kiilteen sis\u00e4iset pienet halkeamat<\/li>\n<li>voimakkaasti tummuneet hampaiden pinnat<\/li>\n<li>v\u00e4\u00e4r\u00e4 tai muuttamista tarvitseva purentakorkeus<\/li>\n<li>suuret hammasv\u00e4lit tai murtuneet sirpaleet<\/li>\n<\/ul>\n<p>Maxilla-hammasklinikan kokeneet l\u00e4\u00e4k\u00e4rit auttavat l\u00f6yt\u00e4m\u00e4\u00e4n sopivimman hoitoratkaisun. Laminaattien valmistamiseen ja asentamiseen kuluva aika riippuu valitusta menetelm\u00e4st\u00e4 ja selvi\u00e4\u00e4 hoitosuunnitelmaa laadittaessa. Purentakorkeus sek\u00e4 yl\u00e4- ja alaleuan v\u00e4linen kontakti m\u00e4\u00e4r\u00e4\u00e4v\u00e4t, k\u00e4ytet\u00e4\u00e4nk\u00f6 NonPrep-laminaatteja, Lumineersej\u00e4 vai perinteisi\u00e4 laminaatteja.<\/p>\n<p>&nbsp;<\/p>\n<p>Ennen\/j\u00e4lkeen<\/p>\n<p><a href=\"https:\/\/www.maxilla.ee\/wp-content\/uploads\/2021\/10\/Laminaadid_enneparast.jpg\"><img decoding=\"async\" class=\"alignnone wp-image-7299\" src=\"https:\/\/www.maxilla.ee\/wp-content\/uploads\/2021\/10\/Laminaadid_enneparast.jpg\" alt=\"\" width=\"510\" height=\"510\" srcset=\"https:\/\/www.maxilla.ee\/wp-content\/uploads\/2021\/10\/Laminaadid_enneparast-66x66.jpg 66w, https:\/\/www.maxilla.ee\/wp-content\/uploads\/2021\/10\/Laminaadid_enneparast-150x150.jpg 150w, https:\/\/www.maxilla.ee\/wp-content\/uploads\/2021\/10\/Laminaadid_enneparast-200x200.jpg 200w, https:\/\/www.maxilla.ee\/wp-content\/uploads\/2021\/10\/Laminaadid_enneparast-300x300.jpg 300w, https:\/\/www.maxilla.ee\/wp-content\/uploads\/2021\/10\/Laminaadid_enneparast-400x400.jpg 400w, https:\/\/www.maxilla.ee\/wp-content\/uploads\/2021\/10\/Laminaadid_enneparast-600x600.jpg 600w, https:\/\/www.maxilla.ee\/wp-content\/uploads\/2021\/10\/Laminaadid_enneparast-768x768.jpg 768w, https:\/\/www.maxilla.ee\/wp-content\/uploads\/2021\/10\/Laminaadid_enneparast-800x800.jpg 800w, https:\/\/www.maxilla.ee\/wp-content\/uploads\/2021\/10\/Laminaadid_enneparast-1024x1024.jpg 1024w, https:\/\/www.maxilla.ee\/wp-content\/uploads\/2021\/10\/Laminaadid_enneparast-1200x1200.jpg 1200w, https:\/\/www.maxilla.ee\/wp-content\/uploads\/2021\/10\/Laminaadid_enneparast-1536x1536.jpg 1536w, https:\/\/www.maxilla.ee\/wp-content\/uploads\/2021\/10\/Laminaadid_enneparast.jpg 2377w\" sizes=\"(max-width: 510px) 100vw, 510px\" \/><\/a><\/p>\n<\/div><\/div><\/div><\/div><\/div><div class=\"fusion-fullwidth fullwidth-box fusion-builder-row-3 fusion-flex-container has-pattern-background has-mask-background nonhundred-percent-fullwidth non-hundred-percent-height-scrolling\" style=\"--awb-border-radius-top-left:0px;--awb-border-radius-top-right:0px;--awb-border-radius-bottom-right:0px;--awb-border-radius-bottom-left:0px;--awb-margin-top:30px;--awb-flex-wrap:wrap;\" ><div class=\"fusion-builder-row fusion-row fusion-flex-align-items-flex-start fusion-flex-content-wrap\" style=\"max-width:1248px;margin-left: calc(-4% \/ 2 );margin-right: calc(-4% \/ 2 );\"><div class=\"fusion-layout-column fusion_builder_column fusion-builder-column-2 fusion_builder_column_1_1 1_1 fusion-flex-column\" style=\"--awb-bg-size:cover;--awb-width-large:100%;--awb-margin-top-large:0px;--awb-spacing-right-large:1.92%;--awb-margin-bottom-large:20px;--awb-spacing-left-large:1.92%;--awb-width-medium:100%;--awb-order-medium:0;--awb-spacing-right-medium:1.92%;--awb-spacing-left-medium:1.92%;--awb-width-small:100%;--awb-order-small:0;--awb-spacing-right-small:1.92%;--awb-spacing-left-small:1.92%;\"><div class=\"fusion-column-wrapper fusion-column-has-shadow fusion-flex-justify-content-flex-start fusion-content-layout-column\"><div class=\"fusion-title title fusion-title-2 fusion-sep-none fusion-title-text fusion-title-size-three\" style=\"--awb-margin-top-small:10px;--awb-margin-right-small:0px;--awb-margin-bottom-small:10px;--awb-margin-left-small:0px;\"><h3 class=\"fusion-title-heading title-heading-left fusion-responsive-typography-calculated\" style=\"margin:0;--fontSize:20;--minFontSize:20;line-height:1.5;\">Perinteisi\u00e4 laminaattit\u00f6it\u00e4 tekev\u00e4t Maxilla-hammasklinikoilla seuraavat l\u00e4\u00e4k\u00e4rit:<\/h3><\/div><\/div><\/div><\/div><\/div><div class=\"fusion-fullwidth fullwidth-box fusion-builder-row-4 fusion-flex-container has-pattern-background has-mask-background nonhundred-percent-fullwidth non-hundred-percent-height-scrolling\" style=\"--awb-border-radius-top-left:0px;--awb-border-radius-top-right:0px;--awb-border-radius-bottom-right:0px;--awb-border-radius-bottom-left:0px;--awb-margin-bottom:20px;--awb-flex-wrap:wrap;\" ><div class=\"fusion-builder-row fusion-row fusion-flex-align-items-flex-start fusion-flex-content-wrap\" style=\"max-width:1248px;margin-left: calc(-4% \/ 2 );margin-right: calc(-4% \/ 2 );\"><div class=\"fusion-layout-column fusion_builder_column fusion-builder-column-3 fusion_builder_column_1_3 1_3 fusion-flex-column\" style=\"--awb-bg-size:cover;--awb-width-large:33.333333333333%;--awb-margin-top-large:0px;--awb-spacing-right-large:5.76%;--awb-margin-bottom-large:20px;--awb-spacing-left-large:5.76%;--awb-width-medium:100%;--awb-order-medium:0;--awb-spacing-right-medium:1.92%;--awb-spacing-left-medium:1.92%;--awb-width-small:100%;--awb-order-small:0;--awb-spacing-right-small:1.92%;--awb-spacing-left-small:1.92%;\"><div class=\"fusion-column-wrapper fusion-column-has-shadow fusion-flex-justify-content-flex-start fusion-content-layout-column\"><div class=\"fusion-text fusion-text-2\"><p><strong>Tallinn Novira Plaza<\/strong><\/p>\n<p>Dr Toomas Urbla<\/p>\n<p>Dr Piret Pihkva<\/p>\n<\/div><\/div><\/div><div class=\"fusion-layout-column fusion_builder_column fusion-builder-column-4 fusion_builder_column_1_3 1_3 fusion-flex-column\" style=\"--awb-bg-size:cover;--awb-width-large:33.333333333333%;--awb-margin-top-large:0px;--awb-spacing-right-large:5.76%;--awb-margin-bottom-large:20px;--awb-spacing-left-large:5.76%;--awb-width-medium:100%;--awb-order-medium:0;--awb-spacing-right-medium:1.92%;--awb-spacing-left-medium:1.92%;--awb-width-small:100%;--awb-order-small:0;--awb-spacing-right-small:1.92%;--awb-spacing-left-small:1.92%;\"><div class=\"fusion-column-wrapper fusion-column-has-shadow fusion-flex-justify-content-flex-start fusion-content-layout-column\"><div class=\"fusion-text fusion-text-3\"><p><strong>Tallinna Rotermanni\u00a0<\/strong><\/p>\n<p>Dr M\u00f5kola Kondrin<\/p>\n<p>Dr Kristo Ivanov<\/p>\n<p>Dr Pille Soom<\/p>\n<p>Dr Rita \u017ddanovit\u0161<\/p>\n<\/div><\/div><\/div><div class=\"fusion-layout-column fusion_builder_column fusion-builder-column-5 fusion_builder_column_1_3 1_3 fusion-flex-column\" style=\"--awb-bg-size:cover;--awb-width-large:33.333333333333%;--awb-margin-top-large:0px;--awb-spacing-right-large:5.76%;--awb-margin-bottom-large:20px;--awb-spacing-left-large:5.76%;--awb-width-medium:100%;--awb-order-medium:0;--awb-spacing-right-medium:1.92%;--awb-spacing-left-medium:1.92%;--awb-width-small:100%;--awb-order-small:0;--awb-spacing-right-small:1.92%;--awb-spacing-left-small:1.92%;\"><div class=\"fusion-column-wrapper fusion-column-has-shadow fusion-flex-justify-content-flex-start fusion-content-layout-column\"><div class=\"fusion-text fusion-text-4\"><p><strong>Tartu<\/strong><\/p>\n<p>Dr Tiina Saar<\/p>\n<p>Dr Jana Annuk<\/p>\n<p>Dr Martin Metspalu<\/p>\n<\/div><\/div><\/div><\/div><\/div><div class=\"fusion-fullwidth fullwidth-box fusion-builder-row-5 fusion-flex-container has-pattern-background has-mask-background nonhundred-percent-fullwidth non-hundred-percent-height-scrolling\" style=\"--awb-border-radius-top-left:0px;--awb-border-radius-top-right:0px;--awb-border-radius-bottom-right:0px;--awb-border-radius-bottom-left:0px;--awb-flex-wrap:wrap;\" ><div class=\"fusion-builder-row fusion-row fusion-flex-align-items-flex-start fusion-flex-content-wrap\" style=\"max-width:1248px;margin-left: calc(-4% \/ 2 );margin-right: calc(-4% \/ 2 );\"><div class=\"fusion-layout-column fusion_builder_column fusion-builder-column-6 fusion_builder_column_1_1 1_1 fusion-flex-column\" style=\"--awb-bg-size:cover;--awb-width-large:100%;--awb-margin-top-large:0px;--awb-spacing-right-large:1.92%;--awb-margin-bottom-large:20px;--awb-spacing-left-large:1.92%;--awb-width-medium:100%;--awb-order-medium:0;--awb-spacing-right-medium:1.92%;--awb-spacing-left-medium:1.92%;--awb-width-small:100%;--awb-order-small:0;--awb-spacing-right-small:1.92%;--awb-spacing-left-small:1.92%;\"><div class=\"fusion-column-wrapper fusion-column-has-shadow fusion-flex-justify-content-flex-start fusion-content-layout-column\"><div class=\"fusion-text fusion-text-5\"><p><b>Varaa aika heti <span style=\"color: rgba(0, 0, 0, 0);\"><a href=\"https:\/\/patsient.maxilla.ee\/fi\/booking\/portal\/index\" target=\"_blank\" rel=\"noopener noreferrer\">t\u00e4\u00e4lt\u00e4!<\/a><\/span> T<span style=\"background-color: rgba(255, 255, 255, 0); color: var(--body_typography-color); font-family: var(--body_typography-font-family); font-size: var(--body_typography-font-size); font-style: var(--body_typography-font-style,normal); letter-spacing: var(--body_typography-letter-spacing);\">ai soita klinikoillemme.<\/span><\/b><\/p>\n<p><img decoding=\"async\" class=\"emoji\" role=\"img\" draggable=\"false\" src=\"https:\/\/s.w.org\/images\/core\/emoji\/13.0.1\/svg\/260e.svg\" alt=\"\u260e\ufe0f\" \/> Tallinnan Novira 6 601 006 | tallinn@maxilla.ee<\/p>\n<p><img decoding=\"async\" class=\"emoji\" role=\"img\" draggable=\"false\" src=\"https:\/\/s.w.org\/images\/core\/emoji\/13.0.1\/svg\/260e.svg\" alt=\"\u260e\ufe0f\" \/> Tallinnan Rotermanni 6 232 302 | rotermanni@maxilla.ee<\/p>\n<p><img decoding=\"async\" class=\"emoji\" role=\"img\" draggable=\"false\" src=\"https:\/\/s.w.org\/images\/core\/emoji\/13.0.1\/svg\/260e.svg\" alt=\"\u260e\ufe0f\" \/>Tartu 7 371 100 | tartu@maxilla.ee<\/p>\n<p><img decoding=\"async\" class=\"emoji\" role=\"img\" draggable=\"false\" src=\"https:\/\/s.w.org\/images\/core\/emoji\/13.0.1\/svg\/260e.svg\" alt=\"\u260e\ufe0f\" \/>Elva 7 356 777 | elva@maxilla.ee<\/p>\n<\/div><\/div><\/div><\/div><\/div><\/p>\n","protected":false},"excerpt":{"rendered":"","protected":false},"author":9,"featured_media":7232,"parent":10026,"menu_order":0,"comment_status":"closed","ping_status":"closed","template":"","meta":{"footnotes":""},"class_list":["post-9086","page","type-page","status-publish","has-post-thumbnail","hentry"],"_links":{"self":[{"href":"https:\/\/www.maxilla.ee\/fi\/wp-json\/wp\/v2\/pages\/9086","targetHints":{"allow":["GET"]}}],"collection":[{"href":"https:\/\/www.maxilla.ee\/fi\/wp-json\/wp\/v2\/pages"}],"about":[{"href":"https:\/\/www.maxilla.ee\/fi\/wp-json\/wp\/v2\/types\/page"}],"author":[{"embeddable":true,"href":"https:\/\/www.maxilla.ee\/fi\/wp-json\/wp\/v2\/users\/9"}],"replies":[{"embeddable":true,"href":"https:\/\/www.maxilla.ee\/fi\/wp-json\/wp\/v2\/comments?post=9086"}],"version-history":[{"count":6,"href":"https:\/\/www.maxilla.ee\/fi\/wp-json\/wp\/v2\/pages\/9086\/revisions"}],"predecessor-version":[{"id":17386,"href":"https:\/\/www.maxilla.ee\/fi\/wp-json\/wp\/v2\/pages\/9086\/revisions\/17386"}],"up":[{"embeddable":true,"href":"https:\/\/www.maxilla.ee\/fi\/wp-json\/wp\/v2\/pages\/10026"}],"wp:featuredmedia":[{"embeddable":true,"href":"https:\/\/www.maxilla.ee\/fi\/wp-json\/wp\/v2\/media\/7232"}],"wp:attachment":[{"href":"https:\/\/www.maxilla.ee\/fi\/wp-json\/wp\/v2\/media?parent=9086"}],"curies":[{"name":"wp","href":"https:\/\/api.w.org\/{rel}","templated":true}]}}