{"id":9055,"date":"2022-10-17T12:49:05","date_gmt":"2022-10-17T09:49:05","guid":{"rendered":"https:\/\/www.maxilla.ee\/?page_id=9055"},"modified":"2025-10-17T12:38:20","modified_gmt":"2025-10-17T09:38:20","slug":"implantteihin-kiinnitettavat-proteesit","status":"publish","type":"page","link":"https:\/\/www.maxilla.ee\/fi\/palvelut\/implanttihoito\/implantteihin-kiinnitettavat-proteesit\/","title":{"rendered":"Implantteihin kiinnitett\u00e4v\u00e4t proteesit"},"content":{"rendered":"<p><div class=\"fusion-fullwidth fullwidth-box fusion-builder-row-1 fusion-flex-container has-pattern-background has-mask-background nonhundred-percent-fullwidth non-hundred-percent-height-scrolling\" style=\"--awb-border-radius-top-left:0px;--awb-border-radius-top-right:0px;--awb-border-radius-bottom-right:0px;--awb-border-radius-bottom-left:0px;--awb-flex-wrap:wrap;\" ><div class=\"fusion-builder-row fusion-row fusion-flex-align-items-flex-start fusion-flex-content-wrap\" style=\"max-width:1248px;margin-left: calc(-4% \/ 2 );margin-right: calc(-4% \/ 2 );\"><div class=\"fusion-layout-column fusion_builder_column fusion-builder-column-0 fusion_builder_column_1_2 1_2 fusion-flex-column\" style=\"--awb-bg-size:cover;--awb-width-large:50%;--awb-margin-top-large:0px;--awb-spacing-right-large:3.84%;--awb-margin-bottom-large:20px;--awb-spacing-left-large:3.84%;--awb-width-medium:100%;--awb-order-medium:0;--awb-spacing-right-medium:1.92%;--awb-spacing-left-medium:1.92%;--awb-width-small:100%;--awb-order-small:0;--awb-spacing-right-small:1.92%;--awb-spacing-left-small:1.92%;\"><div class=\"fusion-column-wrapper fusion-column-has-shadow fusion-flex-justify-content-flex-start fusion-content-layout-column\"><div class=\"fusion-title title fusion-title-1 fusion-sep-none fusion-title-text fusion-title-size-two\" style=\"--awb-text-color:var(--awb-custom10);--awb-margin-top-small:10px;--awb-margin-right-small:0px;--awb-margin-bottom-small:10px;--awb-margin-left-small:0px;\"><h2 class=\"fusion-title-heading title-heading-left fusion-responsive-typography-calculated\" style=\"margin:0;text-transform:none;--fontSize:28;line-height:1.5;\">IMPLANTTEIHIN KIINNITETT\u00c4V\u00c4T PROTEESIT<\/h2><\/div><div class=\"fusion-text fusion-text-1\"><h3>Implantteihin kiinnitett\u00e4v\u00e4 proteesiteknologia (implanttisilta) on paras hoitoratkaisu, jos on korvattava koko hammaskaari tai suurempi aukko ikeness\u00e4 (4\u20138 puuttuvaa hammasta).<\/h3>\n<p>Kyseisen tekniikan t\u00e4rkein etu on se, etteiv\u00e4t kaikki hampaat tarvitse omaa implanttia. Kruunut on liitetty toisiinsa, ja aukon koosta riippuen niit\u00e4 tukee kahden tai useamman implantin muodostama vakaa pohja. Kokoproteesin lujaan tukemiseen tarvitaan vain 2\u20134 uutta hammasjuurta.<\/p>\n<p>Koko hammaskaaren tai usean hampaan korvaaminen proteesilla antaa potilaalle mukavuuden ja varmuuden, sill\u00e4 implantin kanssa ei ole vaaraa, ett\u00e4 proteesi irtoaa yll\u00e4tt\u00e4en tai siirtyy pois paikaltaan. Lopputulos on hyvin luonnollinen ja muistuttaa oikeita hampaita.<\/p>\n<p>Kyseisen tekniikan avulla voidaan korvata my\u00f6s puuttuva ien, joka asetetaan yhdess\u00e4 hammaskaaren kanssa.<\/p>\n<p>Leukaluuhun asetetut implantit auttavat my\u00f6s est\u00e4m\u00e4\u00e4n luukatoa jatkossa. Se auttaa s\u00e4ilytt\u00e4m\u00e4\u00e4n luonnollisen kasvojen muodon ja purennan.<\/p>\n<\/div><\/div><\/div><div class=\"fusion-layout-column fusion_builder_column fusion-builder-column-1 fusion_builder_column_1_2 1_2 fusion-flex-column fusion-animated\" style=\"--awb-bg-size:cover;--awb-width-large:50%;--awb-margin-top-large:0px;--awb-spacing-right-large:3.84%;--awb-margin-bottom-large:20px;--awb-spacing-left-large:3.84%;--awb-width-medium:100%;--awb-order-medium:0;--awb-spacing-right-medium:1.92%;--awb-spacing-left-medium:1.92%;--awb-width-small:100%;--awb-order-small:0;--awb-spacing-right-small:1.92%;--awb-spacing-left-small:1.92%;\" data-animationType=\"fadeInLeft\" data-animationDuration=\"1.3\" data-animationOffset=\"top-into-view\"><div class=\"fusion-column-wrapper fusion-column-has-shadow fusion-flex-justify-content-flex-start fusion-content-layout-column\"><div class=\"fusion-image-element awb-imageframe-style awb-imageframe-style-below awb-imageframe-style-1\" style=\"--awb-aspect-ratio:1 \/ 1;--awb-caption-title-color:var(--awb-color6);--awb-caption-margin-top:10px;--awb-caption-title-font-family:var(--h6_typography-font-family);--awb-caption-title-font-weight:var(--h6_typography-font-weight);--awb-caption-title-font-style:var(--h6_typography-font-style);--awb-caption-title-size:var(--h6_typography-font-size);--awb-caption-title-transform:var(--h6_typography-text-transform);--awb-caption-title-line-height:var(--h6_typography-line-height);--awb-caption-title-letter-spacing:var(--h6_typography-letter-spacing);\"><span class=\" fusion-imageframe imageframe-none imageframe-1 hover-type-none has-aspect-ratio\"><img decoding=\"async\" width=\"640\" height=\"427\" alt=\"Implantaatidele kinnitatavad proteesid\" title=\"Implantaatidele kinnitatavad proteesid\" src=\"https:\/\/www.maxilla.ee\/wp-content\/uploads\/2022\/12\/Implantaatidele-kinnitatavad-proteesid.jpg\" class=\"img-responsive wp-image-9579 img-with-aspect-ratio\" data-parent-fit=\"cover\" data-parent-container=\".fusion-image-element\" srcset=\"https:\/\/www.maxilla.ee\/wp-content\/uploads\/2022\/12\/Implantaatidele-kinnitatavad-proteesid-200x133.jpg 200w, https:\/\/www.maxilla.ee\/wp-content\/uploads\/2022\/12\/Implantaatidele-kinnitatavad-proteesid-400x267.jpg 400w, https:\/\/www.maxilla.ee\/wp-content\/uploads\/2022\/12\/Implantaatidele-kinnitatavad-proteesid-600x400.jpg 600w, https:\/\/www.maxilla.ee\/wp-content\/uploads\/2022\/12\/Implantaatidele-kinnitatavad-proteesid.jpg 640w\" sizes=\"(max-width: 1024px) 100vw, (max-width: 640px) 100vw, 600px\" \/><\/span><div class=\"awb-imageframe-caption-container\"><div class=\"awb-imageframe-caption\"><h6 class=\"awb-imageframe-caption-title\">Kuvan ty\u00f6n suoritti tohtori Toomas Urbla<\/h6><\/div><\/div><\/div><\/div><\/div><\/div><\/div><div class=\"fusion-fullwidth fullwidth-box fusion-builder-row-2 fusion-flex-container has-pattern-background has-mask-background nonhundred-percent-fullwidth non-hundred-percent-height-scrolling\" style=\"--awb-border-radius-top-left:0px;--awb-border-radius-top-right:0px;--awb-border-radius-bottom-right:0px;--awb-border-radius-bottom-left:0px;--awb-flex-wrap:wrap;\" ><div class=\"fusion-builder-row fusion-row fusion-flex-align-items-flex-start fusion-flex-content-wrap\" style=\"max-width:1248px;margin-left: calc(-4% \/ 2 );margin-right: calc(-4% \/ 2 );\"><div class=\"fusion-layout-column fusion_builder_column fusion-builder-column-2 fusion_builder_column_1_1 1_1 fusion-flex-column\" style=\"--awb-bg-size:cover;--awb-width-large:100%;--awb-margin-top-large:0px;--awb-spacing-right-large:1.92%;--awb-margin-bottom-large:20px;--awb-spacing-left-large:1.92%;--awb-width-medium:100%;--awb-order-medium:0;--awb-spacing-right-medium:1.92%;--awb-spacing-left-medium:1.92%;--awb-width-small:100%;--awb-order-small:0;--awb-spacing-right-small:1.92%;--awb-spacing-left-small:1.92%;\"><div class=\"fusion-column-wrapper fusion-column-has-shadow fusion-flex-justify-content-flex-start fusion-content-layout-column\"><div class=\"fusion-text fusion-text-2\"><h2 class=\"fusion-responsive-typography-calculated\" style=\"--fontsize: 28; line-height: 1.5;\" data-fontsize=\"28\" data-lineheight=\"42px\"><span style=\"color: var(--awb-custom10);\" data-fusion-font=\"true\" data-fusion-google-font=\"Lato\" data-fusion-google-variant=\"400\">Implantteihin kiinnitett\u00e4v\u00e4n proteesitekniikan t\u00e4rkeimm\u00e4t edut<\/span><\/h2>\n<ul>\n<li><span style=\"color: var(--awb-color8);\">luonnollinen ja esteettinen lopputulos<\/span><\/li>\n<li><span style=\"color: var(--awb-color8);\">Mukavuus kaikissa tilanteissa \u2013 proteesi ei irtoa yll\u00e4tt\u00e4en<\/span><\/li>\n<li><span style=\"color: var(--awb-color8);\">Luonnollinen kasvojen muoto s\u00e4ilyy \u2013 implantti ehk\u00e4isee luukatoa jatkossa<\/span><\/li>\n<li><span style=\"color: var(--awb-color8);\">Voidaan k\u00e4ytt\u00e4\u00e4 my\u00f6s ikenien korvaamiseen \u2013 tekoien asetetaan yhdess\u00e4 hammaskaaren kanssa<\/span><\/li>\n<\/ul>\n<h2 style=\"color: var(--awb-custom10);\" data-fontsize=\"28\" data-lineheight=\"42px\">Kokoproteesien asentaminen<\/h2>\n<p>Konsultaation ja tarkan hoitosuunnitelman laatimisen j\u00e4lkeen uudet hammasjuuret asetetaan leukaluuhun yleens\u00e4 yhden hoitokerran aikana. Implantit asetetaan joko yleisanestesiassa tai paikallispuudutuksessa. Potilaan kannalta paras vaihtoehto p\u00e4\u00e4tet\u00e4\u00e4n yhdess\u00e4 l\u00e4\u00e4k\u00e4rin kanssa.<\/p>\n<p>Kun implantit on asennettu, haavojen on parannuttava muutaman p\u00e4iv\u00e4n ajan. Sen j\u00e4lkeen otetaan j\u00e4ljenn\u00f6kset hammaskruunuja varten. Otetuista j\u00e4ljenn\u00f6ksist\u00e4 tehd\u00e4\u00e4n hammaslaboratoriossa potilaalle sopivat implantteihin kiinnitett\u00e4v\u00e4t proteesit. Ty\u00f6n monimutkaisuudesta ja potilaan terveydentilasta riippuen koko prosessi voi kest\u00e4\u00e4 viikon tai kaksi. Hoidon p\u00e4\u00e4tteeksi potilaalla on luonnollinen hymy ja varmasti pysyv\u00e4t hampaat.<\/p>\n<h4 data-fontsize=\"18\" data-lineheight=\"27px\"><\/h4>\n<p><strong>Implantologit ottavat potilaita vastaan seuraavilla Maxilla-hammasklinikoilla:<\/strong><\/p>\n<ul>\n<li>Tallinnan Novira Plaza (Tartu mnt 25) 6 601 006<\/li>\n<li>Tallinnan Rotermanni (Laeva 2) 6 232 302<\/li>\n<li>Tartu (Soola 8) 7 371 100<\/li>\n<\/ul>\n<\/div><\/div><\/div><\/div><\/div><div class=\"fusion-fullwidth fullwidth-box fusion-builder-row-3 fusion-flex-container has-pattern-background has-mask-background nonhundred-percent-fullwidth non-hundred-percent-height-scrolling\" style=\"--awb-border-radius-top-left:0px;--awb-border-radius-top-right:0px;--awb-border-radius-bottom-right:0px;--awb-border-radius-bottom-left:0px;--awb-padding-top:40px;--awb-margin-top:81px;--awb-flex-wrap:wrap;\" ><div class=\"fusion-builder-row fusion-row fusion-flex-align-items-flex-start fusion-flex-content-wrap\" style=\"max-width:1248px;margin-left: calc(-4% \/ 2 );margin-right: calc(-4% \/ 2 );\"><div class=\"fusion-layout-column fusion_builder_column fusion-builder-column-3 fusion_builder_column_1_2 1_2 fusion-flex-column fusion-column-inner-bg-wrapper fusion-animated\" style=\"--awb-inner-bg-size:cover;--awb-width-large:50%;--awb-margin-top-large:0px;--awb-spacing-right-large:3.84%;--awb-margin-bottom-large:20px;--awb-spacing-left-large:3.84%;--awb-width-medium:100%;--awb-order-medium:0;--awb-spacing-right-medium:1.92%;--awb-spacing-left-medium:1.92%;--awb-width-small:100%;--awb-order-small:0;--awb-spacing-right-small:1.92%;--awb-spacing-left-small:1.92%;\" data-animationType=\"fadeInLeft\" data-animationDuration=\"1.0\" data-animationOffset=\"top-into-view\"><span class=\"fusion-column-inner-bg hover-type-none\"><a class=\"fusion-column-anchor\" href=\"https:\/\/www.maxilla.ee\/fi\/palvelut\/implanttihoito\/luun-lisaaminen-eli-augmentaatio\/\"><span class=\"fusion-column-inner-bg-image\"><\/span><\/a><\/span><div class=\"fusion-column-wrapper fusion-column-has-shadow fusion-flex-justify-content-flex-start fusion-content-layout-column\"><div class=\"fusion-builder-row fusion-builder-row-inner fusion-row fusion-flex-align-items-flex-start fusion-flex-content-wrap\" style=\"--awb-flex-grow:0;--awb-flex-grow-medium:0;--awb-flex-grow-small:0;--awb-flex-shrink:0;--awb-flex-shrink-medium:0;--awb-flex-shrink-small:0;width:104% !important;max-width:104% !important;margin-left: calc(-4% \/ 2 );margin-right: calc(-4% \/ 2 );\"><div class=\"fusion-layout-column fusion_builder_column_inner fusion-builder-nested-column-0 fusion_builder_column_inner_1_6 1_6 fusion-flex-column\" style=\"--awb-bg-size:cover;--awb-width-large:16.666666666667%;--awb-margin-top-large:0px;--awb-spacing-right-large:11.52%;--awb-margin-bottom-large:20px;--awb-spacing-left-large:11.52%;--awb-width-medium:100%;--awb-order-medium:0;--awb-spacing-right-medium:1.92%;--awb-spacing-left-medium:1.92%;--awb-width-small:100%;--awb-order-small:0;--awb-spacing-right-small:1.92%;--awb-spacing-left-small:1.92%;\"><div class=\"fusion-column-wrapper fusion-column-has-shadow fusion-flex-justify-content-flex-start fusion-content-layout-column\"><i class=\"fb-icon-element-1 fb-icon-element fontawesome-icon fa-arrow-right fas circle-yes fusion-text-flow\" style=\"--awb-circlecolor:var(--awb-color5);--awb-circlecolor-hover:var(--awb-custom10);--awb-circlebordercolor:var(--awb-color5);--awb-circlebordercolor-hover:var(--awb-custom10);--awb-circlebordersize:1px;--awb-font-size:28.16px;--awb-width:56.32px;--awb-height:56.32px;--awb-line-height:54.32px;--awb-margin-right:16px;\"><\/i><\/div><\/div><div class=\"fusion-layout-column fusion_builder_column_inner fusion-builder-nested-column-1 fusion_builder_column_inner_5_6 5_6 fusion-flex-column\" style=\"--awb-bg-size:cover;--awb-width-large:83.333333333333%;--awb-margin-top-large:0px;--awb-spacing-right-large:2.304%;--awb-margin-bottom-large:20px;--awb-spacing-left-large:2.304%;--awb-width-medium:100%;--awb-order-medium:0;--awb-spacing-right-medium:1.92%;--awb-spacing-left-medium:1.92%;--awb-width-small:100%;--awb-order-small:0;--awb-spacing-right-small:1.92%;--awb-spacing-left-small:1.92%;\"><div class=\"fusion-column-wrapper fusion-column-has-shadow fusion-flex-justify-content-flex-start fusion-content-layout-column\"><div class=\"fusion-text fusion-text-3\"><p>Lue my\u00f6s mit\u00e4 <strong>augmentaatio<\/strong> on ja miksi se on tarpeen.<\/p>\n<\/div><\/div><\/div><\/div><\/div><\/div><\/div><\/div><\/p>\n","protected":false},"excerpt":{"rendered":"","protected":false},"author":9,"featured_media":0,"parent":10079,"menu_order":0,"comment_status":"closed","ping_status":"closed","template":"","meta":{"footnotes":""},"class_list":["post-9055","page","type-page","status-publish","hentry"],"_links":{"self":[{"href":"https:\/\/www.maxilla.ee\/fi\/wp-json\/wp\/v2\/pages\/9055","targetHints":{"allow":["GET"]}}],"collection":[{"href":"https:\/\/www.maxilla.ee\/fi\/wp-json\/wp\/v2\/pages"}],"about":[{"href":"https:\/\/www.maxilla.ee\/fi\/wp-json\/wp\/v2\/types\/page"}],"author":[{"embeddable":true,"href":"https:\/\/www.maxilla.ee\/fi\/wp-json\/wp\/v2\/users\/9"}],"replies":[{"embeddable":true,"href":"https:\/\/www.maxilla.ee\/fi\/wp-json\/wp\/v2\/comments?post=9055"}],"version-history":[{"count":21,"href":"https:\/\/www.maxilla.ee\/fi\/wp-json\/wp\/v2\/pages\/9055\/revisions"}],"predecessor-version":[{"id":17370,"href":"https:\/\/www.maxilla.ee\/fi\/wp-json\/wp\/v2\/pages\/9055\/revisions\/17370"}],"up":[{"embeddable":true,"href":"https:\/\/www.maxilla.ee\/fi\/wp-json\/wp\/v2\/pages\/10079"}],"wp:attachment":[{"href":"https:\/\/www.maxilla.ee\/fi\/wp-json\/wp\/v2\/media?parent=9055"}],"curies":[{"name":"wp","href":"https:\/\/api.w.org\/{rel}","templated":true}]}}