{"id":4263,"date":"2018-10-10T22:42:35","date_gmt":"2018-10-10T19:42:35","guid":{"rendered":"https:\/\/www.maxilla.ee\/?page_id=4263"},"modified":"2018-10-10T22:42:35","modified_gmt":"2018-10-10T19:42:35","slug":"hoitoasiakirjojen-luovutus","status":"publish","type":"page","link":"https:\/\/www.maxilla.ee\/fi\/hoitoasiakirjojen-luovutus\/","title":{"rendered":"Hoitoasiakirjojen luovutus"},"content":{"rendered":"<p><strong>Hoitojonon s\u00e4\u00e4nn\u00f6t Maxilla Hambakliinikissa<\/strong><\/p>\n<p>\u00a001.01.2018<\/p>\n<p>\u00a0Vastaanotolle voi ilmoittautua ma-pe 8.00 \u2013 20.00 (Tallinnan klinikka, Tarton klinikka) ja ma-pe 8.00 \u2013 20.00, la 9.00 \u2013 14.00 (Elvan klinikka).<\/p>\n<ul>\n<li>puhelimitse<\/li>\n<li>suullisesti paikan p\u00e4\u00e4ll\u00e4<\/li>\n<li>internetiss\u00e4 kotisivun kautta \u2013 <a href=\"https:\/\/www.maxilla.ee\/fi\/varaa-aika\/\">maxilla.ee\/broneering<\/a> (sis\u00e4\u00e4nkirjautuminen henkil\u00f6kortilla tai Mobiil-ID:ll\u00e4)<\/li>\n<li>s\u00e4hk\u00f6postitse<\/li>\n<\/ul>\n<p>&nbsp;<\/p>\n<p><strong>Potilaiden vastaanotto on j\u00e4rjestetty seuraavasti:<\/strong><\/p>\n<p>&nbsp;<\/p>\n<ul>\n<li>jokaisen potilaan vastaanoton kestoksi on laskettu 45-50 minuuttia<\/li>\n<li>ensiapua annetaan klinikalle saapuville potilaille mahdollisimman nopeasti (ensimm\u00e4isen\u00e4 vapaana hetken\u00e4)<\/li>\n<li>suunnitellun hoidon saaminen tapahtuu ajanvarauksella<\/li>\n<\/ul>\n<p>&nbsp;<\/p>\n<p>Alle 19-vuotiaille lapsille annetaan ajanvarauksella yksi vastaanottoaika jokaista l\u00e4\u00e4k\u00e4rin 6 tunnin vastaanottoa kohti. Jonoon ilmoittautuminen tapahtuu hammashoito-ohjelmassa Hammas. Hoitojonoon kirjataan seuraavat tiedot:<\/p>\n<ul>\n<li>potilaan etu- ja sukunimi, henkil\u00f6tunnus<\/li>\n<li>potilaan yhteystiedot (puhelinnumero ja s\u00e4hk\u00f6postiosoite, jos sellainen on olemassa)<\/li>\n<li>ajanvarausp\u00e4iv\u00e4<\/li>\n<li>suunniteltu vastaanottoaika<\/li>\n<li>vastaanottavan l\u00e4\u00e4k\u00e4rin nimi<\/li>\n<\/ul>\n<p>&nbsp;<\/p>\n<p>Potilaalle ilmoitetaan vastaanoton p\u00e4iv\u00e4m\u00e4\u00e4r\u00e4, kellonaika ja vastaanottavan l\u00e4\u00e4k\u00e4rin nimi. Vastaanottomuistutus l\u00e4hetet\u00e4\u00e4n potilaalle my\u00f6s tekstiviestin\u00e4 vastaanottoaikaa edelt\u00e4v\u00e4n\u00e4 p\u00e4iv\u00e4n\u00e4. Jos potilaalla on s\u00e4hk\u00f6postiosoite, muistutus l\u00e4hetet\u00e4\u00e4n my\u00f6s s\u00e4hk\u00f6postiin.<\/p>\n<p>Suunnitellun hoidon vastaanotolle ilmoittautuessa potilaalle tarjotaan ensimm\u00e4ist\u00e4 vapaata vastaanottoaikaa. Jos se ei sovi potilaalle, h\u00e4nelle annetaan mahdollisuus valita sopiva aika ensimm\u00e4ist\u00e4 aikaa seuraavista vapaista ajoista.\u00a0 Hoitojonoon teht\u00e4vist\u00e4 muutoksista ilmoitetaan potilaalle v\u00e4hint\u00e4\u00e4n yhden ty\u00f6p\u00e4iv\u00e4n kuluessa muutoksen tekemisest\u00e4 ja s\u00e4ilytet\u00e4\u00e4n tiedot merkinn\u00e4ll\u00e4 siit\u00e4, ett\u00e4 potilaalle on ilmoitettu muutoksista.<\/p>\n<p>Jos potilas my\u00f6h\u00e4styy vastaanotolta, h\u00e4n saattaa menett\u00e4\u00e4 oikeutensa vastaanottoon samana p\u00e4iv\u00e4n\u00e4. T\u00e4ss\u00e4 tapauksessa potilaalle m\u00e4\u00e4r\u00e4t\u00e4\u00e4n uusi, hoitojonon ensimm\u00e4inen vapaa vastaanottoaika.<\/p>\n<p>Hoitojonon enimm\u00e4ispituus on:<\/p>\n<ul>\n<li>alle 19-vuotiaiden lasten hammashoidossa 12 kk<\/li>\n<li>alle 19-vuotiaiden lasten ortodontiadiagnooseissa 9 kk<\/li>\n<li>suu- ja leukakirurgin vastaanotoille 6 viikkoa.<\/li>\n<\/ul>\n<p>Muut vastaanottoajat on tarkoitettu toistuviin vastaanottoihin diagnoosia ja hoitomenetelmi\u00e4 vastaavasti.<\/p>\n<p>&nbsp;<\/p>\n","protected":false},"excerpt":{"rendered":"","protected":false},"author":7,"featured_media":0,"parent":0,"menu_order":0,"comment_status":"closed","ping_status":"closed","template":"","meta":{"footnotes":""},"class_list":["post-4263","page","type-page","status-publish","hentry"],"_links":{"self":[{"href":"https:\/\/www.maxilla.ee\/fi\/wp-json\/wp\/v2\/pages\/4263","targetHints":{"allow":["GET"]}}],"collection":[{"href":"https:\/\/www.maxilla.ee\/fi\/wp-json\/wp\/v2\/pages"}],"about":[{"href":"https:\/\/www.maxilla.ee\/fi\/wp-json\/wp\/v2\/types\/page"}],"author":[{"embeddable":true,"href":"https:\/\/www.maxilla.ee\/fi\/wp-json\/wp\/v2\/users\/7"}],"replies":[{"embeddable":true,"href":"https:\/\/www.maxilla.ee\/fi\/wp-json\/wp\/v2\/comments?post=4263"}],"version-history":[{"count":1,"href":"https:\/\/www.maxilla.ee\/fi\/wp-json\/wp\/v2\/pages\/4263\/revisions"}],"predecessor-version":[{"id":4264,"href":"https:\/\/www.maxilla.ee\/fi\/wp-json\/wp\/v2\/pages\/4263\/revisions\/4264"}],"wp:attachment":[{"href":"https:\/\/www.maxilla.ee\/fi\/wp-json\/wp\/v2\/media?parent=4263"}],"curies":[{"name":"wp","href":"https:\/\/api.w.org\/{rel}","templated":true}]}}