{"id":4240,"date":"2018-10-10T22:22:14","date_gmt":"2018-10-10T19:22:14","guid":{"rendered":"https:\/\/www.maxilla.ee\/?page_id=4240"},"modified":"2024-10-22T15:48:11","modified_gmt":"2024-10-22T12:48:11","slug":"viron-haigekassa-sairausvakuutuskassa","status":"publish","type":"page","link":"https:\/\/www.maxilla.ee\/fi\/viron-haigekassa-sairausvakuutuskassa\/","title":{"rendered":"Viron Tervisekassa (sairausvakuutuskassa)"},"content":{"rendered":"<p><div class=\"fusion-fullwidth fullwidth-box fusion-builder-row-1 fusion-flex-container has-pattern-background has-mask-background nonhundred-percent-fullwidth non-hundred-percent-height-scrolling\" style=\"--awb-border-radius-top-left:0px;--awb-border-radius-top-right:0px;--awb-border-radius-bottom-right:0px;--awb-border-radius-bottom-left:0px;--awb-flex-wrap:wrap;\" ><div class=\"fusion-builder-row fusion-row fusion-flex-align-items-flex-start fusion-flex-content-wrap\" style=\"max-width:1248px;margin-left: calc(-4% \/ 2 );margin-right: calc(-4% \/ 2 );\"><div class=\"fusion-layout-column fusion_builder_column fusion-builder-column-0 fusion_builder_column_1_1 1_1 fusion-flex-column\" style=\"--awb-bg-size:cover;--awb-width-large:100%;--awb-margin-top-large:0px;--awb-spacing-right-large:1.92%;--awb-margin-bottom-large:20px;--awb-spacing-left-large:1.92%;--awb-width-medium:100%;--awb-order-medium:0;--awb-spacing-right-medium:1.92%;--awb-spacing-left-medium:1.92%;--awb-width-small:100%;--awb-order-small:0;--awb-spacing-right-small:1.92%;--awb-spacing-left-small:1.92%;\"><div class=\"fusion-column-wrapper fusion-column-has-shadow fusion-flex-justify-content-flex-start fusion-content-layout-column\"><div class=\"fusion-title title fusion-title-1 fusion-sep-none fusion-title-text fusion-title-size-two\" style=\"--awb-margin-top-small:10px;--awb-margin-right-small:0px;--awb-margin-bottom-small:10px;--awb-margin-left-small:0px;--awb-font-size:35px;\"><h2 class=\"fusion-title-heading title-heading-left fusion-responsive-typography-calculated\" style=\"margin:0;font-size:1em;--fontSize:35;line-height:1.5;\">MAXILLAN YHTEISTY\u00d6 VIRON SAIRAUSKASSAN (TERVISEKASSA)<\/h2><\/div><\/div><\/div><\/div><\/div><div class=\"fusion-fullwidth fullwidth-box fusion-builder-row-2 fusion-flex-container nonhundred-percent-fullwidth non-hundred-percent-height-scrolling\" style=\"--awb-border-radius-top-left:0px;--awb-border-radius-top-right:0px;--awb-border-radius-bottom-right:0px;--awb-border-radius-bottom-left:0px;--awb-flex-wrap:wrap;\" ><div class=\"fusion-builder-row fusion-row fusion-flex-align-items-flex-start fusion-flex-content-wrap\" style=\"max-width:1248px;margin-left: calc(-4% \/ 2 );margin-right: calc(-4% \/ 2 );\"><div class=\"fusion-layout-column fusion_builder_column fusion-builder-column-1 fusion_builder_column_1_1 1_1 fusion-flex-column\" style=\"--awb-bg-size:cover;--awb-width-large:100%;--awb-margin-top-large:0px;--awb-spacing-right-large:1.92%;--awb-margin-bottom-large:0px;--awb-spacing-left-large:1.92%;--awb-width-medium:100%;--awb-spacing-right-medium:1.92%;--awb-spacing-left-medium:1.92%;--awb-width-small:100%;--awb-spacing-right-small:1.92%;--awb-spacing-left-small:1.92%;\"><div class=\"fusion-column-wrapper fusion-flex-justify-content-flex-start fusion-content-layout-column\"><div class=\"fusion-image-element \" style=\"--awb-max-width:250px;--awb-caption-title-font-family:var(--h2_typography-font-family);--awb-caption-title-font-weight:var(--h2_typography-font-weight);--awb-caption-title-font-style:var(--h2_typography-font-style);--awb-caption-title-size:var(--h2_typography-font-size);--awb-caption-title-transform:var(--h2_typography-text-transform);--awb-caption-title-line-height:var(--h2_typography-line-height);--awb-caption-title-letter-spacing:var(--h2_typography-letter-spacing);\"><span class=\" fusion-imageframe imageframe-none imageframe-1 hover-type-none\"><img decoding=\"async\" width=\"500\" height=\"86\" alt=\"Tervisekassa \" title=\"Tervisekassa Logo Black\" src=\"https:\/\/www.maxilla.ee\/wp-content\/uploads\/2023\/05\/Tervisekassa-Logo-Black-1.jpg\" class=\"img-responsive wp-image-10879\" srcset=\"https:\/\/www.maxilla.ee\/wp-content\/uploads\/2023\/05\/Tervisekassa-Logo-Black-1-200x34.jpg 200w, https:\/\/www.maxilla.ee\/wp-content\/uploads\/2023\/05\/Tervisekassa-Logo-Black-1-400x69.jpg 400w, https:\/\/www.maxilla.ee\/wp-content\/uploads\/2023\/05\/Tervisekassa-Logo-Black-1.jpg 500w\" sizes=\"(max-width: 1024px) 100vw, (max-width: 640px) 100vw, 500px\" \/><\/span><\/div><div class=\"fusion-text fusion-text-1\"><p><strong style=\"color: var(--awb-text-color); font-family: var(--awb-text-font-family); font-size: var(--awb-font-size); font-style: var(--awb-text-font-style); letter-spacing: var(--awb-letter-spacing); text-align: var(--awb-content-alignment); text-transform: var(--awb-text-transform); background-color: var(--awb-bg-color-hover);\"><font style=\"vertical-align: inherit;\"><font style=\"vertical-align: inherit;\"><br \/><\/font><\/font><\/strong><\/p>\n<p><b>Maxilla Hambaklinik on tehnyt Viron sairauskassan (Tervisekassa) kanssa seuraavat sopimukset:<\/b><\/p>\n<ul>\n<li>Alle 19-vuotiaiden vakuutettujen henkil\u00f6iden hoitosopimus<\/li>\n<li>Alle 19-vuotiaiden vakuutettujen henkil\u00f6iden ortodontiasopimus<\/li>\n<li>Suu- ja leukakirurgian sopimus<\/li>\n<li>Proteesien korvaussopimus<\/li>\n<\/ul>\n<p>Potilaan on maksettava Tervisekassa korvaamasta vastaanotosta 5 euron k\u00e4yntimaksu.<\/p>\n<p>Maxilla AS ei ole solminut sopimusta aikuisten hammashoidon korvaamisesta.<\/p>\n<p>Alle 19-vuotiaiden lasten hammashoito jatkuu muutoksitta.<\/p>\n<p><b>Potilas, joka haluaa tarkempaa tietoa Viron sairauskassan korvaamista palveluista, voi ottaa yhteytt\u00e4 sairausvakuutuskassaan:<\/b><\/p>\n<ul>\n<li>Puhelin: +372 669 6630<\/li>\n<li>S\u00e4hk\u00f6posti: info@tervisekassa.ee<\/li>\n<li>Verkkosivusto: https:\/\/www.tervisekassa.ee\/en<\/li>\n<\/ul>\n<p><b>Lis\u00e4tietoa aikuisten hammashoitokorvauksesta saa <a href=\"https:\/\/www.tervisekassa.ee\/en\" target=\"_blank\" rel=\"noopener noreferrer\">t\u00e4\u00e4lt\u00e4<\/a><a href=\"https:\/\/www.tervisekassa.ee\/en\" target=\"_blank\" rel=\"noopener noreferrer\">.<\/a><\/b><\/p>\n<\/div><\/div><\/div><\/div><\/div><\/p>\n","protected":false},"excerpt":{"rendered":"","protected":false},"author":7,"featured_media":0,"parent":0,"menu_order":0,"comment_status":"closed","ping_status":"closed","template":"","meta":{"footnotes":""},"class_list":["post-4240","page","type-page","status-publish","hentry"],"_links":{"self":[{"href":"https:\/\/www.maxilla.ee\/fi\/wp-json\/wp\/v2\/pages\/4240","targetHints":{"allow":["GET"]}}],"collection":[{"href":"https:\/\/www.maxilla.ee\/fi\/wp-json\/wp\/v2\/pages"}],"about":[{"href":"https:\/\/www.maxilla.ee\/fi\/wp-json\/wp\/v2\/types\/page"}],"author":[{"embeddable":true,"href":"https:\/\/www.maxilla.ee\/fi\/wp-json\/wp\/v2\/users\/7"}],"replies":[{"embeddable":true,"href":"https:\/\/www.maxilla.ee\/fi\/wp-json\/wp\/v2\/comments?post=4240"}],"version-history":[{"count":12,"href":"https:\/\/www.maxilla.ee\/fi\/wp-json\/wp\/v2\/pages\/4240\/revisions"}],"predecessor-version":[{"id":14042,"href":"https:\/\/www.maxilla.ee\/fi\/wp-json\/wp\/v2\/pages\/4240\/revisions\/14042"}],"wp:attachment":[{"href":"https:\/\/www.maxilla.ee\/fi\/wp-json\/wp\/v2\/media?parent=4240"}],"curies":[{"name":"wp","href":"https:\/\/api.w.org\/{rel}","templated":true}]}}