{"id":16707,"date":"2023-10-06T13:07:17","date_gmt":"2023-10-06T10:07:17","guid":{"rendered":"https:\/\/www.maxilla.ee\/parodontoloogia\/"},"modified":"2025-06-11T15:08:56","modified_gmt":"2025-06-11T12:08:56","slug":"parodontologia","status":"publish","type":"page","link":"https:\/\/www.maxilla.ee\/fi\/parodontologia\/","title":{"rendered":"Parodontologia"},"content":{"rendered":"<p><div class=\"fusion-fullwidth fullwidth-box fusion-builder-row-1 fusion-flex-container nonhundred-percent-fullwidth non-hundred-percent-height-scrolling\" style=\"--link_hover_color: #d21e36;--link_color: #d21e36;--awb-border-sizes-top:0px;--awb-border-sizes-bottom:0px;--awb-border-sizes-left:0px;--awb-border-sizes-right:0px;--awb-border-color:#d1d1d1;--awb-border-radius-top-left:0px;--awb-border-radius-top-right:0px;--awb-border-radius-bottom-right:0px;--awb-border-radius-bottom-left:0px;--awb-padding-top:10px;--awb-padding-right:30px;--awb-padding-bottom:0px;--awb-padding-left:30px;--awb-padding-top-medium:60px;--awb-padding-bottom-medium:60px;--awb-padding-top-small:50px;--awb-padding-right-small:50px;--awb-padding-bottom-small:50px;--awb-padding-left-small:50px;--awb-margin-top:0px;--awb-margin-bottom:0px;--awb-flex-wrap:wrap;\" ><div class=\"fusion-builder-row fusion-row fusion-flex-align-items-stretch fusion-flex-content-wrap\" style=\"max-width:1248px;margin-left: calc(-4% \/ 2 );margin-right: calc(-4% \/ 2 );\"><div class=\"fusion-layout-column fusion_builder_column fusion-builder-column-0 fusion_builder_column_2_5 2_5 fusion-flex-column fusion-flex-align-self-center\" style=\"--awb-bg-size:cover;--awb-width-large:40%;--awb-margin-top-large:0px;--awb-spacing-right-large:0%;--awb-margin-bottom-large:67px;--awb-spacing-left-large:0%;--awb-width-medium:50%;--awb-order-medium:0;--awb-spacing-right-medium:0%;--awb-margin-bottom-medium:60px;--awb-spacing-left-medium:0%;--awb-width-small:100%;--awb-order-small:1;--awb-spacing-right-small:1.92%;--awb-spacing-left-small:1.92%;\"><div class=\"fusion-column-wrapper fusion-column-has-shadow fusion-flex-justify-content-flex-start fusion-content-layout-column\"><div class=\"fusion-title title fusion-title-1 fusion-sep-none fusion-title-text fusion-title-size-two\" style=\"--awb-text-color:var(--awb-custom10);--awb-margin-top:10px;--awb-margin-bottom:30px;--awb-margin-top-small:10px;--awb-margin-right-small:0px;--awb-margin-bottom-small:10px;--awb-margin-left-small:0px;--awb-sep-color:#d1d1d1;--awb-font-size:36px;\"><h2 class=\"fusion-title-heading title-heading-left fusion-responsive-typography-calculated\" style=\"margin:0;text-transform:none;font-size:1em;--fontSize:36;line-height:1.5;\">Parodontiitin hoito ja parodontologia<\/h2><\/div><div class=\"fusion-text fusion-text-1 fusion-text-no-margin\" style=\"--awb-line-height:1.7;--awb-letter-spacing:0px;--awb-text-transform:var(--awb-typography4-text-transform);--awb-text-color:var(--awb-color8);--awb-margin-bottom:40px;\"><p><span style=\"font-weight: 400;\">Parodontologia<\/span> <span style=\"font-weight: 400;\">on<\/span><b> hammasl\u00e4\u00e4ketieteen haara, <\/b><span style=\"font-weight: 400;\">joka keskittyy<\/span><b> ikenien ja leukaluiden terveyteen.<\/b><\/p>\n<p><span style=\"font-weight: 400;\">Parodontologia, joka tunnetaan my\u00f6s <\/span><b>ienhoitona,<\/b><span style=\"font-weight: 400;\"> k\u00e4sitt\u00e4\u00e4 periodontaalisten sairauksien \u2013 sairauksien, jotka vaikuttavat ikeniin ja leukaluiden rakenteisiin \u2013 ehk\u00e4isyn, diagnosoinnin ja hoidon.<\/span><\/p>\n<p><span style=\"font-weight: 400;\">Parodontti on termi, joka kuvaa hampaita ymp\u00e4r\u00f6iv\u00e4\u00e4 rakennetta, mukaan lukien leukaluut ja ikenet, jotka auttavat pit\u00e4m\u00e4\u00e4n hampaat paikoillaan ja tukevat niiden oikeaa sijoittumista suussa. Siit\u00e4 tulee my\u00f6s nimi parodontologia.<\/span><\/p>\n<p><span style=\"font-weight: 400;\">Tarjoamme Maxilla-hammasklinikoilla<\/span> kokonaisvaltaista parodontiitin hoitoa parodontologin ammattimaisessa ohjauksessa.<\/p>\n<\/div><div ><a class=\"fusion-button button-flat button-medium button-default fusion-button-default button-1 fusion-button-default-span fusion-button-default-type\" style=\"--awb-margin-top:20px;--button-border-radius-top-left:4px;--button-border-radius-top-right:4px;--button-border-radius-bottom-right:4px;--button-border-radius-bottom-left:4px;\" target=\"_self\" href=\"https:\/\/patsient.maxilla.ee\/fi\/booking\/portal\/index\"><span class=\"fusion-button-text awb-button__text awb-button__text--default\">VARAA AIKA<\/span><\/a><\/div><\/div><\/div><div class=\"fusion-layout-column fusion_builder_column fusion-builder-column-1 fusion_builder_column_3_5 3_5 fusion-flex-column\" style=\"--awb-padding-bottom:12px;--awb-padding-left:31px;--awb-bg-size:cover;--awb-width-large:60%;--awb-margin-top-large:0px;--awb-spacing-right-large:3.2%;--awb-margin-bottom-large:29px;--awb-spacing-left-large:0%;--awb-width-medium:50%;--awb-order-medium:1;--awb-spacing-right-medium:3.84%;--awb-spacing-left-medium:0%;--awb-width-small:100%;--awb-order-small:0;--awb-spacing-right-small:1.92%;--awb-margin-bottom-small:36px;--awb-spacing-left-small:1.92%;\"><div class=\"fusion-column-wrapper fusion-column-has-shadow fusion-flex-justify-content-flex-start fusion-content-layout-column\"><div class=\"fusion-image-element \" style=\"--awb-caption-title-color:#ffffff;--awb-caption-text-color:#ffffff;--awb-caption-text-size:16px;--awb-caption-text-transform:var(--awb-typography5-text-transform);--awb-caption-text-line-height:1.7;--awb-caption-text-letter-spacing:0px;--awb-caption-border-color:#ffffff;--awb-caption-overlay-color:#0058aa;--awb-caption-title-font-family:&quot;Noto Serif&quot;;--awb-caption-title-font-weight:400;--awb-caption-title-font-style:normal;--awb-caption-title-size:34px;--awb-caption-title-transform:var(--awb-typography1-text-transform);--awb-caption-title-line-height:1.2;--awb-caption-title-letter-spacing:-1px;--awb-caption-text-font-family:&quot;Roboto&quot;;--awb-caption-text-font-style:normal;--awb-caption-text-font-weight:400;\"><span class=\" fusion-imageframe imageframe-none imageframe-1 hover-type-none\" style=\"border-radius:4px;\"><img decoding=\"async\" width=\"784\" height=\"800\" alt=\"Parodontiitin hoito ja parodontologia\" title=\"Parodontiitin hoito ja parodontologia\" src=\"https:\/\/www.maxilla.ee\/wp-content\/uploads\/2025\/06\/Parodontiitin-hoito-ja-parodontologia.webp\" class=\"img-responsive wp-image-16713\" srcset=\"https:\/\/www.maxilla.ee\/wp-content\/uploads\/2025\/06\/Parodontiitin-hoito-ja-parodontologia-200x204.webp 200w, https:\/\/www.maxilla.ee\/wp-content\/uploads\/2025\/06\/Parodontiitin-hoito-ja-parodontologia-400x408.webp 400w, https:\/\/www.maxilla.ee\/wp-content\/uploads\/2025\/06\/Parodontiitin-hoito-ja-parodontologia-600x612.webp 600w, https:\/\/www.maxilla.ee\/wp-content\/uploads\/2025\/06\/Parodontiitin-hoito-ja-parodontologia.webp 784w\" sizes=\"(max-width: 1024px) 100vw, (max-width: 640px) 100vw, 784px\" \/><\/span><\/div><\/div><\/div><\/div><\/div><div class=\"fusion-fullwidth fullwidth-box fusion-builder-row-2 fusion-flex-container has-pattern-background has-mask-background nonhundred-percent-fullwidth non-hundred-percent-height-scrolling\" style=\"--awb-border-radius-top-left:0px;--awb-border-radius-top-right:0px;--awb-border-radius-bottom-right:0px;--awb-border-radius-bottom-left:0px;--awb-flex-wrap:wrap;\" ><div class=\"fusion-builder-row fusion-row fusion-flex-align-items-flex-start fusion-flex-content-wrap\" style=\"max-width:1248px;margin-left: calc(-4% \/ 2 );margin-right: calc(-4% \/ 2 );\"><div class=\"fusion-layout-column fusion_builder_column fusion-builder-column-2 fusion_builder_column_1_1 1_1 fusion-flex-column\" style=\"--awb-bg-size:cover;--awb-width-large:100%;--awb-margin-top-large:0px;--awb-spacing-right-large:1.92%;--awb-margin-bottom-large:20px;--awb-spacing-left-large:1.92%;--awb-width-medium:100%;--awb-order-medium:0;--awb-spacing-right-medium:1.92%;--awb-spacing-left-medium:1.92%;--awb-width-small:100%;--awb-order-small:0;--awb-spacing-right-small:1.92%;--awb-spacing-left-small:1.92%;\"><div class=\"fusion-column-wrapper fusion-column-has-shadow fusion-flex-justify-content-flex-start fusion-content-layout-column\"><div class=\"fusion-text fusion-text-2\"><h2 style=\"--fontsize: 28; line-height: 1.5;\"><span style=\"color: var(--awb-custom10); font-family: 'Noto Sans', Arial, Helvetica, sans-serif; background-color: rgba(0, 0, 0, 0);\" data-fusion-font=\"true\">Mik\u00e4 on parodontiitti?<\/span><\/h2>\n<p>Parodontiitti on vakava iensairaus, joka vaikuttaa hampaita tukevaan ienkudokseen ja leukaluihin. Kyseinen tauti kuuluu ienhoitoon eli parodontologiaan. Parodontiitti kehittyy yleens\u00e4 ientulehduksen lievemm\u00e4n muodon, gingiviitin, seurauksena ja johtuu bakteerien kertymisest\u00e4 suuhun. Hoitamattomana parodontiitti voi johtaa hampaiden menetykseen.<\/p>\n<h3 style=\"--fontsize: 20; line-height: 1.5; --minfontsize: 20;\"><span style=\"color: #000000; font-family: 'Noto Sans', Arial, Helvetica, sans-serif; letter-spacing: normal; background-color: rgba(0, 0, 0, 0);\" data-fusion-font=\"true\">Parodontiitin yleisimm\u00e4t oireet<\/span><\/h3>\n<ul>\n<li>Punoittavat, turvonneet ja helposti verta vuotavat ikenet<\/li>\n<li>Jatkuva pahanhajuinen hengitys tai paha maku suussa<\/li>\n<li>Hampaiden liikkuvuus tai suurentuneet hammasv\u00e4lit<\/li>\n<li>Vet\u00e4ytyv\u00e4t ikenet, mink\u00e4 vuoksi tuntuu silt\u00e4, ett\u00e4 hampaat ovat pidemm\u00e4t<\/li>\n<li>M\u00e4d\u00e4n muodostuminen hampaiden ja ikenien v\u00e4liin<\/li>\n<\/ul>\n<h2><span style=\"background-color: rgba(0, 0, 0, 0); color: var(--awb-custom10);\" data-fusion-font=\"true\">Miksi parodontiitti syntyy?<\/span><\/h2>\n<p>Yleisin syy parodontiittiin on riitt\u00e4m\u00e4t\u00f6n suuhygienia ja bakteerien aiheuttama hammasplakki, mutta iensairauksien kehittymiseen on muitakin painavia syit\u00e4.<\/p>\n<ul>\n<li><span style=\"background-color: rgba(0, 0, 0, 0);\">Bakteerien aiheuttama plakki \u2013 jos plakkia ei poisteta kunnolla hampaiden pinnalta, se voi kovettua ja muodostaa hammaskive\u00e4. Hammaskiven alla olevat bakteerit puolestaan aiheuttavat ientulehdusta.<\/span><\/li>\n<li><span style=\"background-color: rgba(0, 0, 0, 0);\">Sairaudet \u2013 tietyt sairaudet, kuten diabetes, HIV ja jotkut sy\u00f6v\u00e4t, voivat lis\u00e4t\u00e4 parodontiitin riski\u00e4.<\/span><\/li>\n<li><span style=\"background-color: rgba(0, 0, 0, 0);\">Hormonaaliset muutokset \u2013 raskaus, murrosik\u00e4, vaihdevuodet ja kuukautiset voivat tehd\u00e4 ikenist\u00e4 herkemm\u00e4t ja edist\u00e4\u00e4 tulehdusta.<\/span><\/li>\n<li><span style=\"background-color: rgba(0, 0, 0, 0);\">Huono suuhygienia \u2013 riitt\u00e4m\u00e4t\u00f6n hampaiden puhdistus ja lankaus lis\u00e4\u00e4 plakin ja hammaskiven muodostumista, mik\u00e4 puolestaan lis\u00e4\u00e4 parodontiitin riski\u00e4.<\/span><\/li>\n<li><span style=\"background-color: rgba(0, 0, 0, 0);\">L\u00e4\u00e4kkeet \u2013 jotkut l\u00e4\u00e4kkeet voivat v\u00e4hent\u00e4\u00e4 syljen tuotantoa, mik\u00e4 puolestaan lis\u00e4\u00e4 suun sairauksien riski\u00e4.<\/span><\/li>\n<li><span style=\"background-color: rgba(0, 0, 0, 0);\">Genetiikka \u2013 jotkut ihmiset ovat geneettisesti alttiita parodontiitillle.<\/span><\/li>\n<li><span style=\"background-color: rgba(0, 0, 0, 0);\">Tupakointi \u2013 on yksi parodontiitin yleisimpi\u00e4 riskitekij\u00f6it\u00e4 ja voi v\u00e4hent\u00e4\u00e4 hoidon tehokkuutta.<\/span><\/li>\n<li><span style=\"background-color: rgba(0, 0, 0, 0);\">Muut syyt \u2013 vaurioituneet t\u00e4ytteet, hampaiden v\u00e4\u00e4r\u00e4 asento tai kontakti voivat my\u00f6s edist\u00e4\u00e4 parodontiitin kehittymist\u00e4.<\/span><\/li>\n<\/ul>\n<p>On t\u00e4rke\u00e4\u00e4 huomioida, ett\u00e4 vaikka kaikki n\u00e4m\u00e4 tekij\u00e4t lis\u00e4\u00e4v\u00e4t parodontiitin riski\u00e4, se ei tarkoita, ett\u00e4 sairaus kehittyy automaattisesti. S\u00e4\u00e4nn\u00f6llinen suuhygienia ja hammasl\u00e4\u00e4k\u00e4rik\u00e4ynnit auttavat ehk\u00e4isem\u00e4\u00e4n iensairauksia ja pit\u00e4m\u00e4\u00e4n suun terveen\u00e4.<\/p>\n<h2 class=\"fusion-responsive-typography-calculated\" style=\"--fontsize: 28; line-height: 1.5; color: var(--awb-custom10);\" data-fontsize=\"28\" data-lineheight=\"42px\">Mit\u00e4 ovat periodontaaliset sairaudet?<\/h2>\n<p>Periodontaaliset sairaudet kattavat laajan kirjon sairauksia gingiviitist\u00e4, joka on ientulehduksen varhainen vaihe, parodontiittiin, joka on pitk\u00e4lle edennyt tautitila. Kyseiset sairaudet johtuvat yleens\u00e4 bakteerien kertymisest\u00e4 hampaiden ja ikenien v\u00e4liin, mutta niihin voivat vaikuttaa my\u00f6s muut tekij\u00e4t, kuten tupakointi, diabetes ja genetiikka.<\/p>\n<p>Yksinkertaisesti sanottuna ienhoitoa vaativat iensairaudet voidaan jakaa kahteen: gingiviitti eli ientulehdus ja parodontiitti eli hampaita ymp\u00e4r\u00f6iv\u00e4n kudoksen krooninen tulehdus.<\/p>\n<h2 class=\"fusion-responsive-typography-calculated\" style=\"--fontsize: 28; line-height: 1.5; color: var(--awb-custom10);\" data-fontsize=\"28\" data-lineheight=\"42px\">Mik\u00e4 on gingiviitti?<\/h2>\n<p>Gingiviitti eli ientulehdus on bakteerien aiheuttama ikenien tulehduksellinen tila.<\/p>\n<p>Ensimm\u00e4inen merkki ientulehduksesta on yleens\u00e4 verenvuoto ikenist\u00e4 hampaiden harjaamisen aikana. Jos hampaita ei puhdisteta kunnolla tai on olemassa jokin muu tekij\u00e4, joka edist\u00e4\u00e4 ientulehdusta, hampaisiin alkaa kerty\u00e4 mikrobeista koostuvaa hammasplakkia. Ajan my\u00f6t\u00e4 plakki muuttuu kovaksi ja muodostaa hammaskive\u00e4. Jos hammasplakkia ei poisteta, tulehdus pahenee aiheuttaen ienten turvotusta, punoitusta ja arkuutta. Kaikki t\u00e4m\u00e4 johtaa ientulehduksen kehittymiseen.<\/p>\n<p><span style=\"background-color: rgba(0, 0, 0, 0);\">Hoitamaton ientulehdus voi kehitty\u00e4 parodontiitiksi, joka on jo vakavampi sairaus. Parodontiitti vaikuttaa suun syvempiin rakenteisiin ja voi p\u00e4\u00e4tty\u00e4 hampaiden menetykseen.<\/span><\/p>\n<h2 style=\"color: var(--awb-custom10);\">Milloin tulee menn\u00e4 hammasl\u00e4\u00e4k\u00e4riin?<\/h2>\n<p>Mit\u00e4 aiemmin ongelman j\u00e4ljille p\u00e4\u00e4st\u00e4\u00e4n, sit\u00e4 helpompaa on hoito. Jos sinulla on jokin seuraavista oireista, konsultoi ehdottomasti hammasl\u00e4\u00e4k\u00e4ri\u00e4.<\/p>\n<ul>\n<li>\n<p style=\"background-color: rgba(0, 0, 0, 0); display: inline !important;\">Verenvuoto hampaiden harjaamisen aikana<\/p>\n<\/li>\n<li>Pahanhajuinen hengitys<\/li>\n<li>Hampaiden heiluminen<\/li>\n<li>Ienten vet\u00e4ytyminen ja hammaskaulan paljastuminen<\/li>\n<li>Ienten turvotus, punoitus<\/li>\n<\/ul>\n<h2 style=\"--fontsize: 28; line-height: 1.5; color: var(--awb-custom10);\" data-fontsize=\"28\" data-lineheight=\"42px\">Parodontiitin hoito, ienhoito<\/h2>\n<p>Parodontiitin hoito k\u00e4sitt\u00e4\u00e4 yleens\u00e4 suun ammattimaisen puhdistuksen, jota voi seurata ienten syv\u00e4puhdistus, antibioottien k\u00e4ytt\u00f6 tai vakavammissa tapauksissa jopa kirurginen toimenpide. Kaikki riippuu siit\u00e4, kuinka pitk\u00e4lle tauti on edennyt. Hampaiden ja suun terveys liittyy ihmisen yleiseen terveyteen, joten parodontiitin hoitaminen ajoissa on eritt\u00e4in t\u00e4rke\u00e4\u00e4.<\/p>\n<p>On eritt\u00e4in t\u00e4rke\u00e4\u00e4 k\u00e4yd\u00e4 hammasl\u00e4\u00e4k\u00e4riss\u00e4 s\u00e4\u00e4nn\u00f6llisesti, sill\u00e4 niin voidaan ehk\u00e4ist\u00e4 parodontiittia. Plakin ja hammaskiven poistaminen ajoissa auttaa ehk\u00e4isem\u00e4\u00e4n pitk\u00e4lle edennytt\u00e4 ientulehdusta.<\/p>\n<p>Ienhoidon lis\u00e4ksi p\u00e4ivitt\u00e4inen kunnollinen suuhygienia on eritt\u00e4in t\u00e4rke\u00e4\u00e4, koska muuten parodontiitti uusiutuu. Hyv\u00e4 suuhygienia ja jatkuva harjaus auttavat ehk\u00e4isem\u00e4\u00e4n bakteerien ja hammaskiven uusiutumista.<\/p>\n<\/div><\/div><\/div><\/div><\/div><div class=\"fusion-fullwidth fullwidth-box fusion-builder-row-3 fusion-flex-container fusion-parallax-fixed hundred-percent-fullwidth non-hundred-percent-height-scrolling\" style=\"--link_color: var(--awb-color8);--awb-border-radius-top-left:0px;--awb-border-radius-top-right:0px;--awb-border-radius-bottom-right:0px;--awb-border-radius-bottom-left:0px;--awb-padding-top:66.0104px;--awb-padding-right:3vw;--awb-padding-bottom:4vw;--awb-padding-left:0px;--awb-padding-top-small:9vw;--awb-padding-right-small:9vw;--awb-padding-bottom-small:9vw;--awb-padding-left-small:9vw;--awb-margin-top:0px;--awb-background-image:url(&quot;https:\/\/www.maxilla.ee\/wp-content\/uploads\/2022\/12\/DGI06451-Edit-scaled.jpg&quot;);--awb-background-size:cover;--awb-flex-wrap:wrap;background-attachment:fixed;\" ><div class=\"fusion-builder-row fusion-row fusion-flex-align-items-stretch fusion-flex-justify-content-flex-end fusion-flex-content-wrap\" style=\"width:calc( 100% + 0px ) !important;max-width:calc( 100% + 0px ) !important;margin-left: calc(-0px \/ 2 );margin-right: calc(-0px \/ 2 );\"><div class=\"fusion-layout-column fusion_builder_column fusion-builder-column-3 fusion_builder_column_1_3 1_3 fusion-flex-column fusion-no-small-visibility fusion-no-medium-visibility fusion-animated\" style=\"--awb-padding-top:4vw;--awb-padding-right:4vw;--awb-padding-bottom:4vw;--awb-padding-left:4vw;--awb-padding-top-small:11vw;--awb-padding-right-small:11vw;--awb-padding-bottom-small:11vw;--awb-padding-left-small:11vw;--awb-overflow:hidden;--awb-bg-color:hsla(var(--awb-color5-h),var(--awb-color5-s),var(--awb-color5-l),calc(var(--awb-color5-a) - 10%));--awb-bg-color-hover:hsla(var(--awb-color5-h),var(--awb-color5-s),var(--awb-color5-l),calc(var(--awb-color5-a) - 10%));--awb-bg-size:cover;--awb-border-radius:6px 6px 6px 6px;--awb-width-large:33.333333333333%;--awb-margin-top-large:0px;--awb-spacing-right-large:0px;--awb-margin-bottom-large:0px;--awb-spacing-left-large:0px;--awb-width-medium:50%;--awb-order-medium:0;--awb-spacing-right-medium:0px;--awb-spacing-left-medium:0px;--awb-width-small:100%;--awb-order-small:0;--awb-spacing-right-small:0px;--awb-spacing-left-small:0px;\" data-animationType=\"fadeInUp\" data-animationDuration=\"1.5\" data-animationOffset=\"top-into-view\"><div class=\"fusion-column-wrapper fusion-column-has-shadow fusion-flex-justify-content-center fusion-content-layout-column\"><div class=\"fusion-title title fusion-title-2 fusion-sep-none fusion-title-center fusion-title-text fusion-title-size-three\" style=\"--awb-text-color:var(--awb-color1);--awb-margin-bottom:30px;--awb-margin-top-small:10px;--awb-margin-right-small:0px;--awb-margin-bottom-small:10px;--awb-margin-left-small:0px;--awb-font-size:25px;\"><h3 class=\"fusion-title-heading title-heading-center fusion-responsive-typography-calculated\" style=\"margin:0;font-size:1em;--fontSize:25;line-height:1.5;\">VARAA AIKA<\/h3><\/div><div class=\"fusion-text fusion-text-3\" style=\"--awb-content-alignment:center;--awb-font-size:17px;--awb-line-height:1.9;--awb-text-color:var(--awb-color1);\"><p><a href=\"https:\/\/patsient.maxilla.ee\/fi\/booking\/portal\/index\">Varaa aika netist\u00e4<\/a> tai ota yhteytt\u00e4 sopivaan <a href=\"https:\/\/www.maxilla.ee\/fi\/yhteystiedot\/\">klinikkaan<\/a>!<\/p>\n<\/div><div class=\"fusion-form fusion-form-builder fusion-form-form-wrapper fusion-form-9631\" style=\"--awb-tooltip-text-color:#ffffff;--awb-tooltip-background-color:#333333;--awb-field-margin-top:15px;--awb-field-margin-bottom:15px;\" data-form-id=\"9631\" data-config=\"{&quot;form_id&quot;:9631,&quot;form_post_id&quot;:9631,&quot;post_id&quot;:16707,&quot;form_type&quot;:&quot;ajax&quot;,&quot;confirmation_type&quot;:&quot;message&quot;,&quot;redirect_url&quot;:&quot;&quot;,&quot;redirect_timeout&quot;:&quot;0&quot;,&quot;field_labels&quot;:[],&quot;field_logics&quot;:[],&quot;field_types&quot;:[],&quot;nonce_method&quot;:&quot;ajax&quot;,&quot;form_views&quot;:&quot;ajax&quot;,&quot;form_views_counting&quot;:&quot;all&quot;}\"><form action=\"https:\/\/www.maxilla.ee\/fi\/parodontologia\/\" method=\"method\" class=\"fusion-form fusion-form-9631\"><input type=\"hidden\" name=\"fusion_privacy_expiration_interval\" value=\"48\"><input type=\"hidden\" name=\"privacy_expiration_action\" value=\"anonymize\"><\/form><\/div><\/div><\/div><\/div><\/div><\/p>\n","protected":false},"excerpt":{"rendered":"","protected":false},"author":9,"featured_media":16713,"parent":0,"menu_order":0,"comment_status":"closed","ping_status":"closed","template":"","meta":{"footnotes":""},"class_list":["post-16707","page","type-page","status-publish","has-post-thumbnail","hentry"],"_links":{"self":[{"href":"https:\/\/www.maxilla.ee\/fi\/wp-json\/wp\/v2\/pages\/16707","targetHints":{"allow":["GET"]}}],"collection":[{"href":"https:\/\/www.maxilla.ee\/fi\/wp-json\/wp\/v2\/pages"}],"about":[{"href":"https:\/\/www.maxilla.ee\/fi\/wp-json\/wp\/v2\/types\/page"}],"author":[{"embeddable":true,"href":"https:\/\/www.maxilla.ee\/fi\/wp-json\/wp\/v2\/users\/9"}],"replies":[{"embeddable":true,"href":"https:\/\/www.maxilla.ee\/fi\/wp-json\/wp\/v2\/comments?post=16707"}],"version-history":[{"count":9,"href":"https:\/\/www.maxilla.ee\/fi\/wp-json\/wp\/v2\/pages\/16707\/revisions"}],"predecessor-version":[{"id":16833,"href":"https:\/\/www.maxilla.ee\/fi\/wp-json\/wp\/v2\/pages\/16707\/revisions\/16833"}],"wp:featuredmedia":[{"embeddable":true,"href":"https:\/\/www.maxilla.ee\/fi\/wp-json\/wp\/v2\/media\/16713"}],"wp:attachment":[{"href":"https:\/\/www.maxilla.ee\/fi\/wp-json\/wp\/v2\/media?parent=16707"}],"curies":[{"name":"wp","href":"https:\/\/api.w.org\/{rel}","templated":true}]}}