{"id":13857,"date":"2024-11-11T13:13:19","date_gmt":"2024-11-11T11:13:19","guid":{"rendered":"https:\/\/www.maxilla.ee\/?page_id=13857"},"modified":"2025-10-17T12:54:19","modified_gmt":"2025-10-17T09:54:19","slug":"esto-osamaksu","status":"publish","type":"page","link":"https:\/\/www.maxilla.ee\/fi\/esto-osamaksu\/","title":{"rendered":"Maxilla osamaksu"},"content":{"rendered":"<p><div class=\"fusion-fullwidth fullwidth-box fusion-builder-row-1 fusion-flex-container has-pattern-background has-mask-background nonhundred-percent-fullwidth non-hundred-percent-height-scrolling\" style=\"--awb-border-radius-top-left:0px;--awb-border-radius-top-right:0px;--awb-border-radius-bottom-right:0px;--awb-border-radius-bottom-left:0px;--awb-flex-wrap:wrap;\" ><div class=\"fusion-builder-row fusion-row fusion-flex-align-items-flex-start fusion-flex-content-wrap\" style=\"max-width:1248px;margin-left: calc(-4% \/ 2 );margin-right: calc(-4% \/ 2 );\"><div class=\"fusion-layout-column fusion_builder_column fusion-builder-column-0 fusion_builder_column_1_1 1_1 fusion-flex-column\" style=\"--awb-bg-size:cover;--awb-width-large:100%;--awb-margin-top-large:0px;--awb-spacing-right-large:1.92%;--awb-margin-bottom-large:20px;--awb-spacing-left-large:1.92%;--awb-width-medium:100%;--awb-order-medium:0;--awb-spacing-right-medium:1.92%;--awb-spacing-left-medium:1.92%;--awb-width-small:100%;--awb-order-small:0;--awb-spacing-right-small:1.92%;--awb-spacing-left-small:1.92%;\"><div class=\"fusion-column-wrapper fusion-column-has-shadow fusion-flex-justify-content-flex-start fusion-content-layout-column\"><div class=\"fusion-image-element \" style=\"--awb-caption-title-font-family:var(--h2_typography-font-family);--awb-caption-title-font-weight:var(--h2_typography-font-weight);--awb-caption-title-font-style:var(--h2_typography-font-style);--awb-caption-title-size:var(--h2_typography-font-size);--awb-caption-title-transform:var(--h2_typography-text-transform);--awb-caption-title-line-height:var(--h2_typography-line-height);--awb-caption-title-letter-spacing:var(--h2_typography-letter-spacing);\"><span class=\" fusion-imageframe imageframe-none imageframe-1 hover-type-none\"><img decoding=\"async\" width=\"1456\" height=\"820\" title=\"ESTO-FI-banner\" src=\"https:\/\/www.maxilla.ee\/wp-content\/uploads\/2024\/11\/ESTO-FI-banner.webp\" alt class=\"img-responsive wp-image-14323\" srcset=\"https:\/\/www.maxilla.ee\/wp-content\/uploads\/2024\/11\/ESTO-FI-banner-200x113.webp 200w, https:\/\/www.maxilla.ee\/wp-content\/uploads\/2024\/11\/ESTO-FI-banner-400x225.webp 400w, https:\/\/www.maxilla.ee\/wp-content\/uploads\/2024\/11\/ESTO-FI-banner-600x338.webp 600w, https:\/\/www.maxilla.ee\/wp-content\/uploads\/2024\/11\/ESTO-FI-banner-800x451.webp 800w, https:\/\/www.maxilla.ee\/wp-content\/uploads\/2024\/11\/ESTO-FI-banner-1200x676.webp 1200w, https:\/\/www.maxilla.ee\/wp-content\/uploads\/2024\/11\/ESTO-FI-banner.webp 1456w\" sizes=\"(max-width: 1024px) 100vw, (max-width: 640px) 100vw, 1200px\" \/><\/span><\/div><\/div><\/div><\/div><\/div><div class=\"fusion-fullwidth fullwidth-box fusion-builder-row-2 fusion-flex-container has-pattern-background has-mask-background nonhundred-percent-fullwidth non-hundred-percent-height-scrolling\" style=\"--awb-border-radius-top-left:0px;--awb-border-radius-top-right:0px;--awb-border-radius-bottom-right:0px;--awb-border-radius-bottom-left:0px;--awb-flex-wrap:wrap;\" ><div class=\"fusion-builder-row fusion-row fusion-flex-align-items-flex-start fusion-flex-content-wrap\" style=\"max-width:1248px;margin-left: calc(-4% \/ 2 );margin-right: calc(-4% \/ 2 );\"><div class=\"fusion-layout-column fusion_builder_column fusion-builder-column-1 fusion_builder_column_1_1 1_1 fusion-flex-column\" style=\"--awb-bg-size:cover;--awb-width-large:100%;--awb-margin-top-large:0px;--awb-spacing-right-large:1.92%;--awb-margin-bottom-large:20px;--awb-spacing-left-large:1.92%;--awb-width-medium:100%;--awb-order-medium:0;--awb-spacing-right-medium:1.92%;--awb-spacing-left-medium:1.92%;--awb-width-small:100%;--awb-order-small:0;--awb-spacing-right-small:1.92%;--awb-spacing-left-small:1.92%;\"><div class=\"fusion-column-wrapper fusion-column-has-shadow fusion-flex-justify-content-flex-start fusion-content-layout-column\"><div class=\"fusion-text fusion-text-1\"><p>MAXILLA-osamaksu on joustava maksuratkaisu, joka mahdollistaa maksun jakamisen mukavasti kuukausieriin. Jaa summa k\u00e4tev\u00e4sti itsellesi sopivalle ajalle. Takaisinmaksuajan ja maksusumman voit valita valitsemalla kassalla MAXILLA-osamaksun.<\/p>\n<p><strong>MAXILLA-osamaksun hakeminen <\/strong><\/p>\n<ol>\n<li>L\u00e4het\u00e4 pyynt\u00f6.<\/li>\n<li>Ilmoita asiakaspalvelijalle, ett\u00e4 haluat maksaa MAXILLA-osamaksulla.<\/li>\n<li>Valitse haluamasi takaisinmaksujakso 3\u201360 kk.<\/li>\n<li>Saat p\u00e4\u00e4t\u00f6ksen reaaliajassa.<\/li>\n<li>My\u00f6nteisen p\u00e4\u00e4t\u00f6ksen saatuasi allekirjoita sopimus ID-kortilla, Smart-ID:ll\u00e4 tai Mobiil-ID:ll\u00e4.<\/li>\n<\/ol>\n<\/div><\/div><\/div><\/div><\/div><div class=\"fusion-fullwidth fullwidth-box fusion-builder-row-3 fusion-flex-container has-pattern-background has-mask-background nonhundred-percent-fullwidth non-hundred-percent-height-scrolling\" style=\"--awb-border-radius-top-left:0px;--awb-border-radius-top-right:0px;--awb-border-radius-bottom-right:0px;--awb-border-radius-bottom-left:0px;--awb-padding-top:30px;--awb-padding-bottom:49px;--awb-flex-wrap:wrap;\" ><div class=\"fusion-builder-row fusion-row fusion-flex-align-items-flex-start fusion-flex-content-wrap\" style=\"max-width:1248px;margin-left: calc(-4% \/ 2 );margin-right: calc(-4% \/ 2 );\"><div class=\"fusion-layout-column fusion_builder_column fusion-builder-column-2 fusion_builder_column_1_1 1_1 fusion-flex-column\" style=\"--awb-bg-size:cover;--awb-width-large:100%;--awb-margin-top-large:0px;--awb-spacing-right-large:1.92%;--awb-margin-bottom-large:20px;--awb-spacing-left-large:1.92%;--awb-width-medium:100%;--awb-order-medium:0;--awb-spacing-right-medium:1.92%;--awb-spacing-left-medium:1.92%;--awb-width-small:100%;--awb-order-small:0;--awb-spacing-right-small:1.92%;--awb-spacing-left-small:1.92%;\"><div class=\"fusion-column-wrapper fusion-column-has-shadow fusion-flex-justify-content-flex-start fusion-content-layout-column\"><div class=\"fusion-image-element \" style=\"--awb-caption-title-font-family:var(--h2_typography-font-family);--awb-caption-title-font-weight:var(--h2_typography-font-weight);--awb-caption-title-font-style:var(--h2_typography-font-style);--awb-caption-title-size:var(--h2_typography-font-size);--awb-caption-title-transform:var(--h2_typography-text-transform);--awb-caption-title-line-height:var(--h2_typography-line-height);--awb-caption-title-letter-spacing:var(--h2_typography-letter-spacing);\"><span class=\" fusion-imageframe imageframe-none imageframe-2 hover-type-none\"><img decoding=\"async\" width=\"2158\" height=\"403\" title=\"ESTO Maxilla osamaksu\" src=\"https:\/\/www.maxilla.ee\/wp-content\/uploads\/2024\/10\/ESTO-Maxilla-osamaksu.jpg\" alt class=\"img-responsive wp-image-13859\" srcset=\"https:\/\/www.maxilla.ee\/wp-content\/uploads\/2024\/10\/ESTO-Maxilla-osamaksu-200x37.jpg 200w, https:\/\/www.maxilla.ee\/wp-content\/uploads\/2024\/10\/ESTO-Maxilla-osamaksu-400x75.jpg 400w, https:\/\/www.maxilla.ee\/wp-content\/uploads\/2024\/10\/ESTO-Maxilla-osamaksu-600x112.jpg 600w, https:\/\/www.maxilla.ee\/wp-content\/uploads\/2024\/10\/ESTO-Maxilla-osamaksu-800x149.jpg 800w, https:\/\/www.maxilla.ee\/wp-content\/uploads\/2024\/10\/ESTO-Maxilla-osamaksu-1200x224.jpg 1200w, https:\/\/www.maxilla.ee\/wp-content\/uploads\/2024\/10\/ESTO-Maxilla-osamaksu.jpg 2158w\" sizes=\"(max-width: 1024px) 100vw, (max-width: 640px) 100vw, 1200px\" \/><\/span><\/div><\/div><\/div><\/div><\/div><div class=\"fusion-fullwidth fullwidth-box fusion-builder-row-4 fusion-flex-container has-pattern-background has-mask-background nonhundred-percent-fullwidth non-hundred-percent-height-scrolling\" style=\"--awb-border-radius-top-left:0px;--awb-border-radius-top-right:0px;--awb-border-radius-bottom-right:0px;--awb-border-radius-bottom-left:0px;--awb-flex-wrap:wrap;\" ><div class=\"fusion-builder-row fusion-row fusion-flex-align-items-flex-start fusion-flex-content-wrap\" style=\"max-width:1248px;margin-left: calc(-4% \/ 2 );margin-right: calc(-4% \/ 2 );\"><div class=\"fusion-layout-column fusion_builder_column fusion-builder-column-3 fusion_builder_column_1_1 1_1 fusion-flex-column\" style=\"--awb-bg-size:cover;--awb-width-large:100%;--awb-margin-top-large:0px;--awb-spacing-right-large:1.92%;--awb-margin-bottom-large:20px;--awb-spacing-left-large:1.92%;--awb-width-medium:100%;--awb-order-medium:0;--awb-spacing-right-medium:1.92%;--awb-spacing-left-medium:1.92%;--awb-width-small:100%;--awb-order-small:0;--awb-spacing-right-small:1.92%;--awb-spacing-left-small:1.92%;\"><div class=\"fusion-column-wrapper fusion-column-has-shadow fusion-flex-justify-content-flex-start fusion-content-layout-column\"><div class=\"fusion-text fusion-text-2\"><p><strong>MAXILLA-osamaksua tarjoaa ja hallinnoi ESTO AS. <\/strong>ESTO AS:n osamaksun todellinen vuosikorko on 23,63 % vuodessa seuraavalla esimerkkilaskelmalla: luoton summa 1490 \u20ac, tuotteen\/palvelun hinta 1490 \u20ac, avausmaksu 0 %, kiinte\u00e4 korko 11,90 %, sopimusmaksu 0 \u20ac, luoton kokonaissumma ja maksuerien summa 1844,64 \u20ac olettaen, ett\u00e4 luotto maksetaan takaisin 24 kuukauden aikana tasaisissa 76,86 \u20ac:n kuukausieriss\u00e4. Tutustu ehtoihin ennen sopimuksen solmimista ja konsultoi tarvittaessa asiantuntijaa. Osamaksua tarjoaa ja hallinnoi ESTO AS.<\/p>\n<p><strong>MIK\u00c4 ESTO ON?<\/strong><br \/>\nESTO on suosituin maksuratkaisuiden tarjoaja Baltiassa. Se tekee kauppiaiden myynti- ja kuluttajien ostokokemuksesta vallankumouksellisen helpon ja sujuvan. Estolla on Baltiassa l\u00e4hes 500 000 aktiivista asiakasta ja yli 3000 kumppaniliikett\u00e4. Eston missio on auttaa kumppaneita myym\u00e4\u00e4n ja asiakkaita ostamaan.<\/p>\n<p>Jos tarvitset apua, ota yhteytt\u00e4 ESTO AS:n ty\u00f6ntekij\u00e4\u00e4n info@esto.ee tai vieraile sivustolla <a href=\"https:\/\/esto.eu\/ee\/kliendile-klienditugi\">https:\/\/esto.eu\/ee\/kliendile-klienditugi<\/a>.<\/p>\n<\/div><\/div><\/div><\/div><\/div><\/p>\n","protected":false},"excerpt":{"rendered":"","protected":false},"author":9,"featured_media":13340,"parent":0,"menu_order":0,"comment_status":"closed","ping_status":"closed","template":"","meta":{"footnotes":""},"class_list":["post-13857","page","type-page","status-publish","has-post-thumbnail","hentry"],"_links":{"self":[{"href":"https:\/\/www.maxilla.ee\/fi\/wp-json\/wp\/v2\/pages\/13857","targetHints":{"allow":["GET"]}}],"collection":[{"href":"https:\/\/www.maxilla.ee\/fi\/wp-json\/wp\/v2\/pages"}],"about":[{"href":"https:\/\/www.maxilla.ee\/fi\/wp-json\/wp\/v2\/types\/page"}],"author":[{"embeddable":true,"href":"https:\/\/www.maxilla.ee\/fi\/wp-json\/wp\/v2\/users\/9"}],"replies":[{"embeddable":true,"href":"https:\/\/www.maxilla.ee\/fi\/wp-json\/wp\/v2\/comments?post=13857"}],"version-history":[{"count":8,"href":"https:\/\/www.maxilla.ee\/fi\/wp-json\/wp\/v2\/pages\/13857\/revisions"}],"predecessor-version":[{"id":14359,"href":"https:\/\/www.maxilla.ee\/fi\/wp-json\/wp\/v2\/pages\/13857\/revisions\/14359"}],"wp:featuredmedia":[{"embeddable":true,"href":"https:\/\/www.maxilla.ee\/fi\/wp-json\/wp\/v2\/media\/13340"}],"wp:attachment":[{"href":"https:\/\/www.maxilla.ee\/fi\/wp-json\/wp\/v2\/media?parent=13857"}],"curies":[{"name":"wp","href":"https:\/\/api.w.org\/{rel}","templated":true}]}}