{"id":10328,"date":"2023-01-12T09:23:23","date_gmt":"2023-01-12T07:23:23","guid":{"rendered":"https:\/\/www.maxilla.ee\/?page_id=10328"},"modified":"2023-01-12T10:23:43","modified_gmt":"2023-01-12T08:23:43","slug":"yhden-hampaan-vaihto","status":"publish","type":"page","link":"https:\/\/www.maxilla.ee\/fi\/palvelut\/implanttihoito\/yhden-hampaan-vaihto\/","title":{"rendered":"Yhden hampaan vaihto"},"content":{"rendered":"<p><div class=\"fusion-fullwidth fullwidth-box fusion-builder-row-1 fusion-flex-container has-pattern-background has-mask-background nonhundred-percent-fullwidth non-hundred-percent-height-scrolling\" style=\"--awb-border-radius-top-left:0px;--awb-border-radius-top-right:0px;--awb-border-radius-bottom-right:0px;--awb-border-radius-bottom-left:0px;--awb-flex-wrap:wrap;\" ><div class=\"fusion-builder-row fusion-row fusion-flex-align-items-flex-start fusion-flex-content-wrap\" style=\"max-width:1248px;margin-left: calc(-4% \/ 2 );margin-right: calc(-4% \/ 2 );\"><div class=\"fusion-layout-column fusion_builder_column fusion-builder-column-0 fusion_builder_column_1_1 1_1 fusion-flex-column\" style=\"--awb-bg-size:cover;--awb-width-large:100%;--awb-margin-top-large:0px;--awb-spacing-right-large:1.92%;--awb-margin-bottom-large:20px;--awb-spacing-left-large:1.92%;--awb-width-medium:100%;--awb-order-medium:0;--awb-spacing-right-medium:1.92%;--awb-spacing-left-medium:1.92%;--awb-width-small:100%;--awb-order-small:0;--awb-spacing-right-small:1.92%;--awb-spacing-left-small:1.92%;\"><div class=\"fusion-column-wrapper fusion-column-has-shadow fusion-flex-justify-content-flex-start fusion-content-layout-column\"><div class=\"fusion-title title fusion-title-1 fusion-sep-none fusion-title-text fusion-title-size-one\" style=\"--awb-text-color:var(--awb-custom10);--awb-margin-top:10px;--awb-margin-bottom:30px;--awb-margin-top-small:10px;--awb-margin-right-small:0px;--awb-margin-bottom-small:10px;--awb-margin-left-small:0px;--awb-sep-color:#d1d1d1;--awb-font-size:36px;\"><h1 class=\"fusion-title-heading title-heading-left fusion-responsive-typography-calculated\" style=\"margin:0;text-transform:uppercase;font-size:1em;--fontSize:36;line-height:1.5;\">Yhden hampaan vaihto<\/h1><\/div><div class=\"fusion-separator\" style=\"align-self: flex-start;margin-right:auto;margin-top:-10px;margin-bottom:40px;width:100%;max-width:300px;\"><div class=\"fusion-separator-border sep-double\" style=\"--awb-height:20px;--awb-amount:20px;border-color:#e0dede;border-top-width:1px;border-bottom-width:1px;\"><\/div><\/div><\/div><\/div><\/div><\/div><div class=\"fusion-fullwidth fullwidth-box fusion-builder-row-2 fusion-flex-container nonhundred-percent-fullwidth non-hundred-percent-height-scrolling\" style=\"--link_hover_color: var(--awb-custom10);--link_color: var(--awb-color5);--awb-border-sizes-top:0px;--awb-border-sizes-bottom:0px;--awb-border-sizes-left:0px;--awb-border-sizes-right:0px;--awb-border-color:#d1d1d1;--awb-border-radius-top-left:0px;--awb-border-radius-top-right:0px;--awb-border-radius-bottom-right:0px;--awb-border-radius-bottom-left:0px;--awb-padding-top:0px;--awb-padding-right:0px;--awb-padding-bottom:0px;--awb-padding-left:0px;--awb-padding-top-medium:60px;--awb-padding-bottom-medium:60px;--awb-padding-top-small:50px;--awb-padding-right-small:50px;--awb-padding-bottom-small:50px;--awb-padding-left-small:50px;--awb-margin-top:0px;--awb-margin-bottom:0px;--awb-flex-wrap:wrap;\" ><div class=\"fusion-builder-row fusion-row fusion-flex-align-items-stretch fusion-flex-content-wrap\" style=\"max-width:1248px;margin-left: calc(-4% \/ 2 );margin-right: calc(-4% \/ 2 );\"><div class=\"fusion-layout-column fusion_builder_column fusion-builder-column-1 fusion_builder_column_1_2 1_2 fusion-flex-column fusion-flex-align-self-center fusion-animated\" style=\"--awb-bg-size:cover;--awb-width-large:50%;--awb-margin-top-large:0px;--awb-spacing-right-large:9.6%;--awb-margin-bottom-large:100px;--awb-spacing-left-large:3.84%;--awb-width-medium:50%;--awb-order-medium:0;--awb-spacing-right-medium:9.6%;--awb-margin-bottom-medium:60px;--awb-spacing-left-medium:3.84%;--awb-width-small:100%;--awb-order-small:1;--awb-spacing-right-small:1.92%;--awb-spacing-left-small:1.92%;\" data-animationType=\"fadeInLeft\" data-animationDuration=\"1.3\" data-animationOffset=\"top-into-view\"><div class=\"fusion-column-wrapper fusion-column-has-shadow fusion-flex-justify-content-flex-start fusion-content-layout-column\"><div class=\"fusion-text fusion-text-1 fusion-text-no-margin\" style=\"--awb-letter-spacing:0px;--awb-text-transform:var(--awb-typography4-text-transform);--awb-text-color:var(--awb-color8);--awb-margin-bottom:0px;\"><h2 class=\"fusion-responsive-typography-calculated\" style=\"--fontsize: 28; line-height: 1.5; color: var(--awb-color7);\" data-fontsize=\"28\" data-lineheight=\"42px\">Hammasimplantin hy\u00f6dyt<\/h2>\n<\/p>\n<p style=\"color: var(--awb-text-color); font-family: var(--awb-text-font-family); font-size: var(--awb-font-size); font-style: var(--awb-text-font-style); font-weight: var(--awb-text-font-weight); letter-spacing: var(--awb-letter-spacing); text-align: var(--awb-content-alignment); text-transform: var(--awb-text-transform); background-color: var(--awb-bg-color);\">\n<ul>\n<li>\n<p style=\"color: var(--awb-text-color); font-family: var(--awb-text-font-family); font-size: var(--awb-font-size); font-style: var(--awb-text-font-style); font-weight: var(--awb-text-font-weight); letter-spacing: var(--awb-letter-spacing); text-align: var(--awb-content-alignment); text-transform: var(--awb-text-transform); background-color: var(--awb-bg-color); display: inline !important;\">Ei vahingoita viereisi\u00e4 hampaita<\/p>\n<\/li>\n<li>Est\u00e4\u00e4 viereisten hampaiden painumisen<\/li>\n<li>Ulkon\u00e4\u00f6lt\u00e4\u00e4n ja toiminnaltaan kuten oikea hammas<\/li>\n<li>voi korvata yhden, useita tai kaikki puuttuvat hampaat<\/li>\n<li>pitk\u00e4 k\u00e4ytt\u00f6ik\u00e4<\/li>\n<li>s\u00e4\u00e4st\u00e4\u00e4 leukaluuta<\/li>\n<li>toimenpiteen onnistumisen todenn\u00e4k\u00f6isyys on yli 95 %<\/li>\n<li>kivuton ja nopea toimenpide<\/li>\n<\/ul>\n<ul>\n<\/ul>\n<\/div><\/div><\/div><div class=\"fusion-layout-column fusion_builder_column fusion-builder-column-2 fusion_builder_column_1_2 1_2 fusion-flex-column fusion-animated\" style=\"--awb-bg-size:cover;--awb-width-large:50%;--awb-margin-top-large:0px;--awb-spacing-right-large:3.84%;--awb-margin-bottom-large:10px;--awb-spacing-left-large:1.92%;--awb-width-medium:50%;--awb-order-medium:1;--awb-spacing-right-medium:3.84%;--awb-spacing-left-medium:1.92%;--awb-width-small:100%;--awb-order-small:0;--awb-spacing-right-small:1.92%;--awb-margin-bottom-small:36px;--awb-spacing-left-small:1.92%;\" data-animationType=\"fadeInRight\" data-animationDuration=\"1.3\" data-animationOffset=\"top-into-view\"><div class=\"fusion-column-wrapper fusion-column-has-shadow fusion-flex-justify-content-flex-start fusion-content-layout-column\"><div class=\"fusion-image-element \" style=\"--awb-aspect-ratio:3 \/ 2;--awb-caption-title-color:#ffffff;--awb-caption-text-color:#ffffff;--awb-caption-text-size:16px;--awb-caption-text-transform:var(--awb-typography5-text-transform);--awb-caption-text-line-height:1.7;--awb-caption-text-letter-spacing:0px;--awb-caption-border-color:#ffffff;--awb-caption-overlay-color:#0058aa;--awb-caption-title-font-family:&quot;Noto Serif&quot;;--awb-caption-title-font-weight:400;--awb-caption-title-font-style:normal;--awb-caption-title-size:34px;--awb-caption-title-transform:var(--awb-typography1-text-transform);--awb-caption-title-line-height:1.2;--awb-caption-title-letter-spacing:-1px;--awb-caption-text-font-family:&quot;Roboto&quot;;--awb-caption-text-font-style:normal;--awb-caption-text-font-weight:400;\"><span class=\" fusion-imageframe imageframe-none imageframe-1 hover-type-none has-aspect-ratio\" style=\"border-radius:4px;\"><img decoding=\"async\" width=\"800\" height=\"591\" alt=\"Hamba implantaat\" title=\"Hamba implantaat-min\" src=\"https:\/\/www.maxilla.ee\/wp-content\/uploads\/2022\/12\/Hamba-implantaat-min.jpg\" class=\"img-responsive wp-image-9552 img-with-aspect-ratio\" data-parent-fit=\"cover\" data-parent-container=\".fusion-image-element\" srcset=\"https:\/\/www.maxilla.ee\/wp-content\/uploads\/2022\/12\/Hamba-implantaat-min-200x148.jpg 200w, https:\/\/www.maxilla.ee\/wp-content\/uploads\/2022\/12\/Hamba-implantaat-min-400x296.jpg 400w, https:\/\/www.maxilla.ee\/wp-content\/uploads\/2022\/12\/Hamba-implantaat-min-600x443.jpg 600w, https:\/\/www.maxilla.ee\/wp-content\/uploads\/2022\/12\/Hamba-implantaat-min.jpg 800w\" sizes=\"(max-width: 1024px) 100vw, (max-width: 640px) 100vw, 600px\" \/><\/span><\/div><\/div><\/div><\/div><\/div><div class=\"fusion-fullwidth fullwidth-box fusion-builder-row-3 fusion-flex-container has-pattern-background has-mask-background nonhundred-percent-fullwidth non-hundred-percent-height-scrolling\" style=\"--awb-border-radius-top-left:0px;--awb-border-radius-top-right:0px;--awb-border-radius-bottom-right:0px;--awb-border-radius-bottom-left:0px;--awb-flex-wrap:wrap;\" ><div class=\"fusion-builder-row fusion-row fusion-flex-align-items-flex-start fusion-flex-content-wrap\" style=\"max-width:1248px;margin-left: calc(-4% \/ 2 );margin-right: calc(-4% \/ 2 );\"><div class=\"fusion-layout-column fusion_builder_column fusion-builder-column-3 fusion_builder_column_1_1 1_1 fusion-flex-column\" style=\"--awb-bg-size:cover;--awb-width-large:100%;--awb-margin-top-large:0px;--awb-spacing-right-large:1.92%;--awb-margin-bottom-large:20px;--awb-spacing-left-large:1.92%;--awb-width-medium:100%;--awb-order-medium:0;--awb-spacing-right-medium:1.92%;--awb-spacing-left-medium:1.92%;--awb-width-small:100%;--awb-order-small:0;--awb-spacing-right-small:1.92%;--awb-spacing-left-small:1.92%;\"><div class=\"fusion-column-wrapper fusion-column-has-shadow fusion-flex-justify-content-flex-start fusion-content-layout-column\"><div class=\"fusion-text fusion-text-2\"><h2 style=\"--fontsize: 20; line-height: 1.5; --minfontsize: 20; color: var(--awb-color7); --fontSize:28;\" data-fontsize=\"28\" data-lineheight=\"42px\" class=\"fusion-responsive-typography-calculated\">Miksi puuttuvat hampaat tulee korvata mahdollisimman pian?<\/h2>\n<p>Jos hammas\/hampaat menetet\u00e4\u00e4n, jatkohoitoa eli puuttuvien hampaiden korvaamista tulisi harkita mahdollisimman pian. Se on eritt\u00e4in t\u00e4rke\u00e4\u00e4, sill\u00e4 hampaiden puuttuminen voi aiheuttaa lis\u00e4komplikaatioita, eik\u00e4 tyhj\u00e4 kohta hampaissa n\u00e4yt\u00e4 kovinkaan kauniilta.<\/p>\n<p>Puuttuvan hampaan viereiset hampaat voivat alkaa siirty\u00e4 puuttuvan hampaan j\u00e4tt\u00e4m\u00e4\u00e4n tilaan, jolloin purenta voi liikkua pois paikoiltaan. Huonontunut purenta voi vaikeuttaa pureskelemista ja vaikuttaa suuhygieniaan.<\/p>\n<p>Puuttuvan hampaan vastakkainen hammas tarvitsee kontaktia, ja jos sit\u00e4 ei ole, ylempi vastakkainen hammas voi alkaa painua. Ilman normaalia kuormitusta leukaluu alkaa v\u00e4hitellen kutistua hampaiden poiston j\u00e4lkeen. T\u00e4llaiset muutokset eiv\u00e4t vaikuta ainoastaan terveyteen, vaan my\u00f6s hymyn esteettisyyteen ja kasvojen muotoon.<\/p>\n<ul>\n<\/ul>\n<h2 style=\"--fontsize: 20; line-height: 1.5; --minfontsize: 20; --fontSize:28;\" data-fontsize=\"28\" data-lineheight=\"42px\" class=\"fusion-responsive-typography-calculated\"><span style=\"color: var(--awb-color5);\">Kivuton ja nopea toimenpide!<\/span><br \/><\/h2>\n<p>Hammasimplanttien asentaminen on nopea ja kivuton toimenpide. Toimenpide tehd\u00e4\u00e4n paikallispuudutuksessa, ja implantin asettaminen leukaluuhun kest\u00e4\u00e4 yleens\u00e4 vain noin 30 minuuttia.<\/p>\n<p>Implantin asettamisen vaiheet:<\/p>\n<ul>\n<li><b>konsultaatio <\/b>\u2013 ammattilainen laatii potilaskertomuksen, tarkastaa purennan, ottaa tarvittaessa r\u00f6ntgenkuvat hampaista, arvioi luun ja kudosten kunnon ja laatii hoitosuunnitelman potilaan toiveiden ja tarpeiden mukaan. Sovitaan vastaanottoaika implantin asettamiseksi.<\/li>\n<li><b>Vaihe I, implantin asettaminen<\/b> \u2013 puuttuvan hampaan paikalle, leukaluuhun, tehd\u00e4\u00e4n erityisell\u00e4 py\u00f6riv\u00e4ll\u00e4 instrumentilla aukko, johon implantti asetetaan.*<\/li>\n<li><b>Vaihe II <\/b>\u2013 kun ien on parantunut, ikenen muotoilija poistetaan ja implanttiin asetetaan lopullinen hammaskruunu tai muu proteesiratkaisu.<\/li>\n<\/ul>\n<p data-fusion-font=\"true\" style=\"font-size: 14px;\">* Tikit poistetaan 1\u20132 viikon kuluttua toimenpiteest\u00e4. Implantin luutuminen ja pehmytkudosten paraneminen kest\u00e4\u00e4 noin 3\u20134 kuukautta, mink\u00e4 j\u00e4lkeen asetetaan ikenen muotoilija (joskus ikenen muotoilija tai jopa v\u00e4liaikainen kruunu, joka toimii ikenen muotoilijana, voidaan kiinnitt\u00e4\u00e4 heti, jos tilanne on riitt\u00e4v\u00e4n vakaa).<\/p>\n<\/p>\n<h2 style=\"--fontsize: 20; line-height: 1.5; --minfontsize: 20; --fontSize:28;\" data-fontsize=\"28\" data-lineheight=\"42px\" class=\"fusion-responsive-typography-calculated\"><span style=\"color: var(--awb-color5);\">Kenelle hammasimplantti sopii?<\/span><br \/><\/h2>\n<p>Hammasimplantti sopii kaikille, jotka haluavat korvata yhden, useita tai kaikki puuttuvat hampaat. Implantin asettamisen riskitekij\u00f6it\u00e4 ovat muun muassa tupakointi, huono suuhygienia, aktiiviset iensairaudet ja hampaiden narskuttelu. Hammasimplantin asettamisen edellytyksen\u00e4 on riitt\u00e4v\u00e4 luun m\u00e4\u00e4r\u00e4. Jos sit\u00e4 ei ole, luuta on kasvatettava lis\u00e4\u00e4.<\/p>\n<\/p>\n<h2 style=\"--fontsize: 20; line-height: 1.5; --minfontsize: 20; --fontSize:28;\" data-fontsize=\"28\" data-lineheight=\"42px\" class=\"fusion-responsive-typography-calculated\"><span style=\"color: var(--awb-color5);\">Toimenpiteen j\u00e4lkeen<\/span><br \/><\/h2>\n<p>Kyseisell\u00e4 alueella voi esiinty\u00e4 heti hammasimplantin asentamisen j\u00e4lkeen turvotusta, punoitusta ja kipua. Ilman resepti\u00e4 saatavia kipul\u00e4\u00e4kkeit\u00e4 voidaan k\u00e4ytt\u00e4\u00e4 lievitt\u00e4m\u00e4\u00e4n ep\u00e4miellytt\u00e4v\u00e4\u00e4 tunnetta ja kipua sen j\u00e4lkeen, kun toimenpiteen aikana teht\u00e4v\u00e4n paikallispuudutuksen vaikutus on lakannut. Jokainen potilas saa implantin asettamisen j\u00e4lkeen l\u00e4\u00e4k\u00e4reilt\u00e4mme tarkat ohjeet my\u00f6s jatkoa varten.<\/p>\n<\/div><\/div><\/div><\/div><\/div><div class=\"fusion-fullwidth fullwidth-box fusion-builder-row-4 fusion-flex-container has-pattern-background has-mask-background nonhundred-percent-fullwidth non-hundred-percent-height-scrolling\" style=\"--awb-border-radius-top-left:0px;--awb-border-radius-top-right:0px;--awb-border-radius-bottom-right:0px;--awb-border-radius-bottom-left:0px;--awb-flex-wrap:wrap;\" ><div class=\"fusion-builder-row fusion-row fusion-flex-align-items-flex-start fusion-flex-content-wrap\" style=\"max-width:1248px;margin-left: calc(-4% \/ 2 );margin-right: calc(-4% \/ 2 );\"><div class=\"fusion-layout-column fusion_builder_column fusion-builder-column-4 fusion_builder_column_1_2 1_2 fusion-flex-column fusion-column-inner-bg-wrapper fusion-animated\" style=\"--awb-inner-bg-size:cover;--awb-width-large:50%;--awb-margin-top-large:40px;--awb-spacing-right-large:3.84%;--awb-margin-bottom-large:20px;--awb-spacing-left-large:3.84%;--awb-width-medium:100%;--awb-order-medium:0;--awb-spacing-right-medium:1.92%;--awb-spacing-left-medium:1.92%;--awb-width-small:100%;--awb-order-small:0;--awb-spacing-right-small:1.92%;--awb-spacing-left-small:1.92%;\" data-animationType=\"fadeInLeft\" data-animationDuration=\"0.3\" data-animationOffset=\"top-into-view\"><span class=\"fusion-column-inner-bg hover-type-none\"><a class=\"fusion-column-anchor\" href=\"https:\/\/www.maxilla.ee\/fi\/palvelut\/implanttihoito\/implantteihin-kiinnitettavat-proteesit\/\"><span class=\"fusion-column-inner-bg-image\"><\/span><\/a><\/span><div class=\"fusion-column-wrapper fusion-column-has-shadow fusion-flex-justify-content-flex-start fusion-content-layout-column\"><div class=\"fusion-builder-row fusion-builder-row-inner fusion-row fusion-flex-align-items-flex-start fusion-flex-content-wrap\" style=\"--awb-flex-grow:0;--awb-flex-grow-medium:0;--awb-flex-grow-small:0;--awb-flex-shrink:0;--awb-flex-shrink-medium:0;--awb-flex-shrink-small:0;width:104% !important;max-width:104% !important;margin-left: calc(-4% \/ 2 );margin-right: calc(-4% \/ 2 );\"><div class=\"fusion-layout-column fusion_builder_column_inner fusion-builder-nested-column-0 fusion_builder_column_inner_1_6 1_6 fusion-flex-column\" style=\"--awb-bg-size:cover;--awb-width-large:16.666666666667%;--awb-margin-top-large:0px;--awb-spacing-right-large:11.52%;--awb-margin-bottom-large:20px;--awb-spacing-left-large:11.52%;--awb-width-medium:100%;--awb-order-medium:0;--awb-spacing-right-medium:1.92%;--awb-spacing-left-medium:1.92%;--awb-width-small:100%;--awb-order-small:0;--awb-spacing-right-small:1.92%;--awb-spacing-left-small:1.92%;\"><div class=\"fusion-column-wrapper fusion-column-has-shadow fusion-flex-justify-content-flex-start fusion-content-layout-column\"><i class=\"fb-icon-element-1 fb-icon-element fontawesome-icon fa-arrow-right fas circle-yes fusion-text-flow\" style=\"--awb-circlecolor:var(--awb-color5);--awb-circlecolor-hover:var(--awb-custom10);--awb-circlebordercolor:var(--awb-color5);--awb-circlebordercolor-hover:var(--awb-custom10);--awb-circlebordersize:1px;--awb-font-size:28.16px;--awb-width:56.32px;--awb-height:56.32px;--awb-line-height:54.32px;--awb-margin-right:16px;\"><\/i><\/div><\/div><div class=\"fusion-layout-column fusion_builder_column_inner fusion-builder-nested-column-1 fusion_builder_column_inner_5_6 5_6 fusion-flex-column\" style=\"--awb-bg-size:cover;--awb-width-large:83.333333333333%;--awb-margin-top-large:0px;--awb-spacing-right-large:0.1152%;--awb-margin-bottom-large:20px;--awb-spacing-left-large:2.304%;--awb-width-medium:100%;--awb-order-medium:0;--awb-spacing-right-medium:1.92%;--awb-spacing-left-medium:1.92%;--awb-width-small:100%;--awb-order-small:0;--awb-spacing-right-small:1.92%;--awb-spacing-left-small:1.92%;\"><div class=\"fusion-column-wrapper fusion-column-has-shadow fusion-flex-justify-content-flex-start fusion-content-layout-column\"><div class=\"fusion-text fusion-text-3\"><p><strong>Implantteihin kiinnitett\u00e4v\u00e4n proteesin<\/strong> tekniikka on paras hoitoratkaisu, jos joudut korvaamaan koko hampaan tai suuremman ikenen aukon, josta voit lukea lis\u00e4\u00e4 t\u00e4\u00e4lt\u00e4!<\/p>\n<\/div><\/div><\/div><\/div><\/div><\/div><div class=\"fusion-layout-column fusion_builder_column fusion-builder-column-5 fusion_builder_column_1_2 1_2 fusion-flex-column fusion-column-inner-bg-wrapper fusion-animated\" style=\"--awb-inner-bg-size:cover;--awb-width-large:50%;--awb-margin-top-large:40px;--awb-spacing-right-large:3.84%;--awb-margin-bottom-large:20px;--awb-spacing-left-large:3.84%;--awb-width-medium:100%;--awb-order-medium:0;--awb-spacing-right-medium:1.92%;--awb-spacing-left-medium:1.92%;--awb-width-small:100%;--awb-order-small:0;--awb-spacing-right-small:1.92%;--awb-spacing-left-small:1.92%;\" data-animationType=\"fadeInLeft\" data-animationDuration=\"1.3\" data-animationOffset=\"top-into-view\"><span class=\"fusion-column-inner-bg hover-type-none\"><a class=\"fusion-column-anchor\" href=\"https:\/\/www.maxilla.ee\/fi\/palvelut\/implanttihoito\/luun-lisaaminen-eli-augmentaatio\/\"><span class=\"fusion-column-inner-bg-image\"><\/span><\/a><\/span><div class=\"fusion-column-wrapper fusion-column-has-shadow fusion-flex-justify-content-flex-start fusion-content-layout-column\"><div class=\"fusion-builder-row fusion-builder-row-inner fusion-row fusion-flex-align-items-flex-start fusion-flex-content-wrap\" style=\"--awb-flex-grow:0;--awb-flex-grow-medium:0;--awb-flex-grow-small:0;--awb-flex-shrink:0;--awb-flex-shrink-medium:0;--awb-flex-shrink-small:0;width:104% !important;max-width:104% !important;margin-left: calc(-4% \/ 2 );margin-right: calc(-4% \/ 2 );\"><div class=\"fusion-layout-column fusion_builder_column_inner fusion-builder-nested-column-2 fusion_builder_column_inner_1_6 1_6 fusion-flex-column\" style=\"--awb-bg-size:cover;--awb-width-large:16.666666666667%;--awb-margin-top-large:0px;--awb-spacing-right-large:11.52%;--awb-margin-bottom-large:20px;--awb-spacing-left-large:11.52%;--awb-width-medium:100%;--awb-order-medium:0;--awb-spacing-right-medium:1.92%;--awb-spacing-left-medium:1.92%;--awb-width-small:100%;--awb-order-small:0;--awb-spacing-right-small:1.92%;--awb-spacing-left-small:1.92%;\"><div class=\"fusion-column-wrapper fusion-column-has-shadow fusion-flex-justify-content-flex-start fusion-content-layout-column\"><i class=\"fb-icon-element-2 fb-icon-element fontawesome-icon fa-arrow-right fas circle-yes fusion-text-flow\" style=\"--awb-circlecolor:var(--awb-color5);--awb-circlecolor-hover:var(--awb-custom10);--awb-circlebordercolor:var(--awb-color5);--awb-circlebordercolor-hover:var(--awb-custom10);--awb-circlebordersize:1px;--awb-font-size:28.16px;--awb-width:56.32px;--awb-height:56.32px;--awb-line-height:54.32px;--awb-margin-right:16px;\"><\/i><\/div><\/div><div class=\"fusion-layout-column fusion_builder_column_inner fusion-builder-nested-column-3 fusion_builder_column_inner_5_6 5_6 fusion-flex-column\" style=\"--awb-bg-size:cover;--awb-width-large:83.333333333333%;--awb-margin-top-large:0px;--awb-spacing-right-large:0.1152%;--awb-margin-bottom-large:20px;--awb-spacing-left-large:2.304%;--awb-width-medium:100%;--awb-order-medium:0;--awb-spacing-right-medium:1.92%;--awb-spacing-left-medium:1.92%;--awb-width-small:100%;--awb-order-small:0;--awb-spacing-right-small:1.92%;--awb-spacing-left-small:1.92%;\"><div class=\"fusion-column-wrapper fusion-column-has-shadow fusion-flex-justify-content-flex-start fusion-content-layout-column\"><div class=\"fusion-text fusion-text-4\"><p>Lue my\u00f6s mit\u00e4 <strong>augmentaatio<\/strong> on ja miksi se on tarpeen.<\/p>\n<\/div><\/div><\/div><\/div><\/div><\/div><\/div><\/div><\/p>\n","protected":false},"excerpt":{"rendered":"","protected":false},"author":9,"featured_media":0,"parent":10079,"menu_order":0,"comment_status":"closed","ping_status":"closed","template":"","meta":{"footnotes":""},"class_list":["post-10328","page","type-page","status-publish","hentry"],"_links":{"self":[{"href":"https:\/\/www.maxilla.ee\/fi\/wp-json\/wp\/v2\/pages\/10328","targetHints":{"allow":["GET"]}}],"collection":[{"href":"https:\/\/www.maxilla.ee\/fi\/wp-json\/wp\/v2\/pages"}],"about":[{"href":"https:\/\/www.maxilla.ee\/fi\/wp-json\/wp\/v2\/types\/page"}],"author":[{"embeddable":true,"href":"https:\/\/www.maxilla.ee\/fi\/wp-json\/wp\/v2\/users\/9"}],"replies":[{"embeddable":true,"href":"https:\/\/www.maxilla.ee\/fi\/wp-json\/wp\/v2\/comments?post=10328"}],"version-history":[{"count":9,"href":"https:\/\/www.maxilla.ee\/fi\/wp-json\/wp\/v2\/pages\/10328\/revisions"}],"predecessor-version":[{"id":10398,"href":"https:\/\/www.maxilla.ee\/fi\/wp-json\/wp\/v2\/pages\/10328\/revisions\/10398"}],"up":[{"embeddable":true,"href":"https:\/\/www.maxilla.ee\/fi\/wp-json\/wp\/v2\/pages\/10079"}],"wp:attachment":[{"href":"https:\/\/www.maxilla.ee\/fi\/wp-json\/wp\/v2\/media?parent=10328"}],"curies":[{"name":"wp","href":"https:\/\/api.w.org\/{rel}","templated":true}]}}