{"id":10257,"date":"2023-01-11T16:04:25","date_gmt":"2023-01-11T14:04:25","guid":{"rendered":"https:\/\/www.maxilla.ee\/?page_id=10257"},"modified":"2025-10-17T12:31:21","modified_gmt":"2025-10-17T09:31:21","slug":"hampaiden-valkaisu","status":"publish","type":"page","link":"https:\/\/www.maxilla.ee\/fi\/palvelut\/esteettiset-palvelut\/hampaiden-valkaisu\/","title":{"rendered":"Hampaiden valkaisu"},"content":{"rendered":"<p><div class=\"fusion-fullwidth fullwidth-box fusion-builder-row-1 fusion-flex-container nonhundred-percent-fullwidth non-hundred-percent-height-scrolling\" style=\"--awb-border-radius-top-left:0px;--awb-border-radius-top-right:0px;--awb-border-radius-bottom-right:0px;--awb-border-radius-bottom-left:0px;--awb-flex-wrap:wrap;\" ><div class=\"fusion-builder-row fusion-row fusion-flex-align-items-flex-start fusion-flex-content-wrap\" style=\"max-width:1248px;margin-left: calc(-4% \/ 2 );margin-right: calc(-4% \/ 2 );\"><div class=\"fusion-layout-column fusion_builder_column fusion-builder-column-0 fusion_builder_column_1_1 1_1 fusion-flex-column\" style=\"--awb-bg-blend:overlay;--awb-bg-size:cover;--awb-width-large:100%;--awb-margin-top-large:0px;--awb-spacing-right-large:1.92%;--awb-margin-bottom-large:0px;--awb-spacing-left-large:1.92%;--awb-width-medium:100%;--awb-spacing-right-medium:1.92%;--awb-spacing-left-medium:1.92%;--awb-width-small:100%;--awb-spacing-right-small:1.92%;--awb-spacing-left-small:1.92%;\"><div class=\"fusion-column-wrapper fusion-flex-justify-content-flex-start fusion-content-layout-column\"><div class=\"fusion-title title fusion-title-1 fusion-sep-none fusion-title-text fusion-title-size-two\" style=\"--awb-text-color:var(--awb-custom10);--awb-margin-top-small:10px;--awb-margin-right-small:0px;--awb-margin-bottom-small:10px;--awb-margin-left-small:0px;\"><h2 class=\"fusion-title-heading title-heading-left fusion-responsive-typography-calculated\" style=\"margin:0;--fontSize:28;line-height:1.5;\">Hampaiden valkaisu<\/h2><\/div><\/div><\/div><\/div><\/div><div class=\"fusion-fullwidth fullwidth-box fusion-builder-row-2 fusion-flex-container has-pattern-background has-mask-background nonhundred-percent-fullwidth non-hundred-percent-height-scrolling\" style=\"--awb-border-radius-top-left:0px;--awb-border-radius-top-right:0px;--awb-border-radius-bottom-right:0px;--awb-border-radius-bottom-left:0px;--awb-flex-wrap:wrap;\" ><div class=\"fusion-builder-row fusion-row fusion-flex-align-items-flex-start fusion-flex-content-wrap\" style=\"max-width:1248px;margin-left: calc(-4% \/ 2 );margin-right: calc(-4% \/ 2 );\"><div class=\"fusion-layout-column fusion_builder_column fusion-builder-column-1 fusion_builder_column_1_2 1_2 fusion-flex-column fusion-animated\" style=\"--awb-bg-size:cover;--awb-width-large:50%;--awb-margin-top-large:0px;--awb-spacing-right-large:3.84%;--awb-margin-bottom-large:20px;--awb-spacing-left-large:3.84%;--awb-width-medium:100%;--awb-order-medium:0;--awb-spacing-right-medium:1.92%;--awb-spacing-left-medium:1.92%;--awb-width-small:100%;--awb-order-small:0;--awb-spacing-right-small:1.92%;--awb-spacing-left-small:1.92%;\" data-animationType=\"fadeInLeft\" data-animationDuration=\"0.5\" data-animationOffset=\"top-into-view\"><div class=\"fusion-column-wrapper fusion-column-has-shadow fusion-flex-justify-content-flex-start fusion-content-layout-column\"><div class=\"fusion-text fusion-text-1\"><p>Hampaiden v\u00e4rin tummenemista voivat aiheuttaa ruoissa ja juomissa olevat tanniinit (esim. kahvi, tee, mustikat ja punajuuri), tupakointi ja l\u00e4\u00e4kkeet.<\/p>\n<p>I\u00e4n my\u00f6t\u00e4 hampaat muuttuvat tummemmiksi my\u00f6s hammaskiilteen kulumisen vuoksi. Alla oleva tummempi hammasluu, eli dentiini, tulee enemm\u00e4n n\u00e4kyville.<\/p>\n<p>Kun potilas haluaa vaaleammat hampaat, on avuksi hampaiden valkaisu.<\/p>\n<p>Vain omia hampaita voidaan vaalentaa \u2500 t\u00e4ytteet tai kruunut eiv\u00e4t muuta v\u00e4ri\u00e4 valkaisussa. Ennen valkaisua arvioidaan hampaiden kunto. Kaikkien reikien tulee olla paikattuja ja hammaskivi poistettu. Koska v\u00e4rin muutoksen syyt ovat erilaisia, on ennen toimenpidett\u00e4 vaikea sanoa, kuinka paljon hampaiden v\u00e4ri vaalenee valkaistaessa.<\/p>\n<p>Hampaita on mahdollista valkaista hammashoitolassa tai kotona.<\/p>\n<\/div><div ><a class=\"fusion-button button-flat fusion-button-default-size button-default fusion-button-default button-1 fusion-button-default-span fusion-button-default-type\" style=\"--awb-margin-top:50px;--button-border-radius-top-left:2px;--button-border-radius-top-right:2px;--button-border-radius-bottom-right:2px;--button-border-radius-bottom-left:2px;\" target=\"_self\" href=\"https:\/\/patsient.maxilla.ee\/fi\/booking\/portal\/index\"><span class=\"fusion-button-text awb-button__text awb-button__text--default\">VARAA AIKA<\/span><\/a><\/div><\/div><\/div><div class=\"fusion-layout-column fusion_builder_column fusion-builder-column-2 fusion_builder_column_1_2 1_2 fusion-flex-column fusion-animated\" style=\"--awb-bg-size:cover;--awb-width-large:50%;--awb-margin-top-large:0px;--awb-spacing-right-large:3.84%;--awb-margin-bottom-large:20px;--awb-spacing-left-large:3.84%;--awb-width-medium:100%;--awb-order-medium:0;--awb-spacing-right-medium:1.92%;--awb-spacing-left-medium:1.92%;--awb-width-small:100%;--awb-order-small:0;--awb-spacing-right-small:1.92%;--awb-spacing-left-small:1.92%;\" data-animationType=\"fadeInRight\" data-animationDuration=\"1.3\" data-animationOffset=\"top-into-view\"><div class=\"fusion-column-wrapper fusion-column-has-shadow fusion-flex-justify-content-flex-start fusion-content-layout-column\"><div class=\"fusion-image-element \" style=\"--awb-aspect-ratio:1 \/ 1;--awb-caption-title-font-family:var(--h2_typography-font-family);--awb-caption-title-font-weight:var(--h2_typography-font-weight);--awb-caption-title-font-style:var(--h2_typography-font-style);--awb-caption-title-size:var(--h2_typography-font-size);--awb-caption-title-transform:var(--h2_typography-text-transform);--awb-caption-title-line-height:var(--h2_typography-line-height);--awb-caption-title-letter-spacing:var(--h2_typography-letter-spacing);\"><span class=\" fusion-imageframe imageframe-none imageframe-1 hover-type-none has-aspect-ratio\"><img decoding=\"async\" width=\"1200\" height=\"801\" alt=\"Hammaste valgendamine\" title=\"Hammaste-valgendamine\" src=\"https:\/\/www.maxilla.ee\/wp-content\/uploads\/2024\/08\/Hammaste-valgendamine.webp\" class=\"img-responsive wp-image-13404 img-with-aspect-ratio\" data-parent-fit=\"cover\" data-parent-container=\".fusion-image-element\" srcset=\"https:\/\/www.maxilla.ee\/wp-content\/uploads\/2024\/08\/Hammaste-valgendamine-200x134.webp 200w, https:\/\/www.maxilla.ee\/wp-content\/uploads\/2024\/08\/Hammaste-valgendamine-400x267.webp 400w, https:\/\/www.maxilla.ee\/wp-content\/uploads\/2024\/08\/Hammaste-valgendamine-600x401.webp 600w, https:\/\/www.maxilla.ee\/wp-content\/uploads\/2024\/08\/Hammaste-valgendamine-800x534.webp 800w, https:\/\/www.maxilla.ee\/wp-content\/uploads\/2024\/08\/Hammaste-valgendamine.webp 1200w\" sizes=\"(max-width: 1024px) 100vw, (max-width: 640px) 100vw, 600px\" \/><\/span><\/div><\/div><\/div><\/div><\/div><div class=\"fusion-fullwidth fullwidth-box fusion-builder-row-3 fusion-flex-container has-pattern-background has-mask-background nonhundred-percent-fullwidth non-hundred-percent-height-scrolling\" style=\"--awb-border-radius-top-left:0px;--awb-border-radius-top-right:0px;--awb-border-radius-bottom-right:0px;--awb-border-radius-bottom-left:0px;--awb-flex-wrap:wrap;\" ><div class=\"fusion-builder-row fusion-row fusion-flex-align-items-flex-start fusion-flex-content-wrap\" style=\"max-width:1248px;margin-left: calc(-4% \/ 2 );margin-right: calc(-4% \/ 2 );\"><div class=\"fusion-layout-column fusion_builder_column fusion-builder-column-3 fusion_builder_column_1_1 1_1 fusion-flex-column\" style=\"--awb-bg-size:cover;--awb-width-large:100%;--awb-margin-top-large:0px;--awb-spacing-right-large:1.92%;--awb-margin-bottom-large:20px;--awb-spacing-left-large:1.92%;--awb-width-medium:100%;--awb-order-medium:0;--awb-spacing-right-medium:1.92%;--awb-spacing-left-medium:1.92%;--awb-width-small:100%;--awb-order-small:0;--awb-spacing-right-small:1.92%;--awb-spacing-left-small:1.92%;\"><div class=\"fusion-column-wrapper fusion-column-has-shadow fusion-flex-justify-content-flex-start fusion-content-layout-column\"><div class=\"fusion-text fusion-text-2\"><h2>1. ZOOM-valkaisu hammashoitolassa<\/h2>\n<p>T\u00e4ss\u00e4 valkaisutoimenpiteess\u00e4 puhdistetaan ensin hampaat puhdistustahnalla. Sen j\u00e4lkeen ikenille levitet\u00e4\u00e4n ikeni\u00e4 suojaavaa geeli\u00e4, ettei valkaisugeeli valuisi hammaspinnalta ikeniin. Kun limakalvot on suojattu, levitet\u00e4\u00e4n hampaille valkaisugeeli\u00e4, joka aktivoidaan erityisen ZOOM-lampun valons\u00e4teill\u00e4. Toimenpide kest\u00e4\u00e4 15 minuuttia, ja sen voi toistaa enint\u00e4\u00e4n 4 kertaa. Toimenpiteen lopussa geeli ja iensuoja poistetaan. Koko toimenpide kest\u00e4\u00e4 noin 1,5\u25002 tuntia.<\/p>\n<h2>2. Hampaiden valkaisu kotona muottien avulla<\/h2>\n<p>Potilaan hampaista otetaan j\u00e4ljenn\u00f6kset, joiden perusteella valmistetaan muotit hammaslaboratoriossa. Pehme\u00e4est\u00e4 muovimassasta valmistetaan henkil\u00f6kohtainen muotti, jonka sis\u00e4\u00e4n siirrett\u00e4\u00e4n valkaisugeeli\u00e4 ja joka asetetaan sen j\u00e4lkeen hampaiden p\u00e4\u00e4lle. Geeli\u00e4 sis\u00e4lt\u00e4v\u00e4\u00e4 muottia k\u00e4ytet\u00e4\u00e4n \u00f6isin (geeli vaikuttaa aktiivisesti 8\u250010 tuntia).<\/p>\n<h2>3. Yksitt\u00e4isen devitaalin hampaan valkaisu<\/h2>\n<p>Joskus hammas voi tummentua juurihoidon j\u00e4lkeen ajan mittaan. Jos hammasriviss\u00e4 on muuttanut v\u00e4ri\u00e4 vain yksi hammas, eiv\u00e4t yll\u00e4 mainitut valkaisumenetelm\u00e4t toimi. T\u00e4ss\u00e4 tapauksessa porataan hampaan suun tai kielen puoleiselle pinnalle pieni reik\u00e4, poistetaan vanha t\u00e4yte, ja hampaaseen sijoitetaan erityinen valkaisugeeli. Hampaaseen tehty reik\u00e4 suljetaan v\u00e4liaikaisella t\u00e4ytteell\u00e4, ja toimenpide toistetaan 3\u25005 p\u00e4iv\u00e4n v\u00e4lein, kunnes haluttu tulos on saavutettu.<\/p>\n<h2>4. Hampaiden Air-Flow-soodapesu ja helmipuhdistus<\/h2>\n<p>T\u00e4m\u00e4 toimenpide tehd\u00e4\u00e4n my\u00f6s hammashoitolassa. Soodapesussa hampaisiin vaikutetaan granuloidulla soodalla, ilmalla ja vedenpaineella. Soodapesu puhdistaa hampaat pigmentist\u00e4. Pesun aikana puhdistetaan vaikeasti l\u00e4hestytt\u00e4v\u00e4t paikat, kuten tiiviit hampaanv\u00e4lit (hammaskivi on aiemmin poistettava). T\u00e4m\u00e4n toimenpiteen aikana hampaat muuttuvat puhtaammiksi ja s\u00e4teilev\u00e4mmiksi. Sooda- ja helmipesun j\u00e4lkeen ei suositella sy\u00f6mist\u00e4, juomista tai tupakointia kahteen tuntiin, koska sooda- ja helmipesun aikana poistetaan hampaiden suojakerros, joka palautuu 2 tunnin kuluessa. Tuloksen s\u00e4ilytt\u00e4miseksi suositellaan toimenpidett\u00e4 toistettavan 1\u25002 kertaa vuodessa.<\/p>\n<h2>5. Hampaiden valkaisu HealthySmile-valkaisusetill\u00e4<\/h2>\n<p>HealthySmile-valkaisupakkausta voidaan k\u00e4ytt\u00e4\u00e4 k\u00e4tev\u00e4sti kotona. Ensin sinun on varattava aika hammasl\u00e4\u00e4k\u00e4rille, joka ottaa hammaskaaresta j\u00e4ljenn\u00f6kset. Sen j\u00e4lkeen laboratoriossa valmistetaan henkil\u00f6kohtaiset muotit. Pakkaus sis\u00e4lt\u00e4\u00e4 muotit ja erityisen valkaisugeelin.<\/p>\n<p>HealthySmile-pakkauksen k\u00e4ytt\u00f6 on eritt\u00e4in helppoa ja k\u00e4tev\u00e4\u00e4 kaikille!<\/p>\n<\/div><\/div><\/div><\/div><\/div><\/p>\n","protected":false},"excerpt":{"rendered":"","protected":false},"author":9,"featured_media":0,"parent":10197,"menu_order":0,"comment_status":"closed","ping_status":"closed","template":"","meta":{"footnotes":""},"class_list":["post-10257","page","type-page","status-publish","hentry"],"_links":{"self":[{"href":"https:\/\/www.maxilla.ee\/fi\/wp-json\/wp\/v2\/pages\/10257","targetHints":{"allow":["GET"]}}],"collection":[{"href":"https:\/\/www.maxilla.ee\/fi\/wp-json\/wp\/v2\/pages"}],"about":[{"href":"https:\/\/www.maxilla.ee\/fi\/wp-json\/wp\/v2\/types\/page"}],"author":[{"embeddable":true,"href":"https:\/\/www.maxilla.ee\/fi\/wp-json\/wp\/v2\/users\/9"}],"replies":[{"embeddable":true,"href":"https:\/\/www.maxilla.ee\/fi\/wp-json\/wp\/v2\/comments?post=10257"}],"version-history":[{"count":11,"href":"https:\/\/www.maxilla.ee\/fi\/wp-json\/wp\/v2\/pages\/10257\/revisions"}],"predecessor-version":[{"id":17362,"href":"https:\/\/www.maxilla.ee\/fi\/wp-json\/wp\/v2\/pages\/10257\/revisions\/17362"}],"up":[{"embeddable":true,"href":"https:\/\/www.maxilla.ee\/fi\/wp-json\/wp\/v2\/pages\/10197"}],"wp:attachment":[{"href":"https:\/\/www.maxilla.ee\/fi\/wp-json\/wp\/v2\/media?parent=10257"}],"curies":[{"name":"wp","href":"https:\/\/api.w.org\/{rel}","templated":true}]}}