{"id":10114,"date":"2023-01-06T16:08:15","date_gmt":"2023-01-06T14:08:15","guid":{"rendered":"https:\/\/www.maxilla.ee\/?page_id=10114"},"modified":"2025-03-28T21:29:54","modified_gmt":"2025-03-28T19:29:54","slug":"ortodonttinen-hammashoito","status":"publish","type":"page","link":"https:\/\/www.maxilla.ee\/fi\/palvelut\/ortodonttinen-hammashoito\/","title":{"rendered":"Ortodonttinen hammashoito"},"content":{"rendered":"<p><div class=\"fusion-fullwidth fullwidth-box fusion-builder-row-1 fusion-flex-container has-pattern-background has-mask-background nonhundred-percent-fullwidth non-hundred-percent-height-scrolling\" style=\"--awb-border-radius-top-left:0px;--awb-border-radius-top-right:0px;--awb-border-radius-bottom-right:0px;--awb-border-radius-bottom-left:0px;--awb-flex-wrap:wrap;\" ><div class=\"fusion-builder-row fusion-row fusion-flex-align-items-flex-start fusion-flex-content-wrap\" style=\"max-width:1248px;margin-left: calc(-4% \/ 2 );margin-right: calc(-4% \/ 2 );\"><div class=\"fusion-layout-column fusion_builder_column fusion-builder-column-0 fusion_builder_column_1_1 1_1 fusion-flex-column\" style=\"--awb-bg-size:cover;--awb-width-large:100%;--awb-margin-top-large:0px;--awb-spacing-right-large:1.92%;--awb-margin-bottom-large:20px;--awb-spacing-left-large:1.92%;--awb-width-medium:100%;--awb-order-medium:0;--awb-spacing-right-medium:1.92%;--awb-spacing-left-medium:1.92%;--awb-width-small:100%;--awb-order-small:0;--awb-spacing-right-small:1.92%;--awb-spacing-left-small:1.92%;\"><div class=\"fusion-column-wrapper fusion-column-has-shadow fusion-flex-justify-content-flex-start fusion-content-layout-column\"><div class=\"fusion-title title fusion-title-1 fusion-sep-none fusion-title-text fusion-title-size-two\" style=\"--awb-text-color:var(--awb-custom10);--awb-margin-top-small:10px;--awb-margin-right-small:0px;--awb-margin-bottom-small:10px;--awb-margin-left-small:0px;\"><h2 class=\"fusion-title-heading title-heading-left fusion-responsive-typography-calculated\" style=\"margin:0;text-transform:uppercase;--fontSize:28;line-height:1.5;\">Ortodonttinen hammashoito<\/h2><\/div><\/div><\/div><\/div><\/div><div class=\"fusion-fullwidth fullwidth-box fusion-builder-row-2 fusion-flex-container has-pattern-background has-mask-background nonhundred-percent-fullwidth non-hundred-percent-height-scrolling\" style=\"--awb-border-radius-top-left:0px;--awb-border-radius-top-right:0px;--awb-border-radius-bottom-right:0px;--awb-border-radius-bottom-left:0px;--awb-flex-wrap:wrap;\" ><div class=\"fusion-builder-row fusion-row fusion-flex-align-items-flex-start fusion-flex-content-wrap\" style=\"max-width:1248px;margin-left: calc(-4% \/ 2 );margin-right: calc(-4% \/ 2 );\"><div class=\"fusion-layout-column fusion_builder_column fusion-builder-column-1 fusion_builder_column_2_5 2_5 fusion-flex-column\" style=\"--awb-bg-size:cover;--awb-width-large:40%;--awb-margin-top-large:0px;--awb-spacing-right-large:4.8%;--awb-margin-bottom-large:20px;--awb-spacing-left-large:4.8%;--awb-width-medium:100%;--awb-order-medium:0;--awb-spacing-right-medium:1.92%;--awb-spacing-left-medium:1.92%;--awb-width-small:100%;--awb-order-small:0;--awb-spacing-right-small:1.92%;--awb-spacing-left-small:1.92%;\"><div class=\"fusion-column-wrapper fusion-column-has-shadow fusion-flex-justify-content-flex-start fusion-content-layout-column\"><div class=\"fusion-text fusion-text-1\"><p style=\"--fontsize: 28; line-height: 1.5; font-size: 20px;\" data-fusion-font=\"true\">Ortodontia on hammashoidon alue, jossa korjataan hampaiden asentoa. Tuloksena syntyy kaunis ja suora hammasrivi.<\/p>\n<p>Ortodonttisen hoidon aikana voidaan muuttaa hampaiden asentoa ja korjata hammaskaaren muotoa ja toimintaa. Hoito saattaa my\u00f6s muuttaa kasvojen yleist\u00e4 n\u00e4k\u00f6\u00e4 sek\u00e4 lihasten ja nivelten toimintoja.<\/p>\n<p>Ortodonttisen hammashoidon avulla voidaan ohjata ahtaudesta k\u00e4rsiv\u00e4t hampaat suoraan riviin, sulkea hampaiden v\u00e4lisi\u00e4 rakoja ja palauttaa ientulehduksen, eli parodontiitin, seurauksena siirtyneiden hampaiden asentoja.<\/p>\n<p>Hoito auttaa my\u00f6s luomaan paremmat edellytykset proteesin asentamiseen, mik\u00e4li potilas sit\u00e4 tarvitsee.<\/p>\n<p>Suositeltava ajankohta hoidolle on teini-ik\u00e4, jolloin hampaat ovat juuri puhjenneet suuhun ja hampaiden siirt\u00e4minen on nopeinta, mutta l\u00f6yd\u00e4mme sopivan hoitoratkaisun kaikenik\u00e4isille vinosta hammasrivist\u00e4 k\u00e4rsiville potilaille.<\/p>\n<\/div><\/div><\/div><div class=\"fusion-layout-column fusion_builder_column fusion-builder-column-2 fusion_builder_column_3_5 3_5 fusion-flex-column\" style=\"--awb-bg-size:cover;--awb-width-large:60%;--awb-margin-top-large:0px;--awb-spacing-right-large:3.2%;--awb-margin-bottom-large:20px;--awb-spacing-left-large:3.2%;--awb-width-medium:100%;--awb-order-medium:0;--awb-spacing-right-medium:1.92%;--awb-spacing-left-medium:1.92%;--awb-width-small:100%;--awb-order-small:0;--awb-spacing-right-small:1.92%;--awb-spacing-left-small:1.92%;\"><div class=\"fusion-column-wrapper fusion-column-has-shadow fusion-flex-justify-content-flex-start fusion-content-layout-column\"><div class=\"fusion-image-element \" style=\"--awb-caption-title-font-family:var(--h2_typography-font-family);--awb-caption-title-font-weight:var(--h2_typography-font-weight);--awb-caption-title-font-style:var(--h2_typography-font-style);--awb-caption-title-size:var(--h2_typography-font-size);--awb-caption-title-transform:var(--h2_typography-text-transform);--awb-caption-title-line-height:var(--h2_typography-line-height);--awb-caption-title-letter-spacing:var(--h2_typography-letter-spacing);\"><span class=\" fusion-imageframe imageframe-none imageframe-1 hover-type-none\"><img decoding=\"async\" width=\"618\" height=\"533\" alt=\"Ortodontia\" title=\"Ortidontiline-hambaravi-_2_\" src=\"https:\/\/www.maxilla.ee\/wp-content\/uploads\/2024\/10\/Ortidontiline-hambaravi-_2_.webp\" class=\"img-responsive wp-image-14058\" srcset=\"https:\/\/www.maxilla.ee\/wp-content\/uploads\/2024\/10\/Ortidontiline-hambaravi-_2_-200x172.webp 200w, https:\/\/www.maxilla.ee\/wp-content\/uploads\/2024\/10\/Ortidontiline-hambaravi-_2_-400x345.webp 400w, https:\/\/www.maxilla.ee\/wp-content\/uploads\/2024\/10\/Ortidontiline-hambaravi-_2_-600x517.webp 600w, https:\/\/www.maxilla.ee\/wp-content\/uploads\/2024\/10\/Ortidontiline-hambaravi-_2_.webp 618w\" sizes=\"(max-width: 1024px) 100vw, (max-width: 640px) 100vw, 618px\" \/><\/span><\/div><\/div><\/div><\/div><\/div><div class=\"fusion-fullwidth fullwidth-box fusion-builder-row-3 fusion-flex-container has-pattern-background has-mask-background nonhundred-percent-fullwidth non-hundred-percent-height-scrolling\" style=\"--awb-border-radius-top-left:0px;--awb-border-radius-top-right:0px;--awb-border-radius-bottom-right:0px;--awb-border-radius-bottom-left:0px;--awb-flex-wrap:wrap;\" ><div class=\"fusion-builder-row fusion-row fusion-flex-align-items-flex-start fusion-flex-content-wrap\" style=\"max-width:1248px;margin-left: calc(-4% \/ 2 );margin-right: calc(-4% \/ 2 );\"><div class=\"fusion-layout-column fusion_builder_column fusion-builder-column-3 fusion_builder_column_1_1 1_1 fusion-flex-column\" style=\"--awb-bg-size:cover;--awb-width-large:100%;--awb-margin-top-large:0px;--awb-spacing-right-large:1.92%;--awb-margin-bottom-large:20px;--awb-spacing-left-large:1.92%;--awb-width-medium:100%;--awb-order-medium:0;--awb-spacing-right-medium:1.92%;--awb-spacing-left-medium:1.92%;--awb-width-small:100%;--awb-order-small:0;--awb-spacing-right-small:1.92%;--awb-spacing-left-small:1.92%;\"><div class=\"fusion-column-wrapper fusion-column-has-shadow fusion-flex-justify-content-flex-start fusion-content-layout-column\"><div class=\"fusion-text fusion-text-2\"><h2 data-fontsize=\"28\" style=\"--fontSize:28; line-height: 1.5;\" data-lineheight=\"42px\" class=\"fusion-responsive-typography-calculated\">Brekketid<\/h2>\n<\/p>\n<p>Parhaat tulokset hammasten oikomisessa antaa nyky\u00e4\u00e4n brakettien k\u00e4ytt\u00f6. <\/p>\n<p>Maxillan hammasklinikalla k\u00e4ytet\u00e4\u00e4n hammasten oikomiseen erilaisia braketteja: <\/p>\n<\/p>\n<ul>\n<li>tavallisia metallisia braketteja<\/li>\n<li>keraamisia eli l\u00e4pin\u00e4kyvi\u00e4 braketteja<\/li>\n<li>itselukkiutuvia Damonin braketteja<\/li>\n<\/ul>\n<p>N\u00e4iden brakettien itsekiinnittyv\u00e4n muodon ansiosta hampaisiin kohdistuu v\u00e4hemm\u00e4n voimaa, mik\u00e4 vuoksi hampaat sopeutuvat paineeseen nopeammin, ja niit\u00e4 on my\u00f6s k\u00e4yt\u00e4v\u00e4 harvemmin aktivoimassa hammasl\u00e4\u00e4k\u00e4rin vastaanotolla. Braketit ovat muodoltaan, ulkon\u00e4\u00f6lt\u00e4\u00e4n ja v\u00e4rilt\u00e4\u00e4n erilaisia, ja jokainen potilas l\u00f6yt\u00e4\u00e4 niist\u00e4 itselleen sopivan hoitokeinon.<\/p>\n<p>Ennen hoidon aloittamista ortodontti suorittaa tutkimukset, joiden perusteella h\u00e4n laatii hoitovaihtoehdot ja valitsee niist\u00e4 yhdess\u00e4 potilaan kanssa t\u00e4lle sopivimman hoidon.<\/p>\n<p>Hoito kest\u00e4\u00e4 keskim\u00e4\u00e4rin 1\u25002,5 vuotta, mink\u00e4 ajan potilas kantaa hampaiden asennon korjaamiseksi braketteja. Brakettien poistoa seuraa ortodonttisen hoidon tuloksen s\u00e4ilytt\u00e4v\u00e4 vaihe, eli retentiovaihe, jota tarvitaan saavutetun tuloksen yll\u00e4pit\u00e4miseksi.<\/p>\n<p>Tarkempia tietoja ja neuvoja saa ortodonteiltamme.<\/p>\n<\/div><\/div><\/div><\/div><\/div><div class=\"fusion-fullwidth fullwidth-box fusion-builder-row-4 fusion-flex-container has-pattern-background has-mask-background nonhundred-percent-fullwidth non-hundred-percent-height-scrolling\" style=\"--awb-border-radius-top-left:0px;--awb-border-radius-top-right:0px;--awb-border-radius-bottom-right:0px;--awb-border-radius-bottom-left:0px;--awb-flex-wrap:wrap;\" ><div class=\"fusion-builder-row fusion-row fusion-flex-align-items-flex-start fusion-flex-content-wrap\" style=\"max-width:1248px;margin-left: calc(-4% \/ 2 );margin-right: calc(-4% \/ 2 );\"><div class=\"fusion-layout-column fusion_builder_column fusion-builder-column-4 fusion_builder_column_1_1 1_1 fusion-flex-column\" style=\"--awb-bg-size:cover;--awb-width-large:100%;--awb-margin-top-large:0px;--awb-spacing-right-large:1.92%;--awb-margin-bottom-large:20px;--awb-spacing-left-large:1.92%;--awb-width-medium:100%;--awb-order-medium:0;--awb-spacing-right-medium:1.92%;--awb-spacing-left-medium:1.92%;--awb-width-small:100%;--awb-order-small:0;--awb-spacing-right-small:1.92%;--awb-spacing-left-small:1.92%;\"><div class=\"fusion-column-wrapper fusion-column-has-shadow fusion-flex-justify-content-flex-start fusion-content-layout-column\"><div class=\"fusion-text fusion-text-3\"><p style=\"font-size: 28px; line-height: 42px;\" data-fusion-font=\"true\"><a href=\"https:\/\/patsient.maxilla.ee\/fi\/booking\/portal\/index\" target=\"_blank\" rel=\"noopener noreferrer\">Varaa konsultaatio t\u00e4\u00e4lt\u00e4!<\/a><\/p>\n<\/div><\/div><\/div><\/div><\/div><\/p>\n","protected":false},"excerpt":{"rendered":"","protected":false},"author":9,"featured_media":0,"parent":9035,"menu_order":0,"comment_status":"closed","ping_status":"closed","template":"","meta":{"footnotes":""},"class_list":["post-10114","page","type-page","status-publish","hentry"],"_links":{"self":[{"href":"https:\/\/www.maxilla.ee\/fi\/wp-json\/wp\/v2\/pages\/10114","targetHints":{"allow":["GET"]}}],"collection":[{"href":"https:\/\/www.maxilla.ee\/fi\/wp-json\/wp\/v2\/pages"}],"about":[{"href":"https:\/\/www.maxilla.ee\/fi\/wp-json\/wp\/v2\/types\/page"}],"author":[{"embeddable":true,"href":"https:\/\/www.maxilla.ee\/fi\/wp-json\/wp\/v2\/users\/9"}],"replies":[{"embeddable":true,"href":"https:\/\/www.maxilla.ee\/fi\/wp-json\/wp\/v2\/comments?post=10114"}],"version-history":[{"count":8,"href":"https:\/\/www.maxilla.ee\/fi\/wp-json\/wp\/v2\/pages\/10114\/revisions"}],"predecessor-version":[{"id":15824,"href":"https:\/\/www.maxilla.ee\/fi\/wp-json\/wp\/v2\/pages\/10114\/revisions\/15824"}],"up":[{"embeddable":true,"href":"https:\/\/www.maxilla.ee\/fi\/wp-json\/wp\/v2\/pages\/9035"}],"wp:attachment":[{"href":"https:\/\/www.maxilla.ee\/fi\/wp-json\/wp\/v2\/media?parent=10114"}],"curies":[{"name":"wp","href":"https:\/\/api.w.org\/{rel}","templated":true}]}}