{"id":10026,"date":"2023-01-06T14:04:19","date_gmt":"2023-01-06T12:04:19","guid":{"rendered":"https:\/\/www.maxilla.ee\/?page_id=10026"},"modified":"2025-10-17T12:47:52","modified_gmt":"2025-10-17T09:47:52","slug":"protetiikka","status":"publish","type":"page","link":"https:\/\/www.maxilla.ee\/fi\/palvelut\/protetiikka\/","title":{"rendered":"Protetiikka"},"content":{"rendered":"<p><div class=\"fusion-fullwidth fullwidth-box fusion-builder-row-1 fusion-flex-container has-pattern-background has-mask-background nonhundred-percent-fullwidth non-hundred-percent-height-scrolling\" style=\"--awb-border-radius-top-left:0px;--awb-border-radius-top-right:0px;--awb-border-radius-bottom-right:0px;--awb-border-radius-bottom-left:0px;--awb-flex-wrap:wrap;\" ><div class=\"fusion-builder-row fusion-row fusion-flex-align-items-flex-start fusion-flex-content-wrap\" style=\"max-width:1248px;margin-left: calc(-4% \/ 2 );margin-right: calc(-4% \/ 2 );\"><div class=\"fusion-layout-column fusion_builder_column fusion-builder-column-0 fusion_builder_column_1_1 1_1 fusion-flex-column\" style=\"--awb-bg-size:cover;--awb-width-large:100%;--awb-margin-top-large:0px;--awb-spacing-right-large:1.92%;--awb-margin-bottom-large:20px;--awb-spacing-left-large:1.92%;--awb-width-medium:100%;--awb-order-medium:0;--awb-spacing-right-medium:1.92%;--awb-spacing-left-medium:1.92%;--awb-width-small:100%;--awb-order-small:0;--awb-spacing-right-small:1.92%;--awb-spacing-left-small:1.92%;\"><div class=\"fusion-column-wrapper fusion-column-has-shadow fusion-flex-justify-content-flex-start fusion-content-layout-column\"><div class=\"fusion-title title fusion-title-1 fusion-sep-none fusion-title-text fusion-title-size-two\" style=\"--awb-text-color:var(--awb-custom10);--awb-margin-top-small:10px;--awb-margin-right-small:0px;--awb-margin-bottom-small:10px;--awb-margin-left-small:0px;\"><h2 class=\"fusion-title-heading title-heading-left fusion-responsive-typography-calculated\" style=\"margin:0;--fontSize:28;line-height:1.5;\"><h1 class=\"fusion-responsive-typography-calculated\" style=\"--fontsize: 32; line-height: 1.5; color: var(--awb-color5);\" data-fontsize=\"32\" data-lineheight=\"48px\">PROTETIIKKA<\/h1><\/h2><\/div><\/div><\/div><\/div><\/div><div class=\"fusion-fullwidth fullwidth-box fusion-builder-row-2 fusion-flex-container has-pattern-background has-mask-background nonhundred-percent-fullwidth non-hundred-percent-height-scrolling\" style=\"--awb-border-radius-top-left:0px;--awb-border-radius-top-right:0px;--awb-border-radius-bottom-right:0px;--awb-border-radius-bottom-left:0px;--awb-flex-wrap:wrap;\" ><div class=\"fusion-builder-row fusion-row fusion-flex-align-items-flex-start fusion-flex-content-wrap\" style=\"max-width:1248px;margin-left: calc(-4% \/ 2 );margin-right: calc(-4% \/ 2 );\"><div class=\"fusion-layout-column fusion_builder_column fusion-builder-column-1 fusion_builder_column_2_5 2_5 fusion-flex-column\" style=\"--awb-bg-size:cover;--awb-width-large:40%;--awb-margin-top-large:0px;--awb-spacing-right-large:4.8%;--awb-margin-bottom-large:20px;--awb-spacing-left-large:4.8%;--awb-width-medium:100%;--awb-order-medium:0;--awb-spacing-right-medium:1.92%;--awb-spacing-left-medium:1.92%;--awb-width-small:100%;--awb-order-small:0;--awb-spacing-right-small:1.92%;--awb-spacing-left-small:1.92%;\"><div class=\"fusion-column-wrapper fusion-column-has-shadow fusion-flex-justify-content-flex-start fusion-content-layout-column\"><div class=\"fusion-text fusion-text-1\"><p style=\"--fontsize: 28; line-height: 1.5; font-size: 28px;\" data-fusion-font=\"true\">Proteesi on hampaan tai hampaan osan korvaaminen hammaslaboratoriossa valmistetulla rakenteella.<\/p>\n<p>Puuttuvien hampaiden korvaamiseksi on erilaisia vaihtoehtoja.<\/p>\n<p>Hoitosuunnitelman laatiminen ja proteesityypin valinta perustuu l\u00e4\u00e4ketieteellisiin n\u00e4ytt\u00f6ihin ja potilaan suuontelon tilaan.<\/p>\n<p>Hammasproteesit jaetaan useisiin p\u00e4\u00e4ryhmiin niiden rakenteen mukaan, ja voit lukea niist\u00e4 lis\u00e4\u00e4 j\u00e4ljemp\u00e4n\u00e4.<\/p>\n<\/div><\/div><\/div><div class=\"fusion-layout-column fusion_builder_column fusion-builder-column-2 fusion_builder_column_3_5 3_5 fusion-flex-column\" style=\"--awb-bg-size:cover;--awb-width-large:60%;--awb-margin-top-large:0px;--awb-spacing-right-large:3.2%;--awb-margin-bottom-large:20px;--awb-spacing-left-large:3.2%;--awb-width-medium:100%;--awb-order-medium:0;--awb-spacing-right-medium:1.92%;--awb-spacing-left-medium:1.92%;--awb-width-small:100%;--awb-order-small:0;--awb-spacing-right-small:1.92%;--awb-spacing-left-small:1.92%;\"><div class=\"fusion-column-wrapper fusion-column-has-shadow fusion-flex-justify-content-flex-start fusion-content-layout-column\"><div class=\"fusion-image-element \" style=\"--awb-caption-title-font-family:var(--h2_typography-font-family);--awb-caption-title-font-weight:var(--h2_typography-font-weight);--awb-caption-title-font-style:var(--h2_typography-font-style);--awb-caption-title-size:var(--h2_typography-font-size);--awb-caption-title-transform:var(--h2_typography-text-transform);--awb-caption-title-line-height:var(--h2_typography-line-height);--awb-caption-title-letter-spacing:var(--h2_typography-letter-spacing);\"><span class=\" fusion-imageframe imageframe-none imageframe-1 hover-type-none\"><img decoding=\"async\" width=\"800\" height=\"533\" alt=\"Proteesimine\" title=\"Proteesimine-min\" src=\"https:\/\/www.maxilla.ee\/wp-content\/uploads\/2023\/01\/Proteesimine-min.jpg\" class=\"img-responsive wp-image-10008\" srcset=\"https:\/\/www.maxilla.ee\/wp-content\/uploads\/2023\/01\/Proteesimine-min-200x133.jpg 200w, https:\/\/www.maxilla.ee\/wp-content\/uploads\/2023\/01\/Proteesimine-min-400x267.jpg 400w, https:\/\/www.maxilla.ee\/wp-content\/uploads\/2023\/01\/Proteesimine-min-600x400.jpg 600w, https:\/\/www.maxilla.ee\/wp-content\/uploads\/2023\/01\/Proteesimine-min.jpg 800w\" sizes=\"(max-width: 1024px) 100vw, (max-width: 640px) 100vw, 800px\" \/><\/span><\/div><\/div><\/div><\/div><\/div><div class=\"fusion-fullwidth fullwidth-box fusion-builder-row-3 fusion-flex-container has-pattern-background has-mask-background nonhundred-percent-fullwidth non-hundred-percent-height-scrolling\" style=\"--awb-border-radius-top-left:0px;--awb-border-radius-top-right:0px;--awb-border-radius-bottom-right:0px;--awb-border-radius-bottom-left:0px;--awb-flex-wrap:wrap;\" ><div class=\"fusion-builder-row fusion-row fusion-flex-align-items-flex-start fusion-flex-content-wrap\" style=\"max-width:1248px;margin-left: calc(-4% \/ 2 );margin-right: calc(-4% \/ 2 );\"><div class=\"fusion-layout-column fusion_builder_column fusion-builder-column-3 fusion_builder_column_1_1 1_1 fusion-flex-column\" style=\"--awb-bg-size:cover;--awb-width-large:100%;--awb-margin-top-large:50px;--awb-spacing-right-large:1.92%;--awb-margin-bottom-large:20px;--awb-spacing-left-large:1.92%;--awb-width-medium:100%;--awb-order-medium:0;--awb-spacing-right-medium:1.92%;--awb-spacing-left-medium:1.92%;--awb-width-small:100%;--awb-order-small:0;--awb-spacing-right-small:1.92%;--awb-spacing-left-small:1.92%;\"><div class=\"fusion-column-wrapper fusion-column-has-shadow fusion-flex-justify-content-flex-start fusion-content-layout-column\"><div class=\"fusion-title title fusion-title-2 fusion-sep-none fusion-title-text fusion-title-size-two\" style=\"--awb-text-color:var(--awb-custom10);--awb-margin-top-small:10px;--awb-margin-right-small:0px;--awb-margin-bottom-small:10px;--awb-margin-left-small:0px;\"><h2 class=\"fusion-title-heading title-heading-left fusion-responsive-typography-calculated\" style=\"margin:0;--fontSize:28;line-height:1.5;\">HAMMASPROTEESIEN JAKELU<\/h2><\/div><div class=\"fusion-text fusion-text-2\"><h3 style=\"color: var(--awb-color5); --fontsize: 28; line-height: 1.5; font-size: 28px;\" data-fusion-font=\"true\">1. Suuhun j\u00e4tett\u00e4v\u00e4t eli kiinte\u00e4t proteesit<\/h3>\n<ul>\n<li>\n<p style=\"color: var(--awb-text-color); font-family: var(--awb-text-font-family); font-size: var(--awb-font-size); font-style: var(--awb-text-font-style); letter-spacing: var(--awb-letter-spacing); text-align: var(--awb-content-alignment); text-transform: var(--awb-text-transform); background-color: var(--awb-bg-color); display: inline !important;\"><b style=\"color: var(--awb-color5);\">Laminaatit<\/b><\/p>\n<p style=\"font-weight: var(--awb-text-font-weight); color: var(--awb-text-color); font-family: var(--awb-text-font-family); font-size: var(--awb-font-size); font-style: var(--awb-text-font-style); letter-spacing: var(--awb-letter-spacing); text-align: var(--awb-content-alignment); text-transform: var(--awb-text-transform); background-color: var(--awb-bg-color); display: inline !important;\">\u2013 T\u00e4yskeraamiset etuhampaisiin kiinnitett\u00e4v\u00e4t p\u00e4\u00e4llysteet. Laminaattien avulla voidaan muuttaa hampaiden v\u00e4ri\u00e4 ja muotoa sek\u00e4 hieman my\u00f6s kokoa ja sijaintia.<\/p>\n<\/li>\n<li><b style=\"color: var(--awb-color5);\">T\u00e4yte (inlay, onlay) <\/b><span style=\"font-weight: var(--awb-text-font-weight);\">\u2013 Mikroproteesi, eli laboratoriossa valmistettu hampaan t\u00e4yte, joka palauttaa t\u00e4ysin yksitt\u00e4isen hampaan anatomian. Mahdollista valmistaa erilaisista materiaaleista (keraaminen, arvometalli, zirkonium).<\/span><\/li>\n<li><b style=\"color: var(--awb-color5);\">Keinojuuri<\/b><span style=\"font-weight: var(--awb-text-font-weight);\"> \u2013 Kun hampaan kruunuosa on s\u00e4rkynyt, valmistetaan juurikanavaan keinojuuri (metallista, kuidusta), joka auttaa kiinnitt\u00e4m\u00e4\u00e4n uuden hammaskruunun.<\/span><\/li>\n<li><b style=\"color: var(--awb-color5);\">Hammaskruunu<\/b><span style=\"font-weight: var(--awb-text-font-weight);\"> \u2013 Kruunu (keraaminen, arvometalli, metallokeraaminen, zirkonium), jolla potilaan hammas p\u00e4\u00e4llystet\u00e4\u00e4n esteettisell\u00e4 tai toiminnallisella tarkoituksella.<\/span><\/li>\n<li><b style=\"color: var(--awb-color5);\">Siltaproteesi<\/b><span style=\"font-weight: var(--awb-text-font-weight);\"> \u2013 Puuttuvien hampaiden korvaamiseksi k\u00e4ytett\u00e4v\u00e4 proteesi, jossa puuttuvat hampaat kiinnitet\u00e4\u00e4n olemassa oleviin tukihampaisiin. K\u00e4ytet\u00e4\u00e4n useita erilaisia materiaaleja (ks. kruunut).<\/span><\/li>\n<\/ul>\n<\/div><div class=\"fusion-text fusion-text-3\"><p style=\"--fontsize: 28; line-height: 1.5;\"><span style=\"color: var(--awb-color5); font-size: 28px;\" data-fusion-font=\"true\">2. Irrotettavat proteesit<\/span><\/p>\n<h3 class=\"fusion-responsive-typography-calculated\" style=\"--fontsize: 20; line-height: 1.5; --minfontsize: 20;\" data-fontsize=\"20\" data-lineheight=\"30px\"><span style=\"color: var(--awb-color5);\">Osittaiset proteesit<\/span><\/h3>\n<p>Potilaalla on osittain s\u00e4ilynyt oma hampaisto.<\/p>\n<ul>\n<li><b>Rankaproteesi <\/b>\u2013 metallirunkoinen ja muovipohjainen proteesi, kiinnityselementtin\u00e4 k\u00e4ytet\u00e4\u00e4n metallisia t\u00e4sm\u00e4llisi\u00e4 koukkuja.<\/li>\n<li><b>Levyproteesi <\/b>\u2013 muovista valmistettu proteesi.<\/li>\n<\/ul>\n<h3 class=\"fusion-responsive-typography-calculated\" style=\"--fontsize: 20; line-height: 1.5; --minfontsize: 20;\" data-fontsize=\"20\" data-lineheight=\"30px\"><span style=\"color: var(--awb-color5);\">Kokoproteesit<\/span><\/h3>\n<p>Hampaiden korvaamiseksi t\u00e4ysin hampaattomassa suussa. K\u00e4yt\u00f6ss\u00e4 on erilaisia muovityyppej\u00e4 (akryyli, deflex, evolon). Mahdollista asentaa pehme\u00e4n vuorauspohjan p\u00e4\u00e4lle.<\/p>\n<\/div><div class=\"fusion-text fusion-text-4\"><p style=\"--fontsize: 28; line-height: 1.5;\"><span style=\"color: var(--awb-color5); font-size: 28px;\" data-fusion-font=\"true\">3. Yhdistelm\u00e4proteesit<\/span><\/p>\n<p>T\u00e4ss\u00e4 proteesityypiss\u00e4 on yhdistetty kiinte\u00e4 ja irrotettava proteesi. Proteesityyppien yhdist\u00e4minen antaa irrotettaville proteeseille luotettavamman pysyvyyden.<\/p>\n<ul>\n<li><b>Lukittava proteesi<\/b> &#8211; potilaan hampaisiin kiinnitet\u00e4\u00e4n kruunut, joihin on asennettu kiinnityselementit, eli koukut. Puuttuvat hampaat korvataan poistettavilla proteeseilla, jotka kiinnitet\u00e4\u00e4n koukkuihin.<\/li>\n<li><b>Juurilukkoihin kiinnittyv\u00e4 proteesi <\/b>&#8211; kun potilaalla on v\u00e4h\u00e4n omia hampaita, mutta olemassa olevien hampaiden juurikanavat on hoidettu kunnolla. Potilaan omien hampaiden juurikanaviin kiinnitet\u00e4\u00e4n erityiset kiinnityselementit, eli juurikoukut, ja irrotettava proteesi kiinnitet\u00e4\u00e4n koukkujen avulla.<\/li>\n<li><b>Teleskooppiproteesi<\/b> \u2013 olemassa oleviin hampaisiin kiinnitet\u00e4\u00e4n erityisen muotoinen metallinen alusta, eli primaarikruunu. Irrotettavassa proteesiosassa sijaitsevat sekundaarikruunut ja kiinnitys tapahtuvat primaari- ja sekundaarikruunujen v\u00e4list\u00e4 kitkavoimaa k\u00e4ytt\u00e4en.<\/li>\n<\/ul>\n<\/div><\/div><\/div><\/div><\/div><div class=\"fusion-fullwidth fullwidth-box fusion-builder-row-4 fusion-flex-container has-pattern-background has-mask-background nonhundred-percent-fullwidth non-hundred-percent-height-scrolling\" style=\"--awb-border-radius-top-left:0px;--awb-border-radius-top-right:0px;--awb-border-radius-bottom-right:0px;--awb-border-radius-bottom-left:0px;--awb-flex-wrap:wrap;\" ><div class=\"fusion-builder-row fusion-row fusion-flex-align-items-flex-start fusion-flex-content-wrap\" style=\"max-width:1248px;margin-left: calc(-4% \/ 2 );margin-right: calc(-4% \/ 2 );\"><div class=\"fusion-layout-column fusion_builder_column fusion-builder-column-4 fusion_builder_column_3_5 3_5 fusion-flex-column\" style=\"--awb-bg-size:cover;--awb-width-large:60%;--awb-margin-top-large:0px;--awb-spacing-right-large:3.2%;--awb-margin-bottom-large:20px;--awb-spacing-left-large:3.2%;--awb-width-medium:100%;--awb-order-medium:0;--awb-spacing-right-medium:1.92%;--awb-spacing-left-medium:1.92%;--awb-width-small:100%;--awb-order-small:0;--awb-spacing-right-small:1.92%;--awb-spacing-left-small:1.92%;\"><div class=\"fusion-column-wrapper fusion-column-has-shadow fusion-flex-justify-content-flex-start fusion-content-layout-column\"><div class=\"fusion-text fusion-text-5\"><p style=\"--fontsize: 28; line-height: 1.5;\"><span style=\"color: var(--awb-color5); font-size: 28px;\" data-fusion-font=\"true\">4. Keinojuureen kiinnitett\u00e4v\u00e4t proteesit<\/span><\/p>\n<p>K\u00e4yt\u00e4mme korkealaatuisia Ankylos-, Straumann- ja MegaGen-j\u00e4rjestelm\u00e4n implantteja.<\/p>\n<p>Implantteihin voi kiinnitt\u00e4\u00e4 sek\u00e4 yksitt\u00e4isi\u00e4 kruunua ett\u00e4 siltaproteeseja. On mahdollista palauttaa kokonaisia hammasrivej\u00e4. Implantin tukipylv\u00e4isiin voidaan kiinnitt\u00e4\u00e4 my\u00f6s irrotettavia proteeseja. On suositeltavaa k\u00e4ytt\u00e4\u00e4 implantteja yksitt\u00e4isien hampaiden korvaamiseksi, jotta v\u00e4ltet\u00e4\u00e4n viereisten hampaiden hioutuminen. Implantit ovat hyv\u00e4 ratkaisu huonosti pysyvien kokoproteesien pysyvyyden parantamiseksi. T\u00e4ll\u00f6in on kyse yhdistelm\u00e4proteeseista, jotka kiinnittyv\u00e4t koukuilla implantteihin. Kyseinen hoitotapa antaa potilaalle suuremman mukavuuden ja varmuuden tunteen sek\u00e4 parantaa olennaisesti el\u00e4m\u00e4nlaatua.<\/p>\n<\/div><\/div><\/div><div class=\"fusion-layout-column fusion_builder_column fusion-builder-column-5 fusion_builder_column_2_5 2_5 fusion-flex-column\" style=\"--awb-bg-size:cover;--awb-width-large:40%;--awb-margin-top-large:94.95830000000001px;--awb-spacing-right-large:4.8%;--awb-margin-bottom-large:20px;--awb-spacing-left-large:4.8%;--awb-width-medium:100%;--awb-order-medium:0;--awb-spacing-right-medium:1.92%;--awb-spacing-left-medium:1.92%;--awb-width-small:100%;--awb-order-small:0;--awb-spacing-right-small:1.92%;--awb-spacing-left-small:1.92%;\"><div class=\"fusion-column-wrapper fusion-column-has-shadow fusion-flex-justify-content-flex-start fusion-content-layout-column\"><div class=\"fusion-image-element \" style=\"--awb-caption-title-font-family:var(--h2_typography-font-family);--awb-caption-title-font-weight:var(--h2_typography-font-weight);--awb-caption-title-font-style:var(--h2_typography-font-style);--awb-caption-title-size:var(--h2_typography-font-size);--awb-caption-title-transform:var(--h2_typography-text-transform);--awb-caption-title-line-height:var(--h2_typography-line-height);--awb-caption-title-letter-spacing:var(--h2_typography-letter-spacing);\"><span class=\" fusion-imageframe imageframe-none imageframe-2 hover-type-none\"><img decoding=\"async\" width=\"792\" height=\"420\" title=\"proth\u00e8se_transvis\u00e9e\" src=\"https:\/\/www.maxilla.ee\/wp-content\/uploads\/2018\/05\/proth\u00e8se_transvis\u00e9e.png\" alt class=\"img-responsive wp-image-9081\" srcset=\"https:\/\/www.maxilla.ee\/wp-content\/uploads\/2018\/05\/proth\u00e8se_transvis\u00e9e-300x159.png 300w, https:\/\/www.maxilla.ee\/wp-content\/uploads\/2018\/05\/proth\u00e8se_transvis\u00e9e-768x407.png 768w, https:\/\/www.maxilla.ee\/wp-content\/uploads\/2018\/05\/proth\u00e8se_transvis\u00e9e.png 792w\" sizes=\"(max-width: 792px) 100vw, 792px\" \/><\/span><\/div><\/div><\/div><\/div><\/div><div class=\"fusion-fullwidth fullwidth-box fusion-builder-row-5 fusion-flex-container has-pattern-background has-mask-background nonhundred-percent-fullwidth non-hundred-percent-height-scrolling\" style=\"--awb-border-radius-top-left:0px;--awb-border-radius-top-right:0px;--awb-border-radius-bottom-right:0px;--awb-border-radius-bottom-left:0px;--awb-flex-wrap:wrap;\" ><div class=\"fusion-builder-row fusion-row fusion-flex-align-items-flex-start fusion-flex-content-wrap\" style=\"max-width:1248px;margin-left: calc(-4% \/ 2 );margin-right: calc(-4% \/ 2 );\"><div class=\"fusion-layout-column fusion_builder_column fusion-builder-column-6 fusion_builder_column_1_1 1_1 fusion-flex-column\" style=\"--awb-bg-size:cover;--awb-width-large:100%;--awb-margin-top-large:0px;--awb-spacing-right-large:1.92%;--awb-margin-bottom-large:20px;--awb-spacing-left-large:1.92%;--awb-width-medium:100%;--awb-order-medium:0;--awb-spacing-right-medium:1.92%;--awb-spacing-left-medium:1.92%;--awb-width-small:100%;--awb-order-small:0;--awb-spacing-right-small:1.92%;--awb-spacing-left-small:1.92%;\"><div class=\"fusion-column-wrapper fusion-column-has-shadow fusion-flex-justify-content-flex-start fusion-content-layout-column\"><div class=\"fusion-text fusion-text-6\"><h2 style=\"text-align: left;\"><a href=\"https:\/\/patsient.maxilla.ee\/fi\/booking\/portal\/index\">Varaa konsultaatiosi t\u00e4\u00e4lt\u00e4!<\/a><\/h2>\n<\/div><\/div><\/div><\/div><\/div><\/p>\n","protected":false},"excerpt":{"rendered":"","protected":false},"author":9,"featured_media":0,"parent":9035,"menu_order":0,"comment_status":"closed","ping_status":"closed","template":"","meta":{"footnotes":""},"class_list":["post-10026","page","type-page","status-publish","hentry"],"_links":{"self":[{"href":"https:\/\/www.maxilla.ee\/fi\/wp-json\/wp\/v2\/pages\/10026","targetHints":{"allow":["GET"]}}],"collection":[{"href":"https:\/\/www.maxilla.ee\/fi\/wp-json\/wp\/v2\/pages"}],"about":[{"href":"https:\/\/www.maxilla.ee\/fi\/wp-json\/wp\/v2\/types\/page"}],"author":[{"embeddable":true,"href":"https:\/\/www.maxilla.ee\/fi\/wp-json\/wp\/v2\/users\/9"}],"replies":[{"embeddable":true,"href":"https:\/\/www.maxilla.ee\/fi\/wp-json\/wp\/v2\/comments?post=10026"}],"version-history":[{"count":10,"href":"https:\/\/www.maxilla.ee\/fi\/wp-json\/wp\/v2\/pages\/10026\/revisions"}],"predecessor-version":[{"id":17379,"href":"https:\/\/www.maxilla.ee\/fi\/wp-json\/wp\/v2\/pages\/10026\/revisions\/17379"}],"up":[{"embeddable":true,"href":"https:\/\/www.maxilla.ee\/fi\/wp-json\/wp\/v2\/pages\/9035"}],"wp:attachment":[{"href":"https:\/\/www.maxilla.ee\/fi\/wp-json\/wp\/v2\/media?parent=10026"}],"curies":[{"name":"wp","href":"https:\/\/api.w.org\/{rel}","templated":true}]}}